

{"id":999,"date":"2012-04-12T10:50:03","date_gmt":"2012-04-12T09:50:03","guid":{"rendered":"http:\/\/satinfo.es\/web-wp\/?page_id=999"},"modified":"2012-04-13T13:02:47","modified_gmt":"2012-04-13T12:02:47","slug":"mcafee-entra-en-la-proteccion-de-la-domotica","status":"publish","type":"page","link":"https:\/\/satinfo.es\/web-wp\/index.php\/mcafee-entra-en-la-proteccion-de-la-domotica\/","title":{"rendered":"McAfee entra en la protecci\u00f3n de la dom\u00f3tica"},"content":{"rendered":"<h2 style=\"text-align: justify;\">McAfee entra en la protecci\u00f3n de la dom\u00f3tica (Expansi\u00f3n, 21 mar 12)<\/h2>\n<p style=\"text-align: justify;\"><span style=\"color: #000000;\">Madrid, 21 mar (EFECOM).- La multinacional de seguridad McAfee ha advertido hoy del cambio de los ataques inform\u00e1ticos hacia los dispositivos conectados como los autom\u00f3viles, los sistemas sanitarios o la dom\u00f3tica y ha se\u00f1alado que ya ha desarrollado sistemas de protecci\u00f3n para este tipo de dispositivos.<\/span><\/p>\n<p style=\"text-align: justify;\"><span style=\"color: #000000;\">El nuevo director general de McAfee para Espa\u00f1a y Portugal, Jes\u00fas S\u00e1nchez-Aguilera, present\u00f3 hoy la estrategia de esta multinacional para este a\u00f1o despu\u00e9s de su fusi\u00f3n con Intel que ha permitido desarrollar la seguridad desde el chip de los dispositivos.<\/span><\/p>\n<p style=\"text-align: justify;\"><span style=\"color: #000000;\">S\u00e1nchez-Aguilera ha advertido que el desarrollo tecnol\u00f3gico est\u00e1 ampliando el mundo de los dispositivos m\u00f3viles y conectados y la necesidad de su protecci\u00f3n, as\u00ed como la de atender las \u00faltimas amenazas relacionadas con las infraestructuras cr\u00edticas como agua, gas y electricidad.<\/span><\/p>\n<p style=\"text-align: justify;\"><span style=\"color: #000000;\">Se ha referido a la evoluci\u00f3n de los ataques inform\u00e1ticos y como en la actualidad pueden alterar el medio f\u00edsico y como la compra de McAfee por Intel ofrece nuevas posibilidades de protecci\u00f3n.<\/span><\/p>\n<p style=\"text-align: justify;\"><span style=\"color: #000000;\">Ha explicado que las amenazas cada vez afectan menos a los sistemas operativos y se centran en las capas m\u00e1s profundas por lo que hay que ofrecer nuevas soluciones.<\/span><\/p>\n<p style=\"text-align: justify;\"><span style=\"color: #000000;\">El principal activo de McAfee, ha dicho, es el conocimiento derivado de los a\u00f1os de experiencia para desarrollar soluciones que funcionan en entornos globales.<\/span><\/p>\n<p style=\"text-align: justify;\"><span style=\"color: #000000;\">Ha se\u00f1alado que McAfee e Intel no constituyen sistemas de seguridad cerrados sino que tienen acuerdos con cien empresas.<\/span><\/p>\n<p style=\"text-align: justify;\"><span style=\"color: #000000;\">S\u00e1nchez-Aguilera ha se\u00f1alado las nuevas posibilidades que ofrece Intel al poder ofrecer seguridad desde el chip con posibilidades de activaciones de funcionalidades del dispositivos incluso cuando est\u00e1 apagado, cifrado, recuperaci\u00f3n o antirrobo.<\/span><\/p>\n<p style=\"text-align: justify;\"><span style=\"color: #000000;\">En el encuentro McAfee present\u00f3 su nuevo software dirigido a las empresas el McAfee Enterprise Mobility Manegemnt 10.0 que incluye seguridad incluso cuando el empleado utiliza sus dispositivos para trabajar. EFECOM<\/span><\/p>\n","protected":false},"excerpt":{"rendered":"<p>McAfee entra en la protecci\u00f3n de la dom\u00f3tica (Expansi\u00f3n, 21 mar 12) Madrid, 21 mar (EFECOM).- La multinacional de seguridad McAfee ha advertido hoy del cambio de los ataques inform\u00e1ticos hacia los dispositivos conectados como los autom\u00f3viles, los sistemas sanitarios o la dom\u00f3tica y ha se\u00f1alado que ya ha desarrollado sistemas de protecci\u00f3n para este&nbsp;<a href=\"https:\/\/satinfo.es\/web-wp\/index.php\/mcafee-entra-en-la-proteccion-de-la-domotica\/\" class=\"read-more\">Continue Reading<\/a><\/p>\n","protected":false},"author":41,"featured_media":0,"parent":0,"menu_order":0,"comment_status":"closed","ping_status":"open","template":"page-fullwidth.php","meta":{"_monsterinsights_skip_tracking":false,"_monsterinsights_sitenote_active":false,"_monsterinsights_sitenote_note":"","_monsterinsights_sitenote_category":0,"footnotes":""},"class_list":["post-999","page","type-page","status-publish","hentry"],"aioseo_notices":[],"_links":{"self":[{"href":"https:\/\/satinfo.es\/web-wp\/index.php\/wp-json\/wp\/v2\/pages\/999","targetHints":{"allow":["GET"]}}],"collection":[{"href":"https:\/\/satinfo.es\/web-wp\/index.php\/wp-json\/wp\/v2\/pages"}],"about":[{"href":"https:\/\/satinfo.es\/web-wp\/index.php\/wp-json\/wp\/v2\/types\/page"}],"author":[{"embeddable":true,"href":"https:\/\/satinfo.es\/web-wp\/index.php\/wp-json\/wp\/v2\/users\/41"}],"replies":[{"embeddable":true,"href":"https:\/\/satinfo.es\/web-wp\/index.php\/wp-json\/wp\/v2\/comments?post=999"}],"version-history":[{"count":0,"href":"https:\/\/satinfo.es\/web-wp\/index.php\/wp-json\/wp\/v2\/pages\/999\/revisions"}],"wp:attachment":[{"href":"https:\/\/satinfo.es\/web-wp\/index.php\/wp-json\/wp\/v2\/media?parent=999"}],"curies":[{"name":"wp","href":"https:\/\/api.w.org\/{rel}","templated":true}]}}