

{"id":984,"date":"2012-04-11T17:10:56","date_gmt":"2012-04-11T16:10:56","guid":{"rendered":"http:\/\/satinfo.es\/web-wp\/?page_id=984"},"modified":"2012-04-13T12:47:02","modified_gmt":"2012-04-13T11:47:02","slug":"984-2","status":"publish","type":"page","link":"https:\/\/satinfo.es\/web-wp\/index.php\/984-2\/","title":{"rendered":"Nueva versi\u00f3n de ELIPEN  v 1.7"},"content":{"rendered":"<h2 style=\"text-align: justify;\">Nueva versi\u00f3n de ELIPEN v 1.7<\/h2>\n<p style=\"text-align: justify;\"><span style=\"font-family: Arial; color: #000000;\">Debido a que la progresi\u00f3n de virus para dispositivos de almacenamiento USB va en aumento y que cada vez m\u00e1s se utilizan tarjetas de memorias para almacenar informaci\u00f3n como datos, m\u00fasica, fotograf\u00edas, v\u00eddeo, etc., y estos se van pasando de un PC a otro sin conocimiento de si est\u00e1n infectados o no, hemos creado una nueva versi\u00f3n de ELIPEN con la que detectar todas las unidades l\u00f3gicas e impedir que se ejecuten desde ellas los ficheros AUTORUN.INF<\/span><\/p>\n<p style=\"text-align: justify;\"><span style=\"font-family: Arial; color: #000000;\">Con la versi\u00f3n anterior del ELIPEN vacun\u00e1bamos las unidades que se seleccionaban creando una carpeta AUTORUN.INF. Esta carpeta imped\u00eda la creaci\u00f3n en dichas unidades ficheros con el mismo nombre. Actualmente algunos antivirus la detectan y eliminan (sin ser virus ni programa potencialmente peligroso), debido a esto, en la nueva versi\u00f3n de ELIPEN hemos cambiado el tipo de carpeta que creamos con dicho proceso, impidiendo que esta sea borrada f\u00e1cilmente.<\/span><\/p>\n<p style=\"text-align: justify;\"><span style=\"font-family: Arial; color: #000000;\">Recomendamos volver a pasar esta nueva versi\u00f3n a ordenadores y unidades extraibles, para garantizar la protecci\u00f3n m\u00e1xima frente a las \u00faltimas novedades conocidas de tecnolog\u00eda al respecto, caracter\u00edsticas de antivirus y virus de los que protegernos.<\/span><\/p>\n<p style=\"text-align: justify;\"><span style=\"color: #000000;\"><strong style=\"font-family: Arial;\">Pasos a seguir<\/strong><\/span><\/p>\n<p style=\"text-align: justify;\"><span style=\"color: #000000;\"><span style=\"font-family: Arial;\">Al lanzar la nueva utilidad presentar\u00e1 la una pantalla. D<\/span><span style=\"font-family: Arial;\">onde pide la unidad que se quiere proteger, por defecto es la unidad C:, tambi\u00e9n tiene activada por defecto la opci\u00f3n de \u201cAnular Ejecuci\u00f3n AutoRun (excepto Unidades CD ROM)\u201d, si desactivamos dicha opci\u00f3n, al pulsar \u201cSalir\u201cno mostrar\u00e1 la pantalla para seleccionar las unidades en las cuales se quiere anular la carga del AUTORUN<\/span><\/span><\/p>\n<p style=\"text-align: justify;\"><span style=\"font-family: Arial; color: #000000;\">Nota: si se procesan unidades ya protegidas con la versi\u00f3n anterior, aunque exista la carpeta de protecci\u00f3n, proteger\u00e1 esta con el nuevo m\u00e9todo.<\/span><\/p>\n<p style=\"text-align: justify;\"><span style=\"font-family: Arial; color: #000000;\">Deber\u00e1 seleccionarse la unidad que se quiere proteger y presionar sobre el bot\u00f3n \u201cProcesar\u201d y as\u00ed sucesivamente con el resto de unidades.<\/span><\/p>\n<p style=\"text-align: justify;\"><span style=\"font-family: Arial; color: #000000;\">Una vez protegidas las unidades deseadas, si tenemos seleccionada la casilla \u201cAnular Ejecuci\u00f3n AutoRun (excepto Unidades CD ROM)\u201d al pulsar \u201cSalir\u201d pueden darse dos situaciones:<\/span><\/p>\n<ul style=\"text-align: justify;\">\n<li><span style=\"color: #000000;\">Si es la primera vez que se ejecuta ELIPEN, se ver\u00e1n marcadas todas las unidades excepto las de dispositivos de CD o DVD, si se quiere evitar la ejecuci\u00f3n autom\u00e1tica del AUTORUN.INF pulsamos el bot\u00f3n \u201cAceptar\u201d y quedar\u00e1 desactivada dicha funci\u00f3n. S<span style=\"font-family: Arial;\">i deseamos desactivar la autoejecuci\u00f3n del AUTORUN tambi\u00e9n de las unidades de CD o DVD, seleccionaremos tambi\u00e9n dichas unidades. En nuestro ejemplo seria la unidad D: y G:<br \/>\n<\/span><\/span><\/li>\n<li><span style=\"font-family: Arial; color: #000000;\">Si nuestro sistema ya estuviera protegido con versiones anteriores, se ver\u00e1n desmarcadas todas las que no estaban antes protegidas. Proceder entonces a pulsar \u201cReset\u201d y seleccionar\u00e1 autom\u00e1ticamente todas las unidades excepto las de CD o DVD, que si las queremos proteger las tendremos que seleccionar manualmente.<\/span><\/li>\n<\/ul>\n<p style=\"text-align: justify;\"><span style=\"font-family: Arial; color: #000000;\">Una vez seleccionadas todas las unidades deseadas, pulsar el bot\u00f3n \u201cAceptar\u201d, para que esta configuraci\u00f3n sea aplicada.<\/span><\/p>\n<p style=\"text-align: justify;\"><span style=\"font-family: Arial; color: #000000;\">Para visualizar qu\u00e9 unidades est\u00e1n vacunadas, volver a ejecutar ELIPEN y presionar el bot\u00f3n \u201cSalir\u201d<\/span><\/p>\n<p style=\"text-align: justify;\"><span style=\"font-family: Arial; color: #000000;\"><strong><span style=\"font-size: small;\">Desactivar la protecci\u00f3n del inicio autom\u00e1tico del AUTORUN<\/span><\/strong><\/span><\/p>\n<p style=\"text-align: justify;\"><span style=\"font-family: Arial; color: #000000;\">Si se quisiera permitir la autoejecuci\u00f3n del AUTORUN.INF en alguna unidad en especial que en su momento se protegi\u00f3, ejecutar ELIPEN, pulsar en el bot\u00f3n \u201cSalir\u201d desmarcar la casilla de dicha unidad, y seguidamente \u201cAceptar\u201d<\/span><\/p>\n<p style=\"text-align: justify;\"><span style=\"font-family: Arial; color: #000000;\">Si lo que se quiere es desactivar dicha protecci\u00f3n y restaurar los valores iniciales de Windows al respecto, ejecutar ELIPEN y desmarcar la casilla \u201cAnular Ejecuci\u00f3n AutoRun (excepto Unidades CD ROM)\u201d seguidamente pulsar SALIR<\/span><\/p>\n<p style=\"text-align: justify;\"><span style=\"font-family: Arial; color: #000000;\">La utilidad ELIPEN no funciona completamente en Windows 9x, se puede desactivar el inicio autom\u00e1tico del AUTORUN de las unidades deseadas, pero no se pueden inmunizar con la creaci\u00f3n de la carpeta protegida, aunque un dispositivo USB inmunizado en un sistema con tecnolog\u00eda NT seguir\u00e1 igual de protegido en Windows 9x.<\/span><\/p>\n<p style=\"text-align: justify;\"><span style=\"color: #000000;\">\u00a0<a style=\"font-family: Arial;\" href=\"http:\/\/www.satinfo.es\/db\/antivirus\/utilitats\/elipen.exe\"><span style=\"color: #000000;\">Pulse aqu\u00ed para descargar el <strong>ELIPEN<\/strong><\/span><\/a><\/span><\/p>\n<p style=\"text-align: justify;\"><span style=\"color: #000000;\"><strong style=\"font-family: Arial;\">SATINFO, SERVICIO DE ASISTENCIA T\u00c9CNICA INFORMATICA 30 de Abril de 2008<\/strong><\/span><\/p>\n","protected":false},"excerpt":{"rendered":"<p>Nueva versi\u00f3n de ELIPEN v 1.7 Debido a que la progresi\u00f3n de virus para dispositivos de almacenamiento USB va en aumento y que cada vez m\u00e1s se utilizan tarjetas de memorias para almacenar informaci\u00f3n como datos, m\u00fasica, fotograf\u00edas, v\u00eddeo, etc., y estos se van pasando de un PC a otro sin conocimiento de si est\u00e1n&nbsp;<a href=\"https:\/\/satinfo.es\/web-wp\/index.php\/984-2\/\" class=\"read-more\">Continue Reading<\/a><\/p>\n","protected":false},"author":41,"featured_media":0,"parent":0,"menu_order":0,"comment_status":"closed","ping_status":"open","template":"page-fullwidth.php","meta":{"_monsterinsights_skip_tracking":false,"_monsterinsights_sitenote_active":false,"_monsterinsights_sitenote_note":"","_monsterinsights_sitenote_category":0,"footnotes":""},"class_list":["post-984","page","type-page","status-publish","hentry"],"aioseo_notices":[],"_links":{"self":[{"href":"https:\/\/satinfo.es\/web-wp\/index.php\/wp-json\/wp\/v2\/pages\/984","targetHints":{"allow":["GET"]}}],"collection":[{"href":"https:\/\/satinfo.es\/web-wp\/index.php\/wp-json\/wp\/v2\/pages"}],"about":[{"href":"https:\/\/satinfo.es\/web-wp\/index.php\/wp-json\/wp\/v2\/types\/page"}],"author":[{"embeddable":true,"href":"https:\/\/satinfo.es\/web-wp\/index.php\/wp-json\/wp\/v2\/users\/41"}],"replies":[{"embeddable":true,"href":"https:\/\/satinfo.es\/web-wp\/index.php\/wp-json\/wp\/v2\/comments?post=984"}],"version-history":[{"count":0,"href":"https:\/\/satinfo.es\/web-wp\/index.php\/wp-json\/wp\/v2\/pages\/984\/revisions"}],"wp:attachment":[{"href":"https:\/\/satinfo.es\/web-wp\/index.php\/wp-json\/wp\/v2\/media?parent=984"}],"curies":[{"name":"wp","href":"https:\/\/api.w.org\/{rel}","templated":true}]}}