

{"id":9750,"date":"2019-01-02T12:19:49","date_gmt":"2019-01-02T11:19:49","guid":{"rendered":"https:\/\/satinfo.es\/web-wp\/?page_id=9750"},"modified":"2023-04-20T09:23:18","modified_gmt":"2023-04-20T08:23:18","slug":"perceptionpoint","status":"publish","type":"page","link":"https:\/\/satinfo.es\/web-wp\/index.php\/productos-2\/perceptionpoint\/","title":{"rendered":"PERCEPTION POINT"},"content":{"rendered":"<div class=\"one_third \"><h1>NUESTROS PRODUCTOS<\/h1>\n<dl class=\"services\">\n<dt><a class=\"azul\" href=\"..\/mcafee\">McAfee\/Trellix\/Skyhigh<\/a><\/dt>\n<dd><span style=\"color: #000000;\">Software antivirus y soluciones perimetrales<\/span><br \/>\n<a class=\"link_productos\" href=\"..\/mcafee\">Leer m\u00e1s<\/a><\/dd>\n<dt><a class=\"azul\" href=\"https:\/\/satinfo.es\/web-wp\/index.php\/productos-2\/hornetsecurity\/\">Hornetsecurity<\/a><\/dt>\n<dd><span style=\"color: #000000;\">Proteja su mail de correo basura y de virus<\/span><br \/>\n<a class=\"link_productos\" href=\"https:\/\/satinfo.es\/web-wp\/index.php\/productos-2\/hornetsecurity\/\/\">Leer m\u00e1s<\/a><\/dd>\n<dt><a class=\"azul\" href=\"https:\/\/satinfo.es\/web-wp\/index.php\/productos-2\/kaspersky\/?preview=true\">KASPERSKY<\/a><\/dt>\n<dd><span style=\"color: #000000;\">Sistemas de protecci\u00f3n contra virus, spam y ataques de hackers<\/span><br \/>\n<a class=\"link_productos\" href=\"https:\/\/satinfo.es\/web-wp\/index.php\/productos-2\/kaspersky\/?preview=true\">Leer m\u00e1s<\/a><\/dd>\n<dt><a class=\"azul\" href=\"https:\/\/satinfo.es\/web-wp\/index.php\/productos-2\/cynet\/\">CYNET<\/a><\/dt>\n<dd><span style=\"color: #000000;\">Ciberseguridad de nueva generaci\u00f3n<\/span><br \/>\n<a class=\"link_productos\" href=\"https:\/\/satinfo.es\/web-wp\/index.php\/productos-2\/cynet\/\">Leer m\u00e1s<\/a><\/dd>\n<dt><a class=\"azul\" href=\"https:\/\/satinfo.es\/web-wp\/index.php\/productos-2\/guardion\/?preview=true\">CENTRIBAL<\/a><\/dt>\n<dd><span style=\"color: #000000;\">Especialista en recuperaci\u00f3n de datos<\/span><br \/>\n<a class=\"link_productos\" href=\"https:\/\/satinfo.es\/web-wp\/index.php\/productos-2\/guardion\/?preview=true\">Leer m\u00e1s<\/a><\/dd>\n<\/dl>\n<dl class=\"services\">\n<dt><a class=\"azul\" href=\"https:\/\/satinfo.es\/web-wp\/index.php\/productos-2\/\">Cat\u00e1logo de productos<\/a><\/dt>\n<dt><a class=\"azul\" href=\"https:\/\/satinfo.es\/web-wp\/index.php\/solicitar-presupuesto\/\">Solicitar presupuesto<\/a><\/dt>\n<\/dl><\/div> <div class=\"two_third last\"><h1>PERCEPTION POINT<\/h1>\n<h6>Asegura, controla y gestiona la red de tu negocio f\u00e1cilmente<\/h6>\n<p><span style=\"color: #000000;\"><a href=\"https:\/\/satinfo.es\/web-wp\/wp-content\/uploads\/2023\/04\/OIP.jpg\"><img loading=\"lazy\" decoding=\"async\" class=\"wp-image-13354 alignleft\" src=\"https:\/\/satinfo.es\/web-wp\/wp-content\/uploads\/2023\/04\/OIP-300x115.jpg\" alt=\"\" width=\"222\" height=\"85\" srcset=\"https:\/\/satinfo.es\/web-wp\/wp-content\/uploads\/2023\/04\/OIP-300x115.jpg 300w, https:\/\/satinfo.es\/web-wp\/wp-content\/uploads\/2023\/04\/OIP.jpg 474w\" sizes=\"auto, (max-width: 222px) 100vw, 222px\" \/> <\/a>Si Vd. es distribuidor de inform\u00e1tica, puede tener acceso a la <strong>ZONA DE DISTRIBUIDORES<\/strong>. <\/span><span style=\"color: #000000;\">Debe solicitarlo enviando un mail a: comercial@satinfo.es<\/span><\/p>\n<p>&nbsp;<\/p>\n<p><span style=\"color: #000000;\">Perception Point es una empresa israel\u00ed de ciberseguridad l\u00edder en la prevenci\u00f3n avanzada de amenazas en todos los canales digitales. Es una compa\u00f1\u00eda <\/span><span style=\"color: #000000;\">de \u00abPrevention-as-a-Service\u00bb para la detecci\u00f3n, el aislamiento y la reparaci\u00f3n Next-Gen m\u00e1s r\u00e1pida y precisa de todas las amenazas provenientes de los principales vectores de ataque de una organizaci\u00f3n:<\/span><\/p>\n<p><span style=\"color: #000000;\">-Correo electr\u00f3nico<\/span><br \/>\n<span style=\"color: #000000;\">-Navegadores web<\/span><br \/>\n<span style=\"color: #000000;\">-Aplicaciones de colaboraci\u00f3n en la nube<\/span><\/p>\n<p><span style=\"color: #000000;\">La soluci\u00f3n integra de forma nativa el servicio de respuesta a incidentes completamente administrado y act\u00faa como un multiplicador de fuerza para el equipo SOC. De esta manera, reduce los gastos generales de administraci\u00f3n, mejora la experiencia del usuario y brinda informaci\u00f3n continua. Ofrece as\u00ed, la mejor protecci\u00f3n comprobada para todas las organizaciones. As\u00edmismo, implementa en minutos, sin cambios en la infraestructura de la empresa, el servicio patentado, nativo de la nube y f\u00e1cil de usar; reemplaza los engorrosos sistemas heredados para evitar de forma efectiva el phishing, BEC, spam, malware, zero-day, ATO y otros ataques avanzados antes de que lleguen a los usuarios finales.<\/span><\/p>\n<p><span style=\"color: #000000;\">Las empresas y organizaciones de la lista Fortune 500 de todo el mundo est\u00e1n evitando ataques a trav\u00e9s de su correo electr\u00f3nico, navegadores web y canales de colaboraci\u00f3n en la nube gracias a Perception Point. Sus soluciones tienen reconocimiento internacional en pa\u00edses como Estados Unidos o Israel, y est\u00e1n validadas por los principales analistas como Gartner o SE Labs.<\/span><\/p>\n<p>&nbsp;<\/p>\n<p><span style=\"color: #ff6600;\">*Echa un vistazo al folleto de Perception Point: <a style=\"color: #ff6600;\" href=\"https:\/\/satinfo.es\/web-wp\/wp-content\/uploads\/2023\/04\/Folleto-comercial-Spanish-1.pdf\" target=\"_blank\" rel=\"noopener\">Folleto comercial<\/a><\/span><\/p>\n<p><span style=\"color: #ff6600;\">*Aqu\u00ed puedes consultar m\u00e1s informaci\u00f3n: <a style=\"color: #ff6600;\" href=\"https:\/\/satinfo.es\/web-wp\/wp-content\/uploads\/2023\/04\/Diferenciadores-clave-de-Perception-Point-1.pdf\" target=\"_blank\" rel=\"noopener\">Diferenciadores Perception Point<\/a><\/span><\/p>\n<p><span style=\"color: #000000;\"><strong>M\u00e1s informaci\u00f3n en la zona de distribuidores<\/strong><\/span><\/p><\/div><div class=\"clear\"><\/div>\n","protected":false},"excerpt":{"rendered":"","protected":false},"author":41,"featured_media":0,"parent":118,"menu_order":0,"comment_status":"closed","ping_status":"closed","template":"page-fullwidth.php","meta":{"_monsterinsights_skip_tracking":false,"_monsterinsights_sitenote_active":false,"_monsterinsights_sitenote_note":"","_monsterinsights_sitenote_category":0,"footnotes":""},"class_list":["post-9750","page","type-page","status-publish","hentry"],"aioseo_notices":[],"_links":{"self":[{"href":"https:\/\/satinfo.es\/web-wp\/index.php\/wp-json\/wp\/v2\/pages\/9750","targetHints":{"allow":["GET"]}}],"collection":[{"href":"https:\/\/satinfo.es\/web-wp\/index.php\/wp-json\/wp\/v2\/pages"}],"about":[{"href":"https:\/\/satinfo.es\/web-wp\/index.php\/wp-json\/wp\/v2\/types\/page"}],"author":[{"embeddable":true,"href":"https:\/\/satinfo.es\/web-wp\/index.php\/wp-json\/wp\/v2\/users\/41"}],"replies":[{"embeddable":true,"href":"https:\/\/satinfo.es\/web-wp\/index.php\/wp-json\/wp\/v2\/comments?post=9750"}],"version-history":[{"count":0,"href":"https:\/\/satinfo.es\/web-wp\/index.php\/wp-json\/wp\/v2\/pages\/9750\/revisions"}],"up":[{"embeddable":true,"href":"https:\/\/satinfo.es\/web-wp\/index.php\/wp-json\/wp\/v2\/pages\/118"}],"wp:attachment":[{"href":"https:\/\/satinfo.es\/web-wp\/index.php\/wp-json\/wp\/v2\/media?parent=9750"}],"curies":[{"name":"wp","href":"https:\/\/api.w.org\/{rel}","templated":true}]}}