

{"id":965,"date":"2012-04-11T12:53:13","date_gmt":"2012-04-11T11:53:13","guid":{"rendered":"http:\/\/satinfo.es\/web-wp\/?page_id=965"},"modified":"2012-04-13T12:42:48","modified_gmt":"2012-04-13T11:42:48","slug":"proliferacion-del-correo-basura-spam-y-como-combatirlo","status":"publish","type":"page","link":"https:\/\/satinfo.es\/web-wp\/index.php\/proliferacion-del-correo-basura-spam-y-como-combatirlo\/","title":{"rendered":"Proliferaci\u00f3n del correo basura (SPAM) y c\u00f3mo combatirlo"},"content":{"rendered":"<h2 style=\"text-align: justify;\">Proliferaci\u00f3n del correo basura (SPAM) y c\u00f3mo combatirlo<\/h2>\n<p style=\"text-align: justify;\"><span style=\"font-family: Arial; color: #000000;\">Al margen de los env\u00edos masivos de virus por correo electr\u00f3nico, que se propagan desde ordenadores y servidores de usuarios infectados, existe otro problema actual que utiliza tambi\u00e9n el correo electr\u00f3nico como medio: el Spam. <\/span><\/p>\n<p style=\"text-align: justify;\"><span style=\"color: #000000;\"><strong><span style=\"font-family: Arial;\">\u00bfQu\u00e9 es el Spam?<\/span><\/strong><\/span><\/p>\n<p style=\"text-align: justify;\"><span style=\"color: #000000;\"><span style=\"font-family: Arial;\">Se considera spam al env\u00edo indiscriminado de m\u00faltiples copias del mismo mensaje de <\/span><br \/>\n<span style=\"font-family: Arial;\">e-mail, hacia personas que no han solicitado recibirlo. La mayoria de spam es propaganda comercial, a menudo de productos dudosos, esquemas de <\/span><em style=\"font-family: Arial;\">h\u00e1gase rico r\u00e1pidamente<\/em><span style=\"font-family: Arial;\">, o servicios semi-legales. El coste del spam es muy peque\u00f1o para quien lo env\u00eda &#8212; la mayor\u00eda de costes los paga el destinatario o los intermediarios, en lugar del remitente. Los remitentes del spam se denominan <\/span><em style=\"font-family: Arial;\">spammers.<\/em> <\/span><\/p>\n<p style=\"text-align: justify;\"><span style=\"color: #000000;\"><strong style=\"font-family: Arial;\">\u00bfC\u00f3mo env\u00edan Spam los spammers?<\/strong><\/span><\/p>\n<p style=\"text-align: justify;\"><span style=\"font-family: Arial; color: #000000;\">Los spammers, suelen utilizar <em>open relays<\/em> para distribuir sus mensajes masivamente.<\/span><\/p>\n<p style=\"text-align: justify;\"><span style=\"font-family: Arial; color: #000000;\">Un <em>open relay<\/em> es un servidor de correo SMTP que permite a cualquiera utilizarlo para enviar correo electr\u00f3nico a otros destinos. Se puede comparar, por analog\u00eda, con una oficina de correos, ya que a la oficina de correos no le importa de donde proviene el mensaje, s\u00f3lo sabe donde debe entregarlo. Muchos servidores de correo SMTP no disponen de una protecci\u00f3n anti-relay, por lo que permiten ser utilizados de manera indiscriminada como instrumento para realizar spam.<\/span><\/p>\n<p style=\"text-align: justify;\"><span style=\"color: #000000;\"><strong style=\"font-family: Arial;\">\u00bfPorqu\u00e9 el Spam es malo para todos?<\/strong><\/span><\/p>\n<p style=\"text-align: justify;\"><span style=\"font-family: Arial; color: #000000;\">El Spam es la versi\u00f3n electr\u00f3nica del correo basura que recibimos en nuestros buzones de correo postal. Los contenidos de spam son casi siempre in\u00fatiles, y algunas veces incluso ofensivos o ilegales.<\/span><\/p>\n<p><span style=\"color: #000000;\">Se estima que el spam de correo electr\u00f3nico supone de entre el 25-50% de todos los mensajes de e-mail recibidos por las empresas a nivel mundial. Tres problemas principales que provoca el spam son la <em>P\u00e9rdida de Productividad<\/em>, debido a la cantidad de tiempo que pierden los usuarios leyendo estos mensajes no solicitados, los <em>Contenidos no solicitados, <\/em>que pueden resultar ofensivos para usuarios individuales o grupos de personas, y en tercer lugar el <em>Consumo de Recursos<\/em>, ya que los mensajes de spam consumen tambi\u00e9n ancho de banda de red, recursos que de otra manera ser\u00edan utilizados por actividades normales de e-mail.<\/span><\/p>\n<p style=\"text-align: justify;\"><span style=\"color: #000000;\"><strong><span style=\"font-family: Arial;\">\u00bfCu\u00e1l es la diferencia entre una lista de mailing y el spam?<\/span><\/strong><\/span><\/p>\n<p style=\"text-align: justify;\"><span style=\"color: #000000;\"><span style=\"font-family: Arial;\">Las listas de mailing se env\u00edan por empresas o organizaciones de confianza. En alg\u00fan momento el destinatario se ha subscrito para recibir mensajes y se le permite ser eliminado de la lista. Generalmente proporcionan informaci\u00f3n valiosa o relevante al destinatario. Por el contrario, el spam no presenta ninguna de estas cualidades. <\/span><br \/>\n<strong><\/strong><\/span><\/p>\n<p style=\"text-align: justify;\"><span style=\"color: #000000;\"><strong><span style=\"font-family: Arial;\">Soluciones para combatir el Spam<\/span><\/strong><\/span><\/p>\n<p style=\"text-align: justify;\"><span style=\"font-family: Arial; color: #000000;\">Para combatir la recepci\u00f3n de Spam, se dispone de diferentes soluciones que determinan de manera precisa si el mensaje recibido debe considerarse spam o no. Esto se consigue analizando el e-mail mediante tests, que contrastan el contenido del correo con centenares de reglas de patrones propios del Spam.<\/span><\/p>\n<p><span style=\"color: #000000;\">Disponemos de las siguientes soluciones anti-spam y anti-relay:<\/span><\/p>\n<ul>\n<li><span style=\"font-family: Arial; text-align: left; color: #000000;\">Soluci\u00f3n anti-spam para usuarios finales:<\/span><\/li>\n<li><span style=\"color: #000000;\"><strong style=\"font-family: Arial; text-align: left;\">McAfee Spamkiller<\/strong><\/span><\/li>\n<li><span style=\"font-family: Arial; text-align: left; color: #000000;\">Soluci\u00f3n para anti-spam, anti-relay y antivirus para pasarelas a Internet:<\/span><\/li>\n<li><span style=\"color: #000000;\"><strong style=\"font-family: Arial; text-align: left;\">WebShield appliance (e250, e500, e1000)<\/strong><\/span><\/li>\n<li><span style=\"font-family: Arial; text-align: left; color: #000000;\">Soluci\u00f3n anti-relay y antivirus para cualquier tr\u00e1fico SMTP:<\/span><\/li>\n<li><span style=\"color: #000000;\"><strong style=\"font-family: Arial; text-align: left;\">WebShield SMTP<\/strong><\/span><\/li>\n<li><span style=\"font-family: Arial; text-align: left; color: #000000;\">Soluci\u00f3n anti-spam para integrar en servidores de correo Exchange:<\/span><\/li>\n<li><span style=\"color: #000000;\"><strong style=\"font-family: Arial; text-align: left;\">Spamkiller para Microsoft Exchange<\/strong><\/span><\/li>\n<li><span style=\"font-family: Arial; text-align: left; color: #000000;\">Soluci\u00f3n anti-spam para integrar en servidores de correo Lotus Domino:<\/span><\/li>\n<li><span style=\"color: #000000;\"><strong style=\"font-family: Arial; text-align: left;\">Spamkiller para Lotus Domino <\/strong><span style=\"font-family: Arial; text-align: left;\">(<\/span><em style=\"font-family: Arial; text-align: left;\">disponible a finales de primer trimestre de 2004<\/em><span style=\"font-family: Arial; text-align: left;\">)<\/span><\/span><\/li>\n<\/ul>\n<p style=\"text-align: justify;\"><span style=\"color: #000000;\"><strong><span style=\"font-family: Arial;\">SATINFO<\/span><span style=\"font-family: Arial;\">, VIRUSCAN SPAIN SERVICE 21 de Noviembre de 2003<\/span><\/strong><\/span><\/p>\n","protected":false},"excerpt":{"rendered":"<p>Proliferaci\u00f3n del correo basura (SPAM) y c\u00f3mo combatirlo Al margen de los env\u00edos masivos de virus por correo electr\u00f3nico, que se propagan desde ordenadores y servidores de usuarios infectados, existe otro problema actual que utiliza tambi\u00e9n el correo electr\u00f3nico como medio: el Spam. \u00bfQu\u00e9 es el Spam? Se considera spam al env\u00edo indiscriminado de m\u00faltiples&nbsp;<a href=\"https:\/\/satinfo.es\/web-wp\/index.php\/proliferacion-del-correo-basura-spam-y-como-combatirlo\/\" class=\"read-more\">Continue Reading<\/a><\/p>\n","protected":false},"author":41,"featured_media":0,"parent":0,"menu_order":0,"comment_status":"closed","ping_status":"open","template":"page-fullwidth.php","meta":{"_monsterinsights_skip_tracking":false,"_monsterinsights_sitenote_active":false,"_monsterinsights_sitenote_note":"","_monsterinsights_sitenote_category":0,"footnotes":""},"class_list":["post-965","page","type-page","status-publish","hentry"],"aioseo_notices":[],"_links":{"self":[{"href":"https:\/\/satinfo.es\/web-wp\/index.php\/wp-json\/wp\/v2\/pages\/965","targetHints":{"allow":["GET"]}}],"collection":[{"href":"https:\/\/satinfo.es\/web-wp\/index.php\/wp-json\/wp\/v2\/pages"}],"about":[{"href":"https:\/\/satinfo.es\/web-wp\/index.php\/wp-json\/wp\/v2\/types\/page"}],"author":[{"embeddable":true,"href":"https:\/\/satinfo.es\/web-wp\/index.php\/wp-json\/wp\/v2\/users\/41"}],"replies":[{"embeddable":true,"href":"https:\/\/satinfo.es\/web-wp\/index.php\/wp-json\/wp\/v2\/comments?post=965"}],"version-history":[{"count":0,"href":"https:\/\/satinfo.es\/web-wp\/index.php\/wp-json\/wp\/v2\/pages\/965\/revisions"}],"wp:attachment":[{"href":"https:\/\/satinfo.es\/web-wp\/index.php\/wp-json\/wp\/v2\/media?parent=965"}],"curies":[{"name":"wp","href":"https:\/\/api.w.org\/{rel}","templated":true}]}}