

{"id":957,"date":"2012-04-11T12:46:30","date_gmt":"2012-04-11T11:46:30","guid":{"rendered":"http:\/\/satinfo.es\/web-wp\/?page_id=957"},"modified":"2012-04-13T12:40:49","modified_gmt":"2012-04-13T11:40:49","slug":"957-2","status":"publish","type":"page","link":"https:\/\/satinfo.es\/web-wp\/index.php\/957-2\/","title":{"rendered":"Bloqueo mensaje salientes&#8230;"},"content":{"rendered":"<h2 style=\"text-align: justify;\">Bloqueo de mensajes de email salientes tras instalar VirusScan Enterprise 8.0i<\/h2>\n<p style=\"text-align: justify;\"><span style=\"font-family: Arial; color: #000000;\">Tras publicar la versi\u00f3n 8.0i de VirusScan Enterprise, hemos recibido diversas incidencias de usuarios relativas a la imposibilidad de env\u00edo de mensajes de correo electr\u00f3nico. El motivo de ello es la tarea de <em>Protecci\u00f3n de Acceso <\/em>de VirusScan, la cual incluye una regla de protecci\u00f3n para evitar el env\u00edo masivo de correo electr\u00f3nico.<\/span><\/p>\n<p style=\"text-align: justify;\"><span style=\"color: #000000;\">\u00a0<strong style=\"font-family: Arial;\">\u00bfComo detectar si el problema de env\u00edo de mensajes salientes es debido a la tarea <em>Protecci\u00f3n de Acceso<\/em>?\u00a0<\/strong><\/span><\/p>\n<p style=\"text-align: justify;\"><span style=\"font-family: Arial; color: #000000;\">&#8211; Pulsar con el bot\u00f3n derecho del mouse sobre el icono de VirusScan en la barra de tareas, y seleccionar <em>Consola de VirusScan<\/em><\/span><\/p>\n<p><span style=\"color: #000000;\">&#8211; Pulsar con el bot\u00f3n derecho del mouse sobre la tarea <em>Protecci\u00f3n de Acceso, <\/em>y seleccionar <em>Ver Registro<\/em><\/span><\/p>\n<p><span style=\"color: #000000;\">En caso de que esta tarea hubiera bloqueado alg\u00fan mensaje, el registro mostraria algo similar a lo siguiente (es s\u00f3lo un ejemplo):<\/span><\/p>\n<p style=\"text-align: justify;\"><span style=\"color: #000000;\"><span style=\"font-family: Arial; font-size: small;\">&#8230;<br \/>\n<\/span><span style=\"font-family: Arial; font-size: xx-small;\"><em>01\/12\/2004 13:02:13 Bloqueado por regla de bloqueo de puertos MAPISP32.EXE Impedir que los gusanos de correo masivo env\u00eden correo 192.168.0.1<\/em><\/span><\/span><\/p>\n<p style=\"text-align: justify;\"><span style=\"font-family: Arial; color: #000000;\">&#8230;<\/span><\/p>\n<p style=\"text-align: justify;\"><span style=\"font-family: Arial; font-size: small; color: #000000;\">El ejemplo anterior, muestra que se ha impedido al ejecutable MAPISP32 el env\u00edo de mensajes de correo electr\u00f3nico.<\/span><\/p>\n<p><span style=\"color: #000000;\"><strong>\u00bfC\u00f3mo evitar este problema?<\/strong><\/span><\/p>\n<p><span style=\"color: #000000;\">Bas\u00e1ndonos en el ejemplo anterior, la soluci\u00f3n ser\u00eda excluir el proceso MAPISP32 en la regla <span style=\"font-family: Arial; font-size: x-small;\"><em>Impedir que los gusanos de correo masivo env\u00eden correo<\/em><\/span><span style=\"font-family: Arial; font-size: small;\">, para ello:<\/span><\/span><\/p>\n<p style=\"text-align: justify;\"><span style=\"color: #000000;\"><span style=\"font-family: Arial; font-size: small;\">&#8211; Pulsar doble-click sobre la tarea <em>Protecci\u00f3n de Acceso<\/em>, y doble-click sobre la regla <\/span><span style=\"font-family: Arial;\"><span style=\"font-size: x-small;\"><em>Impedir que los gusanos de correo masivo env\u00eden correo.<\/em><\/span><\/span><\/span><\/p>\n<p><span style=\"font-size: small; color: #000000;\">&#8211; En la casilla <em>procesos excluidos <\/em>deber\u00eda a\u00f1adirse el nombre del ejecutable que ha sido bloqueado. En el ejemplo anterior este era MAPISP32. Pulsar sobre <em>Aceptar<\/em>. <em><\/em><\/span><\/p>\n<p>&nbsp;<\/p>\n<p style=\"text-align: justify;\"><span style=\"color: #000000;\"><strong><span style=\"font-family: Arial; font-size: small;\">SATINFO<\/span><span style=\"font-family: Arial; font-size: small;\">, VIRUSCAN SPAIN SERVICE 23 de Diciembre de 2004<\/span><\/strong><\/span><\/p>\n","protected":false},"excerpt":{"rendered":"<p>Bloqueo de mensajes de email salientes tras instalar VirusScan Enterprise 8.0i Tras publicar la versi\u00f3n 8.0i de VirusScan Enterprise, hemos recibido diversas incidencias de usuarios relativas a la imposibilidad de env\u00edo de mensajes de correo electr\u00f3nico. El motivo de ello es la tarea de Protecci\u00f3n de Acceso de VirusScan, la cual incluye una regla de&nbsp;<a href=\"https:\/\/satinfo.es\/web-wp\/index.php\/957-2\/\" class=\"read-more\">Continue Reading<\/a><\/p>\n","protected":false},"author":41,"featured_media":0,"parent":0,"menu_order":0,"comment_status":"closed","ping_status":"open","template":"page-fullwidth.php","meta":{"_monsterinsights_skip_tracking":false,"_monsterinsights_sitenote_active":false,"_monsterinsights_sitenote_note":"","_monsterinsights_sitenote_category":0,"footnotes":""},"class_list":["post-957","page","type-page","status-publish","hentry"],"aioseo_notices":[],"_links":{"self":[{"href":"https:\/\/satinfo.es\/web-wp\/index.php\/wp-json\/wp\/v2\/pages\/957","targetHints":{"allow":["GET"]}}],"collection":[{"href":"https:\/\/satinfo.es\/web-wp\/index.php\/wp-json\/wp\/v2\/pages"}],"about":[{"href":"https:\/\/satinfo.es\/web-wp\/index.php\/wp-json\/wp\/v2\/types\/page"}],"author":[{"embeddable":true,"href":"https:\/\/satinfo.es\/web-wp\/index.php\/wp-json\/wp\/v2\/users\/41"}],"replies":[{"embeddable":true,"href":"https:\/\/satinfo.es\/web-wp\/index.php\/wp-json\/wp\/v2\/comments?post=957"}],"version-history":[{"count":0,"href":"https:\/\/satinfo.es\/web-wp\/index.php\/wp-json\/wp\/v2\/pages\/957\/revisions"}],"wp:attachment":[{"href":"https:\/\/satinfo.es\/web-wp\/index.php\/wp-json\/wp\/v2\/media?parent=957"}],"curies":[{"name":"wp","href":"https:\/\/api.w.org\/{rel}","templated":true}]}}