

{"id":947,"date":"2012-04-11T11:56:56","date_gmt":"2012-04-11T10:56:56","guid":{"rendered":"http:\/\/satinfo.es\/web-wp\/?page_id=947"},"modified":"2012-04-13T12:40:01","modified_gmt":"2012-04-13T11:40:01","slug":"como-enviar-muestras","status":"publish","type":"page","link":"https:\/\/satinfo.es\/web-wp\/index.php\/como-enviar-muestras\/","title":{"rendered":"C\u00f3mo enviar muestras"},"content":{"rendered":"<h2 style=\"text-align: justify;\">C\u00f3mo enviar muestras<\/h2>\n<p style=\"text-align: justify;\"><span style=\"font-family: Arial; color: #000000;\">Al ser una constante la aparici\u00f3n de nuevas variantes de virus, que los antivirus no conocen y en consecuencia no controlan ni eliminan, hemos hecho que nuestras utilidades pidan que se env\u00eden muestras de ficheros sospechosos no identificados para analizar y pasarlos a controlar en siguientes versiones, con lo que solucionar el problema v\u00edrico muchas veces antes de que los antivirus lo conozcan.<\/span><\/p>\n<p><span style=\"color: #000000;\">Para ello se pide que se nos env\u00eden muestras para analizar anexadas a un mail dirigido a virus@satinfo.es , i<span style=\"text-decoration: underline;\">ndicando como ASUNTO el n\u00famero de asociado con SATINFO<\/span>.<\/span><\/p>\n<p style=\"text-align: justify;\"><span style=\"color: #000000;\">Para mayor seguridad de que no sean interceptadas dichas muestras por otros filtros Antivirus, recomendamos enviarlas en un ZIP o RAR con password VIRUS, (con opciones avanzadas del WINZIP o WINRAR). A su recepci\u00f3n las analizaremos e implementaremos su control y eliminaci\u00f3n, si procede, en la nueva versi\u00f3n del EliStarA, al la vez que se lo notificaremos respondiendo dicho correo.<\/span><\/p>\n<p style=\"text-align: justify;\"><span style=\"font-family: Arial; color: #000000;\">Paralelamente estas muestras se env\u00edan directamente a McAfee para que las implementen en pr\u00f3ximas versiones del antivirus.<\/span><\/p>\n<p><span style=\"color: #000000;\">Adem\u00e1s de las muestras que solicitan nuestras utilidades, pueden enviarnos ficheros sospechosos no detectados por el antivirus, para su an\u00e1lisis, indicando en tal caso el motivo de la sospecha al respecto y tras analizarlas, se informar\u00e1, si procede, de la utilidad con la que pasamos a controlarlas. Al mismo tiempo, si dichas utilidades detectan, por FALSO POSITIVO, un fichero que se sabe que no es v\u00edrico, pueden envi\u00e1rnoslo igualmente indicando su comentario sobre el particular, para proceder en consecuencia.<\/span><\/p>\n<p><span style=\"color: #000000;\">Todo ello beneficia a todos nuestros asociados, por lo que agradecemos su colaboraci\u00f3n al respecto.<\/span><\/p>\n<p><span style=\"font-family: Arial; color: #000000;\"><strong>SATINFO,\u00a0SERVICIO DE ASISTENCIA T\u00c9CNICA INFORM\u00c1TICA<\/strong><\/span><\/p>\n","protected":false},"excerpt":{"rendered":"<p>C\u00f3mo enviar muestras Al ser una constante la aparici\u00f3n de nuevas variantes de virus, que los antivirus no conocen y en consecuencia no controlan ni eliminan, hemos hecho que nuestras utilidades pidan que se env\u00eden muestras de ficheros sospechosos no identificados para analizar y pasarlos a controlar en siguientes versiones, con lo que solucionar el&nbsp;<a href=\"https:\/\/satinfo.es\/web-wp\/index.php\/como-enviar-muestras\/\" class=\"read-more\">Continue Reading<\/a><\/p>\n","protected":false},"author":41,"featured_media":0,"parent":0,"menu_order":0,"comment_status":"closed","ping_status":"open","template":"page-fullwidth.php","meta":{"_monsterinsights_skip_tracking":false,"_monsterinsights_sitenote_active":false,"_monsterinsights_sitenote_note":"","_monsterinsights_sitenote_category":0,"footnotes":""},"class_list":["post-947","page","type-page","status-publish","hentry"],"aioseo_notices":[],"_links":{"self":[{"href":"https:\/\/satinfo.es\/web-wp\/index.php\/wp-json\/wp\/v2\/pages\/947","targetHints":{"allow":["GET"]}}],"collection":[{"href":"https:\/\/satinfo.es\/web-wp\/index.php\/wp-json\/wp\/v2\/pages"}],"about":[{"href":"https:\/\/satinfo.es\/web-wp\/index.php\/wp-json\/wp\/v2\/types\/page"}],"author":[{"embeddable":true,"href":"https:\/\/satinfo.es\/web-wp\/index.php\/wp-json\/wp\/v2\/users\/41"}],"replies":[{"embeddable":true,"href":"https:\/\/satinfo.es\/web-wp\/index.php\/wp-json\/wp\/v2\/comments?post=947"}],"version-history":[{"count":0,"href":"https:\/\/satinfo.es\/web-wp\/index.php\/wp-json\/wp\/v2\/pages\/947\/revisions"}],"wp:attachment":[{"href":"https:\/\/satinfo.es\/web-wp\/index.php\/wp-json\/wp\/v2\/media?parent=947"}],"curies":[{"name":"wp","href":"https:\/\/api.w.org\/{rel}","templated":true}]}}