

{"id":942,"date":"2012-04-11T11:20:38","date_gmt":"2012-04-11T10:20:38","guid":{"rendered":"http:\/\/satinfo.es\/web-wp\/?page_id=942"},"modified":"2016-12-15T11:54:38","modified_gmt":"2016-12-15T10:54:38","slug":"mas-alertas","status":"publish","type":"page","link":"https:\/\/satinfo.es\/web-wp\/index.php\/mas-alertas\/","title":{"rendered":"M\u00e1s alertas"},"content":{"rendered":"<ul>\n<li><a href=\"http:\/\/blog.satinfo.es\" target=\"_blank\">Para informaci\u00f3n de \u00faltima hora consultar el Blog<\/a><\/li>\n<li><a href=\"https:\/\/satinfo.es\/noticies\" target=\"_blank\">Para informaci\u00f3n sobre versiones, parches, fin de vida, etc consute Noticias de SATINFO<\/a><\/li>\n<li><a href=\"https:\/\/satinfo.es\/web-wp\/index.php\/bloqueo-de-envio-de-e-mail-con-virusscan-enterprise-8\/\">Bloqueo de envio de e-mail con VirusScan Enterprise 8<\/a><\/li>\n<li><a href=\"https:\/\/satinfo.es\/web-wp\/index.php\/aviso-sobre-comparticiones-administrativas-en-windows\/\">Aviso sobre Comparticiones Administrativas en Windows<\/a><\/li>\n<\/ul>\n","protected":false},"excerpt":{"rendered":"<p>Para informaci\u00f3n de \u00faltima hora consultar el Blog Para informaci\u00f3n sobre versiones, parches, fin de vida, etc consute Noticias de SATINFO Bloqueo de envio de e-mail con VirusScan Enterprise 8 Aviso sobre Comparticiones Administrativas en Windows<\/p>\n","protected":false},"author":41,"featured_media":0,"parent":0,"menu_order":0,"comment_status":"closed","ping_status":"open","template":"page-fullwidth.php","meta":{"_monsterinsights_skip_tracking":false,"_monsterinsights_sitenote_active":false,"_monsterinsights_sitenote_note":"","_monsterinsights_sitenote_category":0,"footnotes":""},"class_list":["post-942","page","type-page","status-publish","hentry"],"aioseo_notices":[],"_links":{"self":[{"href":"https:\/\/satinfo.es\/web-wp\/index.php\/wp-json\/wp\/v2\/pages\/942","targetHints":{"allow":["GET"]}}],"collection":[{"href":"https:\/\/satinfo.es\/web-wp\/index.php\/wp-json\/wp\/v2\/pages"}],"about":[{"href":"https:\/\/satinfo.es\/web-wp\/index.php\/wp-json\/wp\/v2\/types\/page"}],"author":[{"embeddable":true,"href":"https:\/\/satinfo.es\/web-wp\/index.php\/wp-json\/wp\/v2\/users\/41"}],"replies":[{"embeddable":true,"href":"https:\/\/satinfo.es\/web-wp\/index.php\/wp-json\/wp\/v2\/comments?post=942"}],"version-history":[{"count":0,"href":"https:\/\/satinfo.es\/web-wp\/index.php\/wp-json\/wp\/v2\/pages\/942\/revisions"}],"wp:attachment":[{"href":"https:\/\/satinfo.es\/web-wp\/index.php\/wp-json\/wp\/v2\/media?parent=942"}],"curies":[{"name":"wp","href":"https:\/\/api.w.org\/{rel}","templated":true}]}}