

{"id":929,"date":"2012-03-29T17:01:21","date_gmt":"2012-03-29T16:01:21","guid":{"rendered":"http:\/\/satinfo.es\/web-wp\/?page_id=929"},"modified":"2012-04-13T12:39:03","modified_gmt":"2012-04-13T11:39:03","slug":"eliminacion-online-games","status":"publish","type":"page","link":"https:\/\/satinfo.es\/web-wp\/index.php\/soporte\/eliminacion-online-games\/","title":{"rendered":"Eliminaci\u00f3n online games"},"content":{"rendered":"<h2>Eliminaci\u00f3n Online Games<\/h2>\n<p style=\"text-align: justify;\"><span style=\"font-family: Arial; color: #000000;\">Dada la gran cantidad de variantes de la familia de virus ONLINE GAMES, de los que a diario nos llegan mue<\/span><\/p>\n<p style=\"text-align: justify;\"><span style=\"font-family: Arial; color: #000000;\">stras para analizar y controlar, avisamos de que debido a los constantes cambios en el contenido de los ficheros que integran las cientos de variantes de esta familia, que usan ficheros t\u00edpicos entre los cuales acostumbra a haber nombres de ficheros como AMVO, AVPO, KAVO, TAVO e IESO, a los cuales acompa\u00f1an otros ficheros EXE, BAT, CMD, DLL y COM, y los cuales son complementados por un AUTORUN.INF que instala en todas las unidades disponibles, incluidos dispositivos de almacenamiento USB que se insertaran en un ordenador infectado, y que es la forma mas usual de propagaci\u00f3n (si no se han vacunado con nuestro EliPen), hacemos menci\u00f3n especial de este virus por estar \u201cde moda\u201d.<\/span><\/p>\n<p><span style=\"color: #000000;\">Con la utilidad EliStarA vamos controlando y eliminando las nuevas variantes que van apareciendo de esta familia, incluso antes que los conozcan los antivirus, para lo que si detectamos un fichero sospechoso de una variante aun no controlada, la misma utilidad pide que se nos env\u00ede muestra del fichero sospechoso, para pasar a controlarlo.<\/span><\/p>\n<p><span style=\"color: #000000;\">Al estar en uso la DLL y ficheros anexos al virus, el sistema impide eliminarlos mientras est\u00e9n en memoria, por lo cual el EliStarA pedir\u00e1 reiniciar para completar la eliminaci\u00f3n.<\/span><\/p>\n<p style=\"text-align: justify;\"><span style=\"color: #000000;\"><span style=\"font-family: Arial;\">Como dato caracter\u00edstico de esta familia de virus, es que impiden el acceso a visualizaci\u00f3n de ficheros ocultos, con lo cual se protegen de la vista del usuario. Tambi\u00e9n ello lo normalizamos con dicha utilidad\u00a0<\/span>EliStarA<span style=\"font-family: Arial;\">.<\/span><\/span><\/p>\n<p style=\"text-align: justify;\"><span style=\"color: #000000;\">Ya que son continuas las apariciones de nuevas variantes, que se van detectando y eliminando con las nuevas versiones de nuestra utilidad EliStarA, antes de que las controlemos, puede ser que la misma utilidad pida que se nos env\u00eden muestras de los ficheros sospechosos, los cuales deben enviarse anexadas a un mail a<a href=\"mailto:virus@satinfo.es\"><span style=\"color: #000000;\">virus@satinfo.es<\/span><\/a>\u00a0<span style=\"text-decoration: underline;\">indicando como ASUNTO\u00a0 el n\u00famero de asociado con SATINFO<\/span>.<\/span><\/p>\n<p style=\"text-align: justify;\"><span style=\"color: #000000;\">Para mayor seguridad de que no sean interceptadas dichas muestras por otros filtros Antivirus, recomendamos enviarlas en un ZIP o RAR con password VIRUS, (con opciones avanzadas del WINZIP o WINRAR). A su recepci\u00f3n las analizaremos e implementaremos su control y eliminaci\u00f3n, si procede, en la nueva versi\u00f3n del EliStarA, al la vez que se lo notificaremos respondiendo dicho correo.<\/span><\/p>\n<p style=\"text-align: justify;\"><span style=\"font-family: Arial; color: #000000;\">Sirvan estas indicaciones para facilitar la eliminaci\u00f3n de tan fastidioso malware, que est\u00e1 proliferando actualmente y del que no se puede descartar la infecci\u00f3n de una variante no controlada por los antivirus&#8230;<\/span><\/p>\n<p style=\"text-align: justify;\"><span style=\"color: #000000;\"><a href=\"http:\/\/www.satinfo.es\/db\/antivirus\/utilitats\/elistara.exe\"><span style=\"color: #000000;\"><span style=\"color: #0000ff;\">Pulse aqu\u00ed para descargar\u00a0<\/span><strong><span style=\"color: #0000ff;\">EliStarA<\/span><\/strong><\/span><\/a><\/span><\/p>\n<p style=\"text-align: justify;\"><span style=\"font-family: Arial; color: #000000;\"><strong>SATINFO,\u00a0SERVICIO DE ASISTENCIA T\u00c9CNICA INFORM\u00c1TICA<\/strong><\/span><\/p>\n","protected":false},"excerpt":{"rendered":"<p>Eliminaci\u00f3n Online Games Dada la gran cantidad de variantes de la familia de virus ONLINE GAMES, de los que a diario nos llegan mue stras para analizar y controlar, avisamos de que debido a los constantes cambios en el contenido de los ficheros que integran las cientos de variantes de esta familia, que usan ficheros&nbsp;<a href=\"https:\/\/satinfo.es\/web-wp\/index.php\/soporte\/eliminacion-online-games\/\" class=\"read-more\">Continue Reading<\/a><\/p>\n","protected":false},"author":41,"featured_media":0,"parent":285,"menu_order":0,"comment_status":"closed","ping_status":"open","template":"page-fullwidth.php","meta":{"_monsterinsights_skip_tracking":false,"_monsterinsights_sitenote_active":false,"_monsterinsights_sitenote_note":"","_monsterinsights_sitenote_category":0,"footnotes":""},"class_list":["post-929","page","type-page","status-publish","hentry"],"aioseo_notices":[],"_links":{"self":[{"href":"https:\/\/satinfo.es\/web-wp\/index.php\/wp-json\/wp\/v2\/pages\/929","targetHints":{"allow":["GET"]}}],"collection":[{"href":"https:\/\/satinfo.es\/web-wp\/index.php\/wp-json\/wp\/v2\/pages"}],"about":[{"href":"https:\/\/satinfo.es\/web-wp\/index.php\/wp-json\/wp\/v2\/types\/page"}],"author":[{"embeddable":true,"href":"https:\/\/satinfo.es\/web-wp\/index.php\/wp-json\/wp\/v2\/users\/41"}],"replies":[{"embeddable":true,"href":"https:\/\/satinfo.es\/web-wp\/index.php\/wp-json\/wp\/v2\/comments?post=929"}],"version-history":[{"count":0,"href":"https:\/\/satinfo.es\/web-wp\/index.php\/wp-json\/wp\/v2\/pages\/929\/revisions"}],"up":[{"embeddable":true,"href":"https:\/\/satinfo.es\/web-wp\/index.php\/wp-json\/wp\/v2\/pages\/285"}],"wp:attachment":[{"href":"https:\/\/satinfo.es\/web-wp\/index.php\/wp-json\/wp\/v2\/media?parent=929"}],"curies":[{"name":"wp","href":"https:\/\/api.w.org\/{rel}","templated":true}]}}