

{"id":92,"date":"2012-02-09T11:33:22","date_gmt":"2012-02-09T10:33:22","guid":{"rendered":"http:\/\/persuadis.net\/blog\/?page_id=92"},"modified":"2026-03-19T15:41:36","modified_gmt":"2026-03-19T14:41:36","slug":"en-la-actualidad-2","status":"publish","type":"page","link":"https:\/\/satinfo.es\/web-wp\/index.php\/en-la-actualidad-2\/","title":{"rendered":"EN LA ACTUALIDAD"},"content":{"rendered":"<div class=\"wrapper indent-bottom\" style=\"text-align: justify;\">\n<div class=\"two_third \"><h1>EN LA ACTUALIDAD<\/h1>\n<p style=\"text-align: justify;\"><a href=\"https:\/\/satinfo.es\/web-wp\/wp-content\/uploads\/2012\/02\/IMG_67431.jpg\"><img loading=\"lazy\" decoding=\"async\" class=\"alignleft wp-image-5168 size-medium\" title=\"SATINFO 034 1\" src=\"https:\/\/satinfo.es\/web-wp\/wp-content\/uploads\/2012\/02\/IMG_67431-225x300.jpg\" alt=\"\" width=\"225\" height=\"300\" srcset=\"https:\/\/satinfo.es\/web-wp\/wp-content\/uploads\/2012\/02\/IMG_67431-225x300.jpg 225w, https:\/\/satinfo.es\/web-wp\/wp-content\/uploads\/2012\/02\/IMG_67431.jpg 480w\" sizes=\"auto, (max-width: 225px) 100vw, 225px\" \/><\/a><\/p>\n<p><span style=\"color: #000000;\"><strong>SATINFO SL<\/strong> es mayorista oficial de varios de los mejores fabricantes del sector de la ciberseguridad. Nuestra pol\u00edtica es comercializar los productos \u00fanicamente a trav\u00e9s del canal de distribuidores de inform\u00e1tica. Ofrecemos un servicio de entrega r\u00e1pido y eficaz, puesto que la mayor\u00eda de pedidos se tramitan online. Asimismo, disponemos de servicios profesionales de asistencia t\u00e9cnica, instalaci\u00f3n de soluciones y desarrollo de utilidades complementarias a estos productos para el control y erradicaci\u00f3n de virus.<\/span><\/p>\n<p><span style=\"color: #000000;\">Nuestras soluciones se basan en los siguientes fabricantes: <strong>Trellix\/McAfee\/Skyhigh, Kasperksy, Cynet,\u00a0 Hornetsecurity y Centribal.<\/strong><\/span><\/p>\n<p><span style=\"color: #000000;\">As\u00ed pues, tras su creaci\u00f3n y su evoluci\u00f3n constante tanto en productos como en medios y estructura, SATINFO SL ha alcanzado, en sus 30 a\u00f1os de historia y gracias al considerado aprecio de los profesionales del sector, un punto \u00f3ptimo con el que mantener el trato personal y un elevada reputaci\u00f3n.<\/span><\/p>\n<p><span style=\"color: #000000;\">Gracias por su confianza.<\/span><\/p>\n<ul>\n<li><a href=\"empresa-3\/\">NUESTRA HISTORIA<\/a><\/li>\n<li><a href=\"https:\/\/satinfo.es\/web-wp\/index.php\/que-hacemos\/\">\u00bfQU\u00c9 HACEMOS?<\/a><\/li>\n<\/ul><\/div> <div class=\"one_third last\"><h1>TRABAJA CON NOSOTROS<\/h1>\n<dl>\n<dt>\u00bfDeseas trabajar con nosotros?<\/dt>\n<dd><span style=\"color: #000000;\">Ante todo, gracias por confiar en Satinfo como empresa para desarrollar su carrera profesional. Si quiere unirse a nuestro equipo, deje su CV y lo tendremos en cuenta para futuros procesos de selecci\u00f3n.<\/span><\/dd>\n<\/dl>\n<div class=\"link-3\"><a href=\"..\/empresa-3\/trabaja-con-nosotros\/\">Envianos tu curr\u00edculum<\/a><\/div>\n<div class=\"link-3\"><\/div><div class=\"clear\"><\/div><\/div>\n<\/div>\n","protected":false},"excerpt":{"rendered":"","protected":false},"author":41,"featured_media":0,"parent":0,"menu_order":0,"comment_status":"closed","ping_status":"closed","template":"page-fullwidth.php","meta":{"_monsterinsights_skip_tracking":false,"_monsterinsights_sitenote_active":false,"_monsterinsights_sitenote_note":"","_monsterinsights_sitenote_category":0,"footnotes":""},"class_list":["post-92","page","type-page","status-publish","hentry"],"aioseo_notices":[],"_links":{"self":[{"href":"https:\/\/satinfo.es\/web-wp\/index.php\/wp-json\/wp\/v2\/pages\/92","targetHints":{"allow":["GET"]}}],"collection":[{"href":"https:\/\/satinfo.es\/web-wp\/index.php\/wp-json\/wp\/v2\/pages"}],"about":[{"href":"https:\/\/satinfo.es\/web-wp\/index.php\/wp-json\/wp\/v2\/types\/page"}],"author":[{"embeddable":true,"href":"https:\/\/satinfo.es\/web-wp\/index.php\/wp-json\/wp\/v2\/users\/41"}],"replies":[{"embeddable":true,"href":"https:\/\/satinfo.es\/web-wp\/index.php\/wp-json\/wp\/v2\/comments?post=92"}],"version-history":[{"count":0,"href":"https:\/\/satinfo.es\/web-wp\/index.php\/wp-json\/wp\/v2\/pages\/92\/revisions"}],"wp:attachment":[{"href":"https:\/\/satinfo.es\/web-wp\/index.php\/wp-json\/wp\/v2\/media?parent=92"}],"curies":[{"name":"wp","href":"https:\/\/api.w.org\/{rel}","templated":true}]}}