

{"id":903,"date":"2012-03-29T12:07:39","date_gmt":"2012-03-29T11:07:39","guid":{"rendered":"http:\/\/satinfo.es\/web-wp\/?page_id=903"},"modified":"2013-05-16T11:51:37","modified_gmt":"2013-05-16T10:51:37","slug":"a-tener-en-cuenta","status":"publish","type":"page","link":"https:\/\/satinfo.es\/web-wp\/index.php\/soporte\/a-tener-en-cuenta\/","title":{"rendered":"A tener en cuenta"},"content":{"rendered":"<h2>A tener en cuenta:<\/h2>\n<ul>\n<li><strong><a href=\"https:\/\/satinfo.es\/web-wp\/index.php\/ultimos-parches-de-microsoft\/\" target=\"_blank\">\u00daltimos parches de Microsoft<\/a><\/strong><\/li>\n<\/ul>\n<ul>\n<li><strong><a href=\"https:\/\/satinfo.es\/web-wp\/index.php\/parches-de-mcafee\/\">Parches de McAfee<\/a><\/strong><\/li>\n<\/ul>\n<ul>\n<li><strong><a href=\"https:\/\/satinfo.es\/web-wp\/index.php\/soporte\/eliminacion-vundo\/\">Eliminaci\u00f3n Vundo<\/a><\/strong><\/li>\n<\/ul>\n<ul>\n<li><strong><a href=\"https:\/\/satinfo.es\/web-wp\/index.php\/soporte\/eliminacion-bagle\/\">Eliminaci\u00f3n Bagle<\/a><\/strong><\/li>\n<\/ul>\n<ul>\n<li><strong><a href=\"https:\/\/satinfo.es\/web-wp\/index.php\/soporte\/eliminacion-online-games\/\">Eliminaci\u00f3n Online Games<\/a><\/strong><\/li>\n<\/ul>\n<ul>\n<li><strong><a href=\"https:\/\/satinfo.es\/web-wp\/index.php\/como-enviar-muestras\/\">M\u00e9todo para enviar muestras v\u00edricas a SATINFO<\/a><\/strong><\/li>\n<\/ul>\n<ul>\n<li><strong><a href=\"https:\/\/satinfo.es\/web-wp\/index.php\/957-2\/\">Bloqueo de envio de e-mail con VirusScan Enterprise 8<\/a><\/strong><\/li>\n<\/ul>\n<ul>\n<li><strong><a href=\"https:\/\/satinfo.es\/web-wp\/index.php\/proliferacion-del-correo-basura-spam-y-como-combatirlo\/\">Proliferaci\u00f3n del correo basura (SPAM) y como combatirlo<\/a><\/strong><\/li>\n<\/ul>\n<ul>\n<li><strong><a href=\"https:\/\/satinfo.es\/web-wp\/index.php\/informacion-sobre-componentes-spywareadware\/\">Informaci\u00f3n sobre componentes SPYWARE\/ADWARE<\/a><\/strong><\/li>\n<\/ul>\n<ul>\n<li><strong><a href=\"https:\/\/satinfo.es\/web-wp\/index.php\/comparticiones-administrativas-en-sistemas-windowsnt2000xp2003\/\">Aviso sobre Comparticiones Administrativas en Windows<\/a><\/strong><\/li>\n<\/ul>\n<ul>\n<li><strong><a href=\"https:\/\/satinfo.es\/web-wp\/index.php\/984-2\/\">Recomendaciones utilidad EliPen<\/a><\/strong><\/li>\n<\/ul>\n","protected":false},"excerpt":{"rendered":"<p>A tener en cuenta: \u00daltimos parches de Microsoft Parches de McAfee Eliminaci\u00f3n Vundo Eliminaci\u00f3n Bagle Eliminaci\u00f3n Online Games M\u00e9todo para enviar muestras v\u00edricas a SATINFO Bloqueo de envio de e-mail con VirusScan Enterprise 8 Proliferaci\u00f3n del correo basura (SPAM) y como combatirlo Informaci\u00f3n sobre componentes SPYWARE\/ADWARE Aviso sobre Comparticiones Administrativas en Windows Recomendaciones utilidad EliPen<\/p>\n","protected":false},"author":41,"featured_media":0,"parent":285,"menu_order":0,"comment_status":"closed","ping_status":"open","template":"page-fullwidth.php","meta":{"_monsterinsights_skip_tracking":false,"_monsterinsights_sitenote_active":false,"_monsterinsights_sitenote_note":"","_monsterinsights_sitenote_category":0,"footnotes":""},"class_list":["post-903","page","type-page","status-publish","hentry"],"aioseo_notices":[],"_links":{"self":[{"href":"https:\/\/satinfo.es\/web-wp\/index.php\/wp-json\/wp\/v2\/pages\/903","targetHints":{"allow":["GET"]}}],"collection":[{"href":"https:\/\/satinfo.es\/web-wp\/index.php\/wp-json\/wp\/v2\/pages"}],"about":[{"href":"https:\/\/satinfo.es\/web-wp\/index.php\/wp-json\/wp\/v2\/types\/page"}],"author":[{"embeddable":true,"href":"https:\/\/satinfo.es\/web-wp\/index.php\/wp-json\/wp\/v2\/users\/41"}],"replies":[{"embeddable":true,"href":"https:\/\/satinfo.es\/web-wp\/index.php\/wp-json\/wp\/v2\/comments?post=903"}],"version-history":[{"count":0,"href":"https:\/\/satinfo.es\/web-wp\/index.php\/wp-json\/wp\/v2\/pages\/903\/revisions"}],"up":[{"embeddable":true,"href":"https:\/\/satinfo.es\/web-wp\/index.php\/wp-json\/wp\/v2\/pages\/285"}],"wp:attachment":[{"href":"https:\/\/satinfo.es\/web-wp\/index.php\/wp-json\/wp\/v2\/media?parent=903"}],"curies":[{"name":"wp","href":"https:\/\/api.w.org\/{rel}","templated":true}]}}