

{"id":90,"date":"2012-02-09T11:33:01","date_gmt":"2012-02-09T10:33:01","guid":{"rendered":"http:\/\/persuadis.net\/blog\/?page_id=90"},"modified":"2021-12-10T12:37:03","modified_gmt":"2021-12-10T11:37:03","slug":"empresa-3","status":"publish","type":"page","link":"https:\/\/satinfo.es\/web-wp\/index.php\/empresa-3\/","title":{"rendered":"EMPRESA"},"content":{"rendered":"<div class=\"wrapper indent-bottom\" style=\"text-align: justify;\">\n<div class=\"two_third \"><h1>NUESTRA HISTORIA<\/h1>\n<p style=\"text-align: justify;\"><a href=\"https:\/\/satinfo.es\/web-wp\/wp-content\/uploads\/2012\/02\/Logo-satinfo-blau.jpg\"><img loading=\"lazy\" decoding=\"async\" class=\"alignleft wp-image-6075 size-medium\" src=\"https:\/\/satinfo.es\/web-wp\/wp-content\/uploads\/2012\/02\/Logo-satinfo-blau-300x101.jpg\" alt=\"\" width=\"300\" height=\"101\" srcset=\"https:\/\/satinfo.es\/web-wp\/wp-content\/uploads\/2012\/02\/Logo-satinfo-blau-300x101.jpg 300w, https:\/\/satinfo.es\/web-wp\/wp-content\/uploads\/2012\/02\/Logo-satinfo-blau-1024x344.jpg 1024w, https:\/\/satinfo.es\/web-wp\/wp-content\/uploads\/2012\/02\/Logo-satinfo-blau.jpg 1312w\" sizes=\"auto, (max-width: 300px) 100vw, 300px\" \/><\/a><span style=\"color: #000000;\">SATINFO S.L. es una empresa creada por t\u00e9cnicos inform\u00e1ticos que, ya en 1988 y dedic\u00e1ndose al sector del hardware, tuvieron que desarrollar el primer antivirus espa\u00f1ol para controlar el primer virus para ordenadores personales compatibles (un virus de BOOT que hac\u00eda aparecer una pelotita en la pantalla, PING), tras lo cual se desarrollaron utilidades para controlar nuevos virus que fueron apareciendo (Viernes 13 \u00f3 JerusalemStoned, etc.). Llegaron a un punto en que trabajaban en paralelo con <strong>John McAfee<\/strong>, de California, por lo que decidieron unir esfuerzos y trabajar en conjunto. De esta manera, SATINFO pas\u00f3 a ser el primer <strong>Agente en Espa\u00f1a de McAfee Associates.<\/strong><\/span><\/p>\n<p style=\"text-align: justify;\"><span style=\"color: #000000;\">Con el paso del tiempo y la llegada de internet, el n\u00famero de los virus se ha multiplicado enormemente.<\/span><\/p>\n<div>\n<ul>\n<li><a href=\"que-hacemos\/\">\u00bfQU\u00c9 HACEMOS?<\/a><\/li>\n<li><a href=\"en-la-actualidad-2\/\">EN LA ACTUALIDAD<\/a><\/li>\n<\/ul>\n<\/div><\/div> <div class=\"one_third last\"><h1>TRABAJA CON NOSOTROS<\/h1>\n<dl>\n<dt>\u00bfDesea trabajar con nosotros?<\/dt>\n<dd><span style=\"color: #000000;\">Ante todo, gracias por confiar en Satinfo como empresa para desarrollar su carrera profesional. Si quiere unirse a nuestro equipo, deje su CV y lo tendremos en cuenta para futuros procesos de selecci\u00f3n.<\/span><\/dd>\n<\/dl>\n<div class=\"link-3\"><a href=\"..\/empresa-3\/trabaja-con-nosotros\">Envianos tu curr\u00edculum<\/a>\u00a0<\/div><div class=\"clear\"><\/div><\/div>\n<\/div>\n","protected":false},"excerpt":{"rendered":"","protected":false},"author":41,"featured_media":0,"parent":0,"menu_order":0,"comment_status":"closed","ping_status":"closed","template":"page-fullwidth.php","meta":{"_monsterinsights_skip_tracking":false,"_monsterinsights_sitenote_active":false,"_monsterinsights_sitenote_note":"","_monsterinsights_sitenote_category":0,"footnotes":""},"class_list":["post-90","page","type-page","status-publish","hentry"],"aioseo_notices":[],"_links":{"self":[{"href":"https:\/\/satinfo.es\/web-wp\/index.php\/wp-json\/wp\/v2\/pages\/90","targetHints":{"allow":["GET"]}}],"collection":[{"href":"https:\/\/satinfo.es\/web-wp\/index.php\/wp-json\/wp\/v2\/pages"}],"about":[{"href":"https:\/\/satinfo.es\/web-wp\/index.php\/wp-json\/wp\/v2\/types\/page"}],"author":[{"embeddable":true,"href":"https:\/\/satinfo.es\/web-wp\/index.php\/wp-json\/wp\/v2\/users\/41"}],"replies":[{"embeddable":true,"href":"https:\/\/satinfo.es\/web-wp\/index.php\/wp-json\/wp\/v2\/comments?post=90"}],"version-history":[{"count":0,"href":"https:\/\/satinfo.es\/web-wp\/index.php\/wp-json\/wp\/v2\/pages\/90\/revisions"}],"wp:attachment":[{"href":"https:\/\/satinfo.es\/web-wp\/index.php\/wp-json\/wp\/v2\/media?parent=90"}],"curies":[{"name":"wp","href":"https:\/\/api.w.org\/{rel}","templated":true}]}}