

{"id":899,"date":"2012-03-29T11:56:37","date_gmt":"2012-03-29T10:56:37","guid":{"rendered":"http:\/\/satinfo.es\/web-wp\/?page_id=899"},"modified":"2014-05-29T09:56:47","modified_gmt":"2014-05-29T08:56:47","slug":"libreria-de-virus","status":"publish","type":"page","link":"https:\/\/satinfo.es\/web-wp\/index.php\/libreria-de-virus\/","title":{"rendered":"Librer\u00eda de virus"},"content":{"rendered":"<h2 style=\"text-align: justify;\">Librer\u00eda de virus<\/h2>\n<p style=\"text-align: justify;\">Hoy en d\u00eda existen m\u00e1s de 18.000 amenazas. El Laboratorio de Amenazas de McAfee tiene detallada informaci\u00f3n de virus, troyanos, hoaxes, vunerabilidades, de d\u00f3nde vienen, c\u00f3mo infectan nuestro sistema y c\u00f3mo remediarlos. Si accede al siguiente link encontrar\u00e1 toda la informaci\u00f3n que necesita:<\/p>\n<p><span style=\"color: #0000ff;\"><a href=\"http:\/\/www.mcafee.com\/us\/threat-center.aspx\" target=\"_blank\"><span style=\"color: #0000ff;\">http:\/\/www.mcafee.com\/us\/threat-center.aspx<\/span><\/a><\/span><\/p>\n","protected":false},"excerpt":{"rendered":"<p>Librer\u00eda de virus Hoy en d\u00eda existen m\u00e1s de 18.000 amenazas. El Laboratorio de Amenazas de McAfee tiene detallada informaci\u00f3n de virus, troyanos, hoaxes, vunerabilidades, de d\u00f3nde vienen, c\u00f3mo infectan nuestro sistema y c\u00f3mo remediarlos. Si accede al siguiente link encontrar\u00e1 toda la informaci\u00f3n que necesita: http:\/\/www.mcafee.com\/us\/threat-center.aspx<\/p>\n","protected":false},"author":41,"featured_media":0,"parent":0,"menu_order":0,"comment_status":"closed","ping_status":"open","template":"page-fullwidth.php","meta":{"_monsterinsights_skip_tracking":false,"_monsterinsights_sitenote_active":false,"_monsterinsights_sitenote_note":"","_monsterinsights_sitenote_category":0,"footnotes":""},"class_list":["post-899","page","type-page","status-publish","hentry"],"aioseo_notices":[],"_links":{"self":[{"href":"https:\/\/satinfo.es\/web-wp\/index.php\/wp-json\/wp\/v2\/pages\/899","targetHints":{"allow":["GET"]}}],"collection":[{"href":"https:\/\/satinfo.es\/web-wp\/index.php\/wp-json\/wp\/v2\/pages"}],"about":[{"href":"https:\/\/satinfo.es\/web-wp\/index.php\/wp-json\/wp\/v2\/types\/page"}],"author":[{"embeddable":true,"href":"https:\/\/satinfo.es\/web-wp\/index.php\/wp-json\/wp\/v2\/users\/41"}],"replies":[{"embeddable":true,"href":"https:\/\/satinfo.es\/web-wp\/index.php\/wp-json\/wp\/v2\/comments?post=899"}],"version-history":[{"count":0,"href":"https:\/\/satinfo.es\/web-wp\/index.php\/wp-json\/wp\/v2\/pages\/899\/revisions"}],"wp:attachment":[{"href":"https:\/\/satinfo.es\/web-wp\/index.php\/wp-json\/wp\/v2\/media?parent=899"}],"curies":[{"name":"wp","href":"https:\/\/api.w.org\/{rel}","templated":true}]}}