

{"id":805,"date":"2012-03-15T13:06:55","date_gmt":"2012-03-15T12:06:55","guid":{"rendered":"http:\/\/satinfo.es\/web-wp\/?page_id=805"},"modified":"2024-04-29T15:31:23","modified_gmt":"2024-04-29T14:31:23","slug":"agendaeventos","status":"publish","type":"page","link":"https:\/\/satinfo.es\/web-wp\/index.php\/agendaeventos\/","title":{"rendered":"Agenda\/eventos"},"content":{"rendered":"<h2><span style=\"color: #000000;\" data-mce-mark=\"1\">Agenda\/Eventos<\/span><\/h2>\n<h2><span style=\"color: #000080;\"><strong><span style=\"text-decoration: underline;\">PR\u00d3XIMOS EVENTOS<\/span><\/strong><\/span><\/h2>\n<p><span style=\"color: #000000;\">Para m\u00e1s informaci\u00f3n sobre los webinars, contacte con el departamento comercial.<\/span><\/p>\n<p><span style=\"color: #000000;\"><strong>Webinars de Hornetsecurity:<\/strong><\/span><\/p>\n<p><span style=\"color: #3366ff;\"><strong>Webinars t\u00e9cnicos del mes de abril (contactar con dpto comercial)<\/strong><\/span><\/p>\n<p>&nbsp;<\/p>\n<h2><span style=\"color: #000080;\"><strong><span style=\"text-decoration: underline;\">EVENTOS\u00a0REALIZADOS<\/span><\/strong><\/span><\/h2>\n<p><span style=\"color: #000000;\"><strong>Webinars de Cynet:<\/strong><\/span><\/p>\n<p><span style=\"color: #3366ff;\"><b>Enero, febrero, marzo, abril, mayo, septiembre, octubre, noviembre y diciembre 2023<\/b><\/span><\/p>\n<p><span style=\"color: #000000;\"><strong>Webinars de Hornetsecurity:<\/strong><\/span><\/p>\n<p><span style=\"color: #3366ff;\"><b>Septiembre, octubre, noviembre 2023<\/b><\/span><\/p>\n<p><span style=\"color: #3366ff;\"><b>Enero, febrero, marzo y abril 2024<\/b><\/span><\/p>\n<p>&nbsp;<\/p>\n<p><strong><span style=\"color: #3366ff;\">14 junio. Road Show Satinfo y Cynet en el Wanda Metropolitano.<\/span><\/strong><\/p>\n<p><a href=\"https:\/\/satinfo.es\/web-wp\/wp-content\/uploads\/2022\/07\/871463f0-dcd1-4fd0-8921-643a91524e57.jpg\"><img loading=\"lazy\" decoding=\"async\" class=\"alignnone size-medium wp-image-12942\" src=\"https:\/\/satinfo.es\/web-wp\/wp-content\/uploads\/2022\/07\/871463f0-dcd1-4fd0-8921-643a91524e57-300x150.jpg\" alt=\"\" width=\"300\" height=\"150\" srcset=\"https:\/\/satinfo.es\/web-wp\/wp-content\/uploads\/2022\/07\/871463f0-dcd1-4fd0-8921-643a91524e57-300x150.jpg 300w, https:\/\/satinfo.es\/web-wp\/wp-content\/uploads\/2022\/07\/871463f0-dcd1-4fd0-8921-643a91524e57-1024x512.jpg 1024w, https:\/\/satinfo.es\/web-wp\/wp-content\/uploads\/2022\/07\/871463f0-dcd1-4fd0-8921-643a91524e57-768x384.jpg 768w, https:\/\/satinfo.es\/web-wp\/wp-content\/uploads\/2022\/07\/871463f0-dcd1-4fd0-8921-643a91524e57-1536x768.jpg 1536w, https:\/\/satinfo.es\/web-wp\/wp-content\/uploads\/2022\/07\/871463f0-dcd1-4fd0-8921-643a91524e57-600x300.jpg 600w, https:\/\/satinfo.es\/web-wp\/wp-content\/uploads\/2022\/07\/871463f0-dcd1-4fd0-8921-643a91524e57.jpg 1600w\" sizes=\"auto, (max-width: 300px) 100vw, 300px\" \/><\/a><\/p>\n<p><strong><span style=\"color: #3366ff;\">7 junio. Road Show Satinfo y Cynet en el Camp Nou.<\/span><\/strong><\/p>\n<p><span style=\"color: #000000;\">Primer evento organizado conjuntamente entre SATINFO SL y CYNET, con motivo del reciente contrato EXCLUSIVO de colaboraci\u00f3n. <\/span><span style=\"color: #000000;\">CYNET present\u00f3 Cynet 360 AutoXDR, la \u00fanica plataforma XDR del mercado completamente automatizada y monitorizada 24&#215;7. Adem\u00e1s de productos, soluciones, canal, ventas, posicionamiento y mucho m\u00e1s.<\/span><\/p>\n<p><a href=\"https:\/\/satinfo.es\/web-wp\/wp-content\/uploads\/2022\/07\/IMG_9033.jpg\"><img loading=\"lazy\" decoding=\"async\" class=\"alignnone size-medium wp-image-12941\" src=\"https:\/\/satinfo.es\/web-wp\/wp-content\/uploads\/2022\/07\/IMG_9033-300x225.jpg\" alt=\"\" width=\"300\" height=\"225\" srcset=\"https:\/\/satinfo.es\/web-wp\/wp-content\/uploads\/2022\/07\/IMG_9033-300x225.jpg 300w, https:\/\/satinfo.es\/web-wp\/wp-content\/uploads\/2022\/07\/IMG_9033-1024x768.jpg 1024w, https:\/\/satinfo.es\/web-wp\/wp-content\/uploads\/2022\/07\/IMG_9033-768x576.jpg 768w, https:\/\/satinfo.es\/web-wp\/wp-content\/uploads\/2022\/07\/IMG_9033-1536x1152.jpg 1536w, https:\/\/satinfo.es\/web-wp\/wp-content\/uploads\/2022\/07\/IMG_9033.jpg 2016w\" sizes=\"auto, (max-width: 300px) 100vw, 300px\" \/><\/a><\/p>\n<p><span style=\"color: #3366ff;\"><strong>24 marzo. Webinar t\u00e9cnico sobre productos de Hornetsecurity.<\/strong><\/span><\/p>\n<p><span style=\"color: #3366ff;\"><strong>10 marzo y 7 abril. Webinars de producto de Nemasis.<\/strong><\/span><\/p>\n<p><span style=\"color: #3366ff;\"><strong>24 febrero. Webinar comercial sobre productos de Hornetsecurity.<\/strong><\/span><\/p>\n<p><span style=\"color: #3366ff;\"><strong>10 febrero. Webinar de producto de Nemasis.<\/strong><\/span><\/p>\n<p><span style=\"color: #3366ff;\"><strong>27 de enero 2022. Webinar comercial y t\u00e9cnico de Hornetsecurity.<\/strong><\/span><\/p>\n<p><span style=\"color: #3366ff;\"><strong>26 de octubre 2021. Desayuno de partners Satinfo-Hornetsecurity.<\/strong><\/span><\/p>\n<p><a href=\"https:\/\/satinfo.es\/web-wp\/wp-content\/uploads\/2021\/10\/IMG_2546.jpg\"><img loading=\"lazy\" decoding=\"async\" class=\"alignnone size-medium wp-image-12074\" src=\"https:\/\/satinfo.es\/web-wp\/wp-content\/uploads\/2021\/10\/IMG_2546-300x225.jpg\" alt=\"\" width=\"300\" height=\"225\" srcset=\"https:\/\/satinfo.es\/web-wp\/wp-content\/uploads\/2021\/10\/IMG_2546-300x225.jpg 300w, https:\/\/satinfo.es\/web-wp\/wp-content\/uploads\/2021\/10\/IMG_2546.jpg 320w\" sizes=\"auto, (max-width: 300px) 100vw, 300px\" \/><\/a><\/p>\n<p>&nbsp;<\/p>\n<p><span style=\"color: #3366ff;\"><strong><b>16 de marzo a las 17h. Evento organizado conjuntamente con Hornetsecurity. Webinar t\u00e9cnico y cata de cervezas online.<\/b><b>\u00a0<\/b><\/strong><\/span><\/p>\n<p><a href=\"https:\/\/satinfo.es\/web-wp\/wp-content\/uploads\/2021\/02\/2021-email-banner-partner-beer-tasting_spain.jpg\"><img loading=\"lazy\" decoding=\"async\" class=\"alignnone wp-image-11566 \" src=\"https:\/\/satinfo.es\/web-wp\/wp-content\/uploads\/2021\/02\/2021-email-banner-partner-beer-tasting_spain.jpg\" alt=\"\" width=\"768\" height=\"181\" srcset=\"https:\/\/satinfo.es\/web-wp\/wp-content\/uploads\/2021\/02\/2021-email-banner-partner-beer-tasting_spain.jpg 2540w, https:\/\/satinfo.es\/web-wp\/wp-content\/uploads\/2021\/02\/2021-email-banner-partner-beer-tasting_spain-300x71.jpg 300w, https:\/\/satinfo.es\/web-wp\/wp-content\/uploads\/2021\/02\/2021-email-banner-partner-beer-tasting_spain-1024x242.jpg 1024w, https:\/\/satinfo.es\/web-wp\/wp-content\/uploads\/2021\/02\/2021-email-banner-partner-beer-tasting_spain-768x181.jpg 768w, https:\/\/satinfo.es\/web-wp\/wp-content\/uploads\/2021\/02\/2021-email-banner-partner-beer-tasting_spain-1536x363.jpg 1536w, https:\/\/satinfo.es\/web-wp\/wp-content\/uploads\/2021\/02\/2021-email-banner-partner-beer-tasting_spain-2048x484.jpg 2048w\" sizes=\"auto, (max-width: 768px) 100vw, 768px\" \/><\/a><\/p>\n<h2><\/h2>\n<p><span style=\"color: #3366ff;\"><strong>26 de noviembre 2019. Webinar comercial y t\u00e9cnico de la plataforma<\/strong> <strong>Kaspersky ASAP.\u00a0<\/strong><\/span><\/p>\n<p><span style=\"color: #3366ff;\"><strong>14 de mayo 2019. Evento conjunto con BigBubo y Kaspersky dirigido a nuestros distribuidores. Casino de Barcelona:<\/strong><\/span><\/p>\n<p><a href=\"https:\/\/satinfo.es\/web-wp\/wp-content\/uploads\/2019\/05\/IMG_8430.jpg\"><img loading=\"lazy\" decoding=\"async\" class=\"alignnone size-medium wp-image-10143\" src=\"https:\/\/satinfo.es\/web-wp\/wp-content\/uploads\/2019\/05\/IMG_8430-300x225.jpg\" alt=\"\" width=\"300\" height=\"225\" srcset=\"https:\/\/satinfo.es\/web-wp\/wp-content\/uploads\/2019\/05\/IMG_8430-300x225.jpg 300w, https:\/\/satinfo.es\/web-wp\/wp-content\/uploads\/2019\/05\/IMG_8430.jpg 640w\" sizes=\"auto, (max-width: 300px) 100vw, 300px\" \/><\/a><\/p>\n<p>&nbsp;<\/p>\n<p style=\"text-align: justify;\"><span style=\"color: #3366ff;\"><strong>13 de Junio 2017. McAfee Security F\u00f3rum CiberSEC en el Santiago Bernab\u00e9u, Madrid<\/strong><\/span><\/p>\n<p style=\"text-align: justify;\"><a href=\"https:\/\/satinfo.es\/web-wp\/wp-content\/uploads\/2012\/03\/IMG_9547.jpg\"><img loading=\"lazy\" decoding=\"async\" class=\"alignnone size-medium wp-image-8268\" src=\"https:\/\/satinfo.es\/web-wp\/wp-content\/uploads\/2012\/03\/IMG_9547-225x300.jpg\" alt=\"\" width=\"225\" height=\"300\" srcset=\"https:\/\/satinfo.es\/web-wp\/wp-content\/uploads\/2012\/03\/IMG_9547-225x300.jpg 225w, https:\/\/satinfo.es\/web-wp\/wp-content\/uploads\/2012\/03\/IMG_9547-768x1024.jpg 768w, https:\/\/satinfo.es\/web-wp\/wp-content\/uploads\/2012\/03\/IMG_9547.jpg 1200w\" sizes=\"auto, (max-width: 225px) 100vw, 225px\" \/><\/a>\u00a0 <a href=\"https:\/\/satinfo.es\/web-wp\/wp-content\/uploads\/2012\/03\/IMG_9548.jpg\"><img loading=\"lazy\" decoding=\"async\" class=\"alignnone size-medium wp-image-8270\" src=\"https:\/\/satinfo.es\/web-wp\/wp-content\/uploads\/2012\/03\/IMG_9548-300x225.jpg\" alt=\"\" width=\"300\" height=\"225\" srcset=\"https:\/\/satinfo.es\/web-wp\/wp-content\/uploads\/2012\/03\/IMG_9548-300x225.jpg 300w, https:\/\/satinfo.es\/web-wp\/wp-content\/uploads\/2012\/03\/IMG_9548-768x576.jpg 768w, https:\/\/satinfo.es\/web-wp\/wp-content\/uploads\/2012\/03\/IMG_9548-1024x768.jpg 1024w, https:\/\/satinfo.es\/web-wp\/wp-content\/uploads\/2012\/03\/IMG_9548.jpg 1600w\" sizes=\"auto, (max-width: 300px) 100vw, 300px\" \/><\/a><\/p>\n<p style=\"text-align: justify;\"><span style=\"color: #000000;\">SATINFO estuvo presente en la\u00a0segunda edici\u00f3n de este evento, una\u00a0de las principales conferencias internacionales de Seguridad.<\/span><\/p>\n<p>&nbsp;<\/p>\n<p style=\"text-align: justify;\"><strong><span style=\"color: #3366ff;\">4-7\u00a0Junio 2017.\u00a0Kaspersky Global Partner Conference, Mosc\u00fa.<\/span><\/strong><\/p>\n<p style=\"text-align: justify;\"><span style=\"color: #000000;\" data-mce-mark=\"1\"><a href=\"https:\/\/satinfo.es\/web-wp\/wp-content\/uploads\/2012\/03\/global-partner-321.jpg\"><img loading=\"lazy\" decoding=\"async\" class=\"alignnone wp-image-8280 \" src=\"https:\/\/satinfo.es\/web-wp\/wp-content\/uploads\/2012\/03\/global-partner-321-1024x640.jpg\" alt=\"\" width=\"373\" height=\"233\" srcset=\"https:\/\/satinfo.es\/web-wp\/wp-content\/uploads\/2012\/03\/global-partner-321-1024x640.jpg 1024w, https:\/\/satinfo.es\/web-wp\/wp-content\/uploads\/2012\/03\/global-partner-321-300x188.jpg 300w, https:\/\/satinfo.es\/web-wp\/wp-content\/uploads\/2012\/03\/global-partner-321-768x480.jpg 768w\" sizes=\"auto, (max-width: 373px) 100vw, 373px\" \/><\/a><\/span><\/p>\n<p style=\"text-align: justify;\"><span style=\"color: #000000;\">Satinfo estuvo presente en el encuentro Global de Kasperksy Lab en Mosc\u00fa.<\/span><\/p>\n<p>&nbsp;<\/p>\n<p style=\"text-align: justify;\"><strong style=\"color: #3366ff;\">16 Marzo 2016.\u00a0Intel Security Summit en el Estadio Santiago Bernabeu, Madrid.<\/strong><\/p>\n<p><a href=\"https:\/\/satinfo.es\/web-wp\/wp-content\/uploads\/2012\/03\/IMG_5624.jpg\" rel=\"attachment wp-att-6841\"><img loading=\"lazy\" decoding=\"async\" class=\"alignnone wp-image-6841 \" src=\"https:\/\/satinfo.es\/web-wp\/wp-content\/uploads\/2012\/03\/IMG_5624-1024x768.jpg\" alt=\"IMG_5624\" width=\"360\" height=\"270\" srcset=\"https:\/\/satinfo.es\/web-wp\/wp-content\/uploads\/2012\/03\/IMG_5624-1024x768.jpg 1024w, https:\/\/satinfo.es\/web-wp\/wp-content\/uploads\/2012\/03\/IMG_5624-300x225.jpg 300w, https:\/\/satinfo.es\/web-wp\/wp-content\/uploads\/2012\/03\/IMG_5624-768x576.jpg 768w, https:\/\/satinfo.es\/web-wp\/wp-content\/uploads\/2012\/03\/IMG_5624.jpg 1600w\" sizes=\"auto, (max-width: 360px) 100vw, 360px\" \/><\/a><\/p>\n<p style=\"text-align: justify;\"><span style=\"color: #000000;\">SATINFO estuvo presente en la primera edici\u00f3n de este evento, realizado por primera vez\u00a0en Espa\u00f1a. Es una\u00a0de las principales conferencias internacionales de Seguridad.<\/span><\/p>\n<p>&nbsp;<\/p>\n<p><strong style=\"color: #3366ff;\">03 Junio 2015. OPEN DAY\u00a0Kaspersky Lab en el Casino de Barcelona.<\/strong><\/p>\n<p><img loading=\"lazy\" decoding=\"async\" class=\"alignleft wp-image-5914\" src=\"https:\/\/satinfo.es\/web-wp\/wp-content\/uploads\/2012\/03\/IMG_9600-300x225.jpg\" alt=\"IMG_9600\" width=\"350\" height=\"263\" srcset=\"https:\/\/satinfo.es\/web-wp\/wp-content\/uploads\/2012\/03\/IMG_9600-300x225.jpg 300w, https:\/\/satinfo.es\/web-wp\/wp-content\/uploads\/2012\/03\/IMG_9600.jpg 320w\" sizes=\"auto, (max-width: 350px) 100vw, 350px\" \/><\/p>\n<p><strong style=\"color: #3366ff;\">\u00a0<\/strong><\/p>\n<p>&nbsp;<\/p>\n<p>&nbsp;<\/p>\n<p>&nbsp;<\/p>\n<p>&nbsp;<\/p>\n<p>&nbsp;<\/p>\n<p>&nbsp;<\/p>\n<p>&nbsp;<\/p>\n<p style=\"text-align: justify;\"><span style=\"color: #000000;\">\u00c9xito rotundo de\u00a0esta jornada en la que 20\u00a0partners asistieron a la presentaci\u00f3n de las soluciones de seguridad de KASPERSKY LAB de 2015. Adem\u00e1s de\u00a0una ponencia\u00a0comercial, la ponencia t\u00e9cnica incluy\u00f3 una demostraci\u00f3n de la consola de KL.\u00a0<\/span><\/p>\n<p style=\"text-align: justify;\"><span style=\"color: #000000;\">Los asistentes tambi\u00e9n pudieron disfrutar de una clase magistral de P\u00f3ker y de un\u00a0torneo entre ellos.<\/span><\/p>\n<p>&nbsp;<\/p>\n<p><span style=\"color: #3366ff;\"><strong>23 y 24 de Febrero de 2015\/28 y 29 de Abril de 2015\/26 y 27 de Mayo de 2015. Curso &#8216;Administraci\u00f3n y Seguridad de Kaspersky Endpoint Security (aspectos b\u00e1sicos)&#8217;.\u00a0<\/strong><\/span><\/p>\n<p><span style=\"color: #000000;\">\u00a0<a href=\"https:\/\/satinfo.es\/web-wp\/wp-content\/uploads\/2012\/03\/foto-aula-ATC.jpg\"><img loading=\"lazy\" decoding=\"async\" class=\"alignleft wp-image-5566\" src=\"https:\/\/satinfo.es\/web-wp\/wp-content\/uploads\/2012\/03\/foto-aula-ATC-300x222.jpg\" alt=\"foto aula ATC\" width=\"350\" height=\"259\" srcset=\"https:\/\/satinfo.es\/web-wp\/wp-content\/uploads\/2012\/03\/foto-aula-ATC-300x222.jpg 300w, https:\/\/satinfo.es\/web-wp\/wp-content\/uploads\/2012\/03\/foto-aula-ATC.jpg 533w\" sizes=\"auto, (max-width: 350px) 100vw, 350px\" \/><\/a><\/span><\/p>\n<p>&nbsp;<\/p>\n<p>&nbsp;<\/p>\n<p>&nbsp;<\/p>\n<p>&nbsp;<\/p>\n<p>&nbsp;<\/p>\n<p>&nbsp;<\/p>\n<p>&nbsp;<\/p>\n<p><strong style=\"color: #3366ff;\">10 Junio 2014. OPEN DAY\u00a0Kaspersky Lab en Valencia.\u00a0<\/strong><\/p>\n<p><a href=\"https:\/\/satinfo.es\/web-wp\/wp-content\/uploads\/2012\/03\/foto-1.jpg\"><img loading=\"lazy\" decoding=\"async\" class=\"alignnone wp-image-4560\" src=\"https:\/\/satinfo.es\/web-wp\/wp-content\/uploads\/2012\/03\/foto-1.jpg\" alt=\"foto 1\" width=\"400\" height=\"300\" srcset=\"https:\/\/satinfo.es\/web-wp\/wp-content\/uploads\/2012\/03\/foto-1.jpg 640w, https:\/\/satinfo.es\/web-wp\/wp-content\/uploads\/2012\/03\/foto-1-300x225.jpg 300w\" sizes=\"auto, (max-width: 400px) 100vw, 400px\" \/><\/a><\/p>\n<p style=\"text-align: justify;\"><span style=\"color: #000000;\">\u00c9xito de\u00a0esta jornada en la que los partners asistieron a la presentaci\u00f3n comercial y t\u00e9cnica de las soluciones de seguridad de KASPERSKY LAB. El evento cont\u00f3 el caso de \u00e9xito de Kaspersky Lab con FERRARI.<\/span><\/p>\n<p style=\"text-align: justify;\"><span style=\"color: #000000;\">Bajo un espl\u00e9ndido sol, los asistentes pudieron disfrutar de una charla interesante para sus negocios\u00a0y participaron en el sorteo de una caja Smartbox gastron\u00f3mica.<\/span><\/p>\n<p>&nbsp;<\/p>\n<p><strong style=\"color: #3366ff;\">29 de Mayo de 2014. OPEN DAY\u00a0Kaspersky Lab en Santiago de ComposteLa.\u00a0<\/strong><\/p>\n<p><a href=\"https:\/\/satinfo.es\/web-wp\/wp-content\/uploads\/2012\/03\/foto-3.jpg\"><img loading=\"lazy\" decoding=\"async\" class=\"alignnone wp-image-4520\" src=\"https:\/\/satinfo.es\/web-wp\/wp-content\/uploads\/2012\/03\/foto-3.jpg\" alt=\"foto 3\" width=\"384\" height=\"288\" srcset=\"https:\/\/satinfo.es\/web-wp\/wp-content\/uploads\/2012\/03\/foto-3.jpg 640w, https:\/\/satinfo.es\/web-wp\/wp-content\/uploads\/2012\/03\/foto-3-300x225.jpg 300w\" sizes=\"auto, (max-width: 384px) 100vw, 384px\" \/><\/a><\/p>\n<p style=\"text-align: justify;\"><span style=\"color: #000000;\">\u00c9xito de\u00a0esta jornada en la que los partners asistieron a la presentaci\u00f3n de las soluciones de seguridad de KASPERSKY LAB. El evento cont\u00f3 con la colaboraci\u00f3n de GRUPO HIJOS DE RIVERA S.A.U (ESTRELLA GALICIA), que present\u00f3 su Caso de \u00e9xito con KASPERSKY LAB.<\/span><\/p>\n<p style=\"text-align: justify;\"><span style=\"color: #000000;\">A pesar del d\u00eda lluvioso, los asistentes pudieron disfrutar de una charla interesante para sus negocios\u00a0y participaron en el sorteo de una caja Smartbox gastron\u00f3mica.<\/span><\/p>\n<p style=\"text-align: justify;\"><span style=\"color: #000000;\">\u00a0<\/span><\/p>\n<p><span style=\"color: #3366ff;\"><strong>4 de Marzo de 2014. OPEN DAY\u00a0Kaspersky Lab en el Camp Nou, FC Barcelona.\u00a0<\/strong><\/span><\/p>\n<p><a style=\"line-height: 1.5em;\" href=\"https:\/\/satinfo.es\/web-wp\/wp-content\/uploads\/2012\/03\/foto.jpg\"><img loading=\"lazy\" decoding=\"async\" class=\"wp-image-4244 alignnone\" src=\"https:\/\/satinfo.es\/web-wp\/wp-content\/uploads\/2012\/03\/foto.jpg\" alt=\"foto\" width=\"384\" height=\"288\" srcset=\"https:\/\/satinfo.es\/web-wp\/wp-content\/uploads\/2012\/03\/foto.jpg 640w, https:\/\/satinfo.es\/web-wp\/wp-content\/uploads\/2012\/03\/foto-300x225.jpg 300w\" sizes=\"auto, (max-width: 384px) 100vw, 384px\" \/><\/a><\/p>\n<p style=\"text-align: justify;\"><span style=\"color: #000000;\">\u00c9xito rotundo de\u00a0esta jornada en la que los 50 partners asistieron a la presentaci\u00f3n de las soluciones de seguridad de KASPERSKY LAB. El evento tambi\u00e9n cont\u00f3 con la colaboraci\u00f3n de EQUATORIAL COCA-COLA BOTTLING COMPANY S.L., que present\u00f3 su Caso de \u00e9xito con KASPERSKY LAB.<\/span><\/p>\n<p style=\"text-align: justify;\"><span style=\"color: #000000;\">Los asistentes tambi\u00e9n pudieron disfrutar de un tour por las instalaciones del emblem\u00e1tico club, y participar\u00e1 en un sorteo de una videoconsola.<\/span><\/p>\n","protected":false},"excerpt":{"rendered":"<p>Agenda\/Eventos PR\u00d3XIMOS EVENTOS Para m\u00e1s informaci\u00f3n sobre los webinars, contacte con el departamento comercial. Webinars de Hornetsecurity: Webinars t\u00e9cnicos del mes de abril (contactar con dpto comercial) &nbsp; EVENTOS\u00a0REALIZADOS Webinars de Cynet: Enero, febrero, marzo, abril, mayo, septiembre, octubre, noviembre y diciembre 2023 Webinars de Hornetsecurity: Septiembre, octubre, noviembre 2023 Enero, febrero, marzo y abril&nbsp;<a href=\"https:\/\/satinfo.es\/web-wp\/index.php\/agendaeventos\/\" class=\"read-more\">Continue Reading<\/a><\/p>\n","protected":false},"author":41,"featured_media":0,"parent":0,"menu_order":0,"comment_status":"closed","ping_status":"open","template":"page-fullwidth.php","meta":{"_monsterinsights_skip_tracking":false,"_monsterinsights_sitenote_active":false,"_monsterinsights_sitenote_note":"","_monsterinsights_sitenote_category":0,"footnotes":""},"class_list":["post-805","page","type-page","status-publish","hentry"],"aioseo_notices":[],"_links":{"self":[{"href":"https:\/\/satinfo.es\/web-wp\/index.php\/wp-json\/wp\/v2\/pages\/805","targetHints":{"allow":["GET"]}}],"collection":[{"href":"https:\/\/satinfo.es\/web-wp\/index.php\/wp-json\/wp\/v2\/pages"}],"about":[{"href":"https:\/\/satinfo.es\/web-wp\/index.php\/wp-json\/wp\/v2\/types\/page"}],"author":[{"embeddable":true,"href":"https:\/\/satinfo.es\/web-wp\/index.php\/wp-json\/wp\/v2\/users\/41"}],"replies":[{"embeddable":true,"href":"https:\/\/satinfo.es\/web-wp\/index.php\/wp-json\/wp\/v2\/comments?post=805"}],"version-history":[{"count":0,"href":"https:\/\/satinfo.es\/web-wp\/index.php\/wp-json\/wp\/v2\/pages\/805\/revisions"}],"wp:attachment":[{"href":"https:\/\/satinfo.es\/web-wp\/index.php\/wp-json\/wp\/v2\/media?parent=805"}],"curies":[{"name":"wp","href":"https:\/\/api.w.org\/{rel}","templated":true}]}}