

{"id":787,"date":"2012-03-15T12:33:19","date_gmt":"2012-03-15T11:33:19","guid":{"rendered":"http:\/\/satinfo.es\/web-wp\/?page_id=787"},"modified":"2012-04-13T13:07:00","modified_gmt":"2012-04-13T12:07:00","slug":"clavister-demuestra-su-vision-de-la-proxima-generacion-de-herramientas-de-gestion-de-seguridad-clavister-com-6-mar-12","status":"publish","type":"page","link":"https:\/\/satinfo.es\/web-wp\/index.php\/clavister-demuestra-su-vision-de-la-proxima-generacion-de-herramientas-de-gestion-de-seguridad-clavister-com-6-mar-12\/","title":{"rendered":"Clavister demuestra su visi\u00f3n de la pr\u00f3xima generaci\u00f3n de herramientas de gesti\u00f3n de seguridad (Clavister.com, 6 mar 12)"},"content":{"rendered":"<h2 style=\"text-align: justify;\"><span style=\"color: #000000;\">Clavister demuestra su visi\u00f3n de la pr\u00f3xima generaci\u00f3n de herramientas de gesti\u00f3n de seguridad (Clavister.com, 6 mar 12)<\/span><\/h2>\n<p style=\"text-align: justify;\"><span style=\"color: #000000;\">Clavister, un proveedor de red de protecci\u00f3n reconocido de clase mundial ofreciendo protecci\u00f3n a los organismos a nivel mundial, presentar\u00e1 su evoluci\u00f3n continua de la gesti\u00f3n de la seguridad inteligente de herramientas &#8211; Clavister Application Control y Clavister InControl 1,30.<\/span><\/p>\n<p style=\"text-align: justify;\"><span style=\"color: #000000;\">Clavister se enorgullece en presentar su m\u00e1s reciente aplicaci\u00f3n a su creciente n\u00famero de servicios de seguridad &#8211; Clavister Application Control.<\/span><\/p>\n<p style=\"text-align: justify;\"><span style=\"color: #000000;\">Con soporte para m\u00e1s de 1.000 aplicaciones y m\u00e1s de 5.000 los atributos, el nuevo Clavister Application Control se puede configurar para cualquier organizaci\u00f3n y conjunto de un gran n\u00famero de aplicaciones, y ofrecer un nivel de control sin precedentes.<\/span><\/p>\n<p style=\"text-align: justify;\"><span style=\"color: #000000;\">Junto con la introducci\u00f3n de Clavister Application Control est\u00e1 la nueva versi\u00f3n de Clavister InControl 1,30, aplicaci\u00f3n centralizada de gesti\u00f3n de seguridad, con el nuevo soporte para la anal\u00edtica avanzada, una mayor Clavister InControl apoyo SDK con soporte para SOAP y de autenticaci\u00f3n, as\u00ed como mejoras generales de velocidad para grandes instalaciones.<\/span><\/p>\n<p style=\"text-align: justify;\"><span style=\"color: #000000;\">El nuevo InControl Clavister 1,30 apoyar\u00e1 los cubos de datos generados a partir de archivos de registro y la capacidad de mostrar la interfaz de tabla din\u00e1mica de an\u00e1lisis de estilo de gr\u00e1ficos con el contenido con la funcionalidad de rebanada-y-dados y la de drill-down. Pivot-tables son exportables a Microsoft \u00ae Excel, los datos pueden ser exportados a formato de archivo CSV y el gr\u00e1fico se puede exportar como im\u00e1genes. Una serie de consultas predefinidas estad\u00edsticas se incluyen los informes de hablador de arriba, etc.<\/span><\/p>\n","protected":false},"excerpt":{"rendered":"<p>Clavister demuestra su visi\u00f3n de la pr\u00f3xima generaci\u00f3n de herramientas de gesti\u00f3n de seguridad (Clavister.com, 6 mar 12) Clavister, un proveedor de red de protecci\u00f3n reconocido de clase mundial ofreciendo protecci\u00f3n a los organismos a nivel mundial, presentar\u00e1 su evoluci\u00f3n continua de la gesti\u00f3n de la seguridad inteligente de herramientas &#8211; Clavister Application Control y&nbsp;<a href=\"https:\/\/satinfo.es\/web-wp\/index.php\/clavister-demuestra-su-vision-de-la-proxima-generacion-de-herramientas-de-gestion-de-seguridad-clavister-com-6-mar-12\/\" class=\"read-more\">Continue Reading<\/a><\/p>\n","protected":false},"author":41,"featured_media":0,"parent":0,"menu_order":0,"comment_status":"closed","ping_status":"open","template":"page-fullwidth.php","meta":{"_monsterinsights_skip_tracking":false,"_monsterinsights_sitenote_active":false,"_monsterinsights_sitenote_note":"","_monsterinsights_sitenote_category":0,"footnotes":""},"class_list":["post-787","page","type-page","status-publish","hentry"],"aioseo_notices":[],"_links":{"self":[{"href":"https:\/\/satinfo.es\/web-wp\/index.php\/wp-json\/wp\/v2\/pages\/787","targetHints":{"allow":["GET"]}}],"collection":[{"href":"https:\/\/satinfo.es\/web-wp\/index.php\/wp-json\/wp\/v2\/pages"}],"about":[{"href":"https:\/\/satinfo.es\/web-wp\/index.php\/wp-json\/wp\/v2\/types\/page"}],"author":[{"embeddable":true,"href":"https:\/\/satinfo.es\/web-wp\/index.php\/wp-json\/wp\/v2\/users\/41"}],"replies":[{"embeddable":true,"href":"https:\/\/satinfo.es\/web-wp\/index.php\/wp-json\/wp\/v2\/comments?post=787"}],"version-history":[{"count":0,"href":"https:\/\/satinfo.es\/web-wp\/index.php\/wp-json\/wp\/v2\/pages\/787\/revisions"}],"wp:attachment":[{"href":"https:\/\/satinfo.es\/web-wp\/index.php\/wp-json\/wp\/v2\/media?parent=787"}],"curies":[{"name":"wp","href":"https:\/\/api.w.org\/{rel}","templated":true}]}}