

{"id":780,"date":"2012-03-15T12:27:16","date_gmt":"2012-03-15T11:27:16","guid":{"rendered":"http:\/\/satinfo.es\/web-wp\/?page_id=780"},"modified":"2012-04-13T13:08:07","modified_gmt":"2012-04-13T12:08:07","slug":"mcafee-lanza-nueva-solucion-de-seguridad-para-proteger-base-de-datos-generaccion-com-1-marzo-12","status":"publish","type":"page","link":"https:\/\/satinfo.es\/web-wp\/index.php\/mcafee-lanza-nueva-solucion-de-seguridad-para-proteger-base-de-datos-generaccion-com-1-marzo-12\/","title":{"rendered":"McAfee lanza nueva soluci\u00f3n de seguridad para proteger base de datos (Generacci\u00f3n.com, 1 marzo 12)"},"content":{"rendered":"<h2 style=\"text-align: justify;\"><span style=\"color: #000000;\">McAfee lanza nueva soluci\u00f3n de seguridad para proteger base de datos (Generacci\u00f3n.com, 1 marzo 12)<\/span><\/h2>\n<p style=\"text-align: justify;\"><span style=\"color: #000000;\">Incluye nueva protecci\u00f3n contra amenazas a bases de datos Teradata, plug-in de auditor\u00eda de base de datos gratuito para MySQL y capacidad de administrar seguridad de base de datos fuera de su propio silo.<\/span><\/p>\n<p style=\"text-align: justify;\"><span style=\"color: #000000;\">McAfee anunci\u00f3 hoy su nueva soluci\u00f3n McAfee Database Activity Monitoring que ofrece protecci\u00f3n confiable, en tiempo real, para bases de datos fundamentales para el negocio. La soluci\u00f3n permite que las organizaciones logren una eficacia mucho mayor en la administraci\u00f3n de seguridad a trav\u00e9s de su incorporaci\u00f3n en la plataforma de administraci\u00f3n de seguridad centralizada McAfee ePolicy Orchestrator.<\/span><\/p>\n<p style=\"text-align: justify;\"><span style=\"color: #000000;\">Conforme al Estudio de negocios de Verizon 2010, m\u00e1s de 90 por ciento de los registros violados involucran una base de datos, con m\u00e1s del 87 por ciento basado en proezas que requieren importantes habilidades t\u00e9cnicas. La soluci\u00f3n de seguridad de base de datos McAfee protege las bases de datos de amenazas externas, internas y dentro de la base de datos, y no requiere cambios en la arquitectura ni genera tiempo de inactividad, cuyo costo puede ser alto. La \u00faltima versi\u00f3n de McAfee Database Activity Monitoring ahora admite bases de datos MySQL y Teradata, en un esfuerzo por asegurar una completa protecci\u00f3n entre los m\u00e1s populares sistemas de administraci\u00f3n de bases de datos.<\/span><\/p>\n<p style=\"text-align: justify;\"><span style=\"color: #000000;\">\u201cTeradata trabaj\u00f3 de cerca con McAfee a fin de hacer posible la compatibilidad de Teradata con la nueva versi\u00f3n de McAfee Database Activity Monitoring\u201d, se\u00f1al\u00f3 Jim Browning, arquitecto de seguridad empresarial de Teradata Labs. \u201cLas empresas que utilizan McAfee ahora pueden darse cuenta del poder de Teradata, a la vez que supervisan mejor la actividad del usuario y mejoran la protecci\u00f3n de sus datos altamente sensibles\u201d.<\/span><\/p>\n<p style=\"text-align: justify;\"><span style=\"color: #000000;\">McAfee ahora hace posible que las organizaciones f\u00e1cilmente incorporen seguridad de base de datos en su programa de seguridad general y observen las importantes mejoras en la administraci\u00f3n con la completa integraci\u00f3n de McAfee Vulnerability Manager for Databases en la consola de McAfee ePolicy Orchestrator.<\/span><\/p>\n<p style=\"text-align: justify;\"><span style=\"color: #000000;\">\u201cNormalmente, tres de cuatro empresas conf\u00edan exclusivamente en las caracter\u00edsticas de seguridad de la base de datos original proporcionada por su proveedor de bases de datos\u201d, se\u00f1al\u00f3 Slavik Markovich, gerente de inform\u00e1tica de seguridad de bases de datos de McAfee.\u00a0 \u201cLas organizaciones de todos los tipos y tama\u00f1os que poseen informaci\u00f3n de bases de datos sensible y vulnerable (informaci\u00f3n de tarjetas de cr\u00e9dito, registros de pacientes, datos financieros corporativos, etc.) son vulnerables a las filtraciones que pueden ser perpetradas por piratas inform\u00e1ticos externos o usuarios de la empresa con privilegios\u201d.<\/span><\/p>\n<p style=\"text-align: justify;\"><span style=\"color: #000000;\">El enfoque exclusivo de McAfee con respecto a la base de datos sortea los principales desaf\u00edos que impiden que la mayor\u00eda de las organizaciones protejan adecuadamente sus bases de datos, al ofrecer funciones clave como:<\/span><br \/>\n<span style=\"color: #000000;\"> &#8211; Completa visibilidad de las vulnerabilidades de las bases de datos: conocimiento total de la existencia, sensibilidad de los datos y postura de seguridad de cada una y todas las bases de datos en el entorno.<\/span><br \/>\n<span style=\"color: #000000;\"> &#8211; Protecci\u00f3n no invasiva, en tiempo real, entre todos los vectores de amenazas: la soluci\u00f3n requiere que no hayan cambios a la base de datos existente y la arquitectura de red, puesto que los sensores basados en la mejora ofrecen una protecci\u00f3n confiable para las bases de datos en lo que a actividad maliciosa o no autorizada se refiere.<\/span><br \/>\n<span style=\"color: #000000;\"> &#8211; Cumplimiento sin tiempo de inactividad: a trav\u00e9s de los parches virtuales para bases de datos de McAfee, las actualizaciones de seguridad pueden realizarse sin interrumpir el negocio, es decir, sin desconectar las aplicaciones fundamentales.<\/span><\/p>\n","protected":false},"excerpt":{"rendered":"<p>McAfee lanza nueva soluci\u00f3n de seguridad para proteger base de datos (Generacci\u00f3n.com, 1 marzo 12) Incluye nueva protecci\u00f3n contra amenazas a bases de datos Teradata, plug-in de auditor\u00eda de base de datos gratuito para MySQL y capacidad de administrar seguridad de base de datos fuera de su propio silo. McAfee anunci\u00f3 hoy su nueva soluci\u00f3n&nbsp;<a href=\"https:\/\/satinfo.es\/web-wp\/index.php\/mcafee-lanza-nueva-solucion-de-seguridad-para-proteger-base-de-datos-generaccion-com-1-marzo-12\/\" class=\"read-more\">Continue Reading<\/a><\/p>\n","protected":false},"author":41,"featured_media":0,"parent":0,"menu_order":0,"comment_status":"closed","ping_status":"open","template":"page-fullwidth.php","meta":{"_monsterinsights_skip_tracking":false,"_monsterinsights_sitenote_active":false,"_monsterinsights_sitenote_note":"","_monsterinsights_sitenote_category":0,"footnotes":""},"class_list":["post-780","page","type-page","status-publish","hentry"],"aioseo_notices":[],"_links":{"self":[{"href":"https:\/\/satinfo.es\/web-wp\/index.php\/wp-json\/wp\/v2\/pages\/780","targetHints":{"allow":["GET"]}}],"collection":[{"href":"https:\/\/satinfo.es\/web-wp\/index.php\/wp-json\/wp\/v2\/pages"}],"about":[{"href":"https:\/\/satinfo.es\/web-wp\/index.php\/wp-json\/wp\/v2\/types\/page"}],"author":[{"embeddable":true,"href":"https:\/\/satinfo.es\/web-wp\/index.php\/wp-json\/wp\/v2\/users\/41"}],"replies":[{"embeddable":true,"href":"https:\/\/satinfo.es\/web-wp\/index.php\/wp-json\/wp\/v2\/comments?post=780"}],"version-history":[{"count":0,"href":"https:\/\/satinfo.es\/web-wp\/index.php\/wp-json\/wp\/v2\/pages\/780\/revisions"}],"wp:attachment":[{"href":"https:\/\/satinfo.es\/web-wp\/index.php\/wp-json\/wp\/v2\/media?parent=780"}],"curies":[{"name":"wp","href":"https:\/\/api.w.org\/{rel}","templated":true}]}}