

{"id":765,"date":"2012-03-15T12:24:09","date_gmt":"2012-03-15T11:24:09","guid":{"rendered":"http:\/\/satinfo.es\/web-wp\/?page_id=765"},"modified":"2026-04-07T15:18:35","modified_gmt":"2026-04-07T14:18:35","slug":"noticias-de-los-fabricantes","status":"publish","type":"page","link":"https:\/\/satinfo.es\/web-wp\/index.php\/noticias-de-los-fabricantes\/","title":{"rendered":"NOTICIAS DE LOS FABRICANTES"},"content":{"rendered":"<h2><span style=\"color: #000000;\">Noticias de los fabricantes<\/span><\/h2>\n<h2><span style=\"color: #000000;\">2026<\/span><\/h2>\n<ul>\n<li><a href=\"https:\/\/satinfo.es\/web-wp\/index.php\/cynet-obtiene-la-certificacion-ens-del-ccn-cert\/\">Cynet obtiene la certificaci\u00f3n ENS del CCN-CERT (7 abril)\u00a0<\/a><\/li>\n<li><a href=\"https:\/\/satinfo.es\/web-wp\/index.php\/hornetsecurity-pone-en-marcha-su-roadshow-2026-newsbook-es-3-marzo\/\">Hornetsecurity pone en marcha su roadshow 2026 (Newsbook.es, 3 marzo)<\/a><\/li>\n<li><a href=\"https:\/\/satinfo.es\/web-wp\/index.php\/amenazas-para-2026-segun-kaspersky-europapress-20-enero\/\">Amenazas para 2026 seg\u00fan Kaspersky (Europapress, 20 enero)<\/a><\/li>\n<\/ul>\n<h2><span style=\"color: #000000;\">2025<\/span><\/h2>\n<ul>\n<li><a href=\"https:\/\/satinfo.es\/web-wp\/index.php\/estudio-de-hornetsecurity-sobre-malware-2025-diariocritico-com-25-nov\/\">Estudio de Hornetsecurity sobre malware 2025 (Diariocritico.com, 25 nov)<\/a><\/li>\n<li><a href=\"https:\/\/satinfo.es\/web-wp\/index.php\/informe-de-kaspersky-sobre-ciberseguridad-en-pymes-zonamovilidad-es-1-noviembre\/\">Informe de Kaspersky sobre ciberseguridad en pymes (Zonamovilidad.es, 1 noviembre)<\/a><\/li>\n<li><a href=\"https:\/\/satinfo.es\/web-wp\/index.php\/estudio-de-hornetsecurity-sobre-ransomware-europapress-3-octubre\/\">Estudio de Hornetsecurity sobre ransomware (Europapress, 3 octubre)<\/a><\/li>\n<li><a href=\"https:\/\/satinfo.es\/web-wp\/index.php\/informe-de-kaspersky-sobre-estafas-y-phishing-1-septiembre\/\">Informe de Kaspersky sobre estafas y phishing (Blog KASP, 1 Septiembre)<\/a><\/li>\n<li><a href=\"https:\/\/satinfo.es\/web-wp\/index.php\/nuevo-informe-de-kaspersky-sobre-malware-ipmark-com-14-julio\/\">Nuevo informa de Kaspersky sobre malware (Ipmark.com, 14 julio)<\/a><\/li>\n<li><a href=\"https:\/\/satinfo.es\/web-wp\/index.php\/hornetsecurity-identifica-las-tres-carencias-del-sector-educativo-en-ciberseguridad-comunicae-es-12-mayo\/\">Hornetsecurity identifica las tres carencias del sector educativo en ciberseguridad (Comunicae.es, 12 mayo)<\/a><\/li>\n<li><a href=\"https:\/\/satinfo.es\/web-wp\/index.php\/informe-de-respuesta-a-incidentes-de-kaspersky-23-abril-silicon-es\/\">Informe de Respuesta a Incidentes de Kaspersky (Silicon.es, 23 abril)<\/a><\/li>\n<li><a href=\"https:\/\/satinfo.es\/web-wp\/index.php\/nuevos-datos-de-kaspersky-sobre-malware-europaress-es-10-marzo\/\">Nuevos datos de Kaspersky sobre malware (Europaress.es, 10 marzo)<\/a><\/li>\n<li><a href=\"https:\/\/satinfo.es\/web-wp\/index.php\/informe-anual-de-ciberseguridad-de-hornetsecurity\/\">Los sectores m\u00e1s atacados seg\u00fan Hornetsecurity (Europapress, 21 enero)<\/a><\/li>\n<\/ul>\n<h2><span style=\"color: #000000;\">2024<\/span><\/h2>\n<ul>\n<li><a href=\"https:\/\/satinfo.es\/web-wp\/index.php\/informe-anual-de-ciberseguridad-de-hornetsecurity-cloud-computing-18-dic\/\">Informe anual de ciberseguridad de Hornetsecurity (Cloud Computing, 18 dic)<\/a><\/li>\n<li><a href=\"https:\/\/satinfo.es\/web-wp\/index.php\/trellix-alerta-de-las-amenazas-en-las-proximas-semanas-redeszone-18-nov-2024\/\" target=\"_blank\" rel=\"noopener\">Trellix alerta de las amenazas en las pr\u00f3ximas semanas (Redszone, 18 nov)<\/a><\/li>\n<li><a href=\"https:\/\/satinfo.es\/web-wp\/index.php\/nuevo-informe-de-ransomware-de-hornetsecurity-computing-es-25-oct\/\">Nuevo informe de ransomware de Hornetsecurity (Computing.es, 25 oct)<\/a><\/li>\n<li><a href=\"https:\/\/satinfo.es\/web-wp\/index.php\/nuevo-informe-de-ransomware-de-kaspersky-11-octubre\/\">Nuevo informe de ransomware de Kaspersky (Muypymes.com, 11 octubre)<\/a><\/li>\n<li><a href=\"https:\/\/satinfo.es\/web-wp\/index.php\/tendencias-de-phishing-segun-kaspersky-computing-2-agosto\/\">Tendencias de phishing seg\u00fan Kaspersky (Computing, 2 agosto)<\/a><\/li>\n<li><a href=\"https:\/\/satinfo.es\/web-wp\/index.php\/estudio-de-hornetsecurity-sobre-ciberseguridad-en-la-empresa-12-junio\/\">Estudio de Hornetsecurity sobre ciberseguridad en la empresa (12 Junio)<\/a><\/li>\n<li><a href=\"https:\/\/satinfo.es\/web-wp\/index.php\/encuesta-de-resoluciones-digitales-de-kaspersky-2024-comunicae-es-23-abril\/\">Encuesta de resoluciones digitales de Kaspersky 2024 (Comunicae.es, 23 abril)<\/a><\/li>\n<li><a href=\"https:\/\/satinfo.es\/web-wp\/index.php\/el-modelo-de-negocio-de-hornetsecurity-dealerworld-es-22-abril\/\">El modelo de negocio de Hornetsecurity (Dealerworld.es, 22 abril)<\/a><\/li>\n<li><a href=\"https:\/\/satinfo.es\/web-wp\/index.php\/analisis-anual-de-kaspersky-sobre-seguridad-movil-europapress-es-27-feb\/\">An\u00e1lisis anual de Kaspersky sobre seguridad m\u00f3vil (Europapress.es, 27 feb)<\/a><\/li>\n<li><a href=\"https:\/\/satinfo.es\/web-wp\/index.php\/informe-de-kaspersky-sobre-ciberamenazas-en-2024-silicon-es\/\">Informe de Kaspersky sobre ciberamenazas en 2024 (Silicon.es)<\/a><\/li>\n<\/ul>\n<h2><span style=\"color: #000000;\">2023<\/span><\/h2>\n<ul>\n<li><a href=\"https:\/\/satinfo.es\/web-wp\/index.php\/encuesta-anual-de-ransomware-de-hornetsecurity-itreseller-es-13-nov\/\">Encuesta anual de Ransomware de Hornetsecurity (Itreseller.es 13 nov)<\/a><\/li>\n<li><a href=\"https:\/\/satinfo.es\/web-wp\/index.php\/kaspersky-alerta-del-ransomware-del-grupo-cuba-europapress-es-20-sep\/\">Kaspersky alerta del ransomware del grupo Cuba (Europapress.es, 20 sep)<\/a><\/li>\n<li><a href=\"https:\/\/satinfo.es\/web-wp\/index.php\/el-ransomware-es-el-malware-como-servicio-mas-extendido-informe-kasperksy-1-agosto\/\">El ransomware es el malware como servicio m\u00e1s extendido \u2013 Informe KAspersky (ITuser.es, 1 ago 23)<\/a><\/li>\n<li><a href=\"https:\/\/satinfo.es\/web-wp\/index.php\/informe-de-mcafee-sobre-goldonson-20-minutos-es-17-abril-23\/\">Informe de McAfee sobre Goldonson (20 minutos.es, 17 abril 23)<\/a><\/li>\n<li><a href=\"https:\/\/satinfo.es\/web-wp\/index.php\/kaspersky-descubre-la-variante-del-gusano-rapperbot-revistabyte-es-18-abril-23\/\">Kaspersky descubre la variante del gusano Rapperbot (Revistabyte, 18 abril 23)<\/a><\/li>\n<li><a href=\"https:\/\/satinfo.es\/web-wp\/index.php\/nuevo-informe-de-hornetsecurity-sobre-el-trabajo-remoto-18-abril-23\/\">Nuevo informe de Hornetsecurity sobre trabajo remoto (Itreseller.es, 12 abril 23)<\/a><\/li>\n<li><a href=\"https:\/\/satinfo.es\/web-wp\/index.php\/segun-kasp-espana-es-el-cuarto-pais-europeo-con-mas-ciberataques-al-sector-industrial-interempresas-17-marzo\/\">Seg\u00fan KASP, Espa\u00f1a es el cuarto pa\u00eds europeo con m\u00e1s ciberataques al sector industrial (Interempresas, 17 marzo 23)<\/a><\/li>\n<li><a href=\"https:\/\/satinfo.es\/web-wp\/index.php\/kaspersky-lanza-una-guia-de-uso-seguro-para-channels-de-instagram-ipmark-com-6-marzo\/\">Kaspersky lanza una gu\u00eda de uso seguro para Channels de Instagram (Ipmark.com, 6 marzo 23)<\/a><\/li>\n<li><a href=\"https:\/\/satinfo.es\/web-wp\/index.php\/informe-amenazas-de-hornetsecurity-computing-es-12-enero-23\/\">Informe amenazas Hornetsecurity (Computing.es, 12 enero 23)<\/a><\/li>\n<li><a href=\"https:\/\/satinfo.es\/web-wp\/index.php\/ultimo-informe-de-crimeware-de-kaspersky-itreseller-es-9-enero-23\/\">\u00daltimo informe de Crimeware de Kaspersky (Itreseller.es, 9 enero 23)<\/a><\/li>\n<\/ul>\n","protected":false},"excerpt":{"rendered":"<p>Noticias de los fabricantes 2026 Cynet obtiene la certificaci\u00f3n ENS del CCN-CERT (7 abril)\u00a0 Hornetsecurity pone en marcha su roadshow 2026 (Newsbook.es, 3 marzo) Amenazas para 2026 seg\u00fan Kaspersky (Europapress, 20 enero) 2025 Estudio de Hornetsecurity sobre malware 2025 (Diariocritico.com, 25 nov) Informe de Kaspersky sobre ciberseguridad en pymes (Zonamovilidad.es, 1 noviembre) Estudio de Hornetsecurity&nbsp;<a href=\"https:\/\/satinfo.es\/web-wp\/index.php\/noticias-de-los-fabricantes\/\" class=\"read-more\">Continue Reading<\/a><\/p>\n","protected":false},"author":41,"featured_media":0,"parent":0,"menu_order":0,"comment_status":"closed","ping_status":"open","template":"page-fullwidth.php","meta":{"_monsterinsights_skip_tracking":false,"_monsterinsights_sitenote_active":false,"_monsterinsights_sitenote_note":"","_monsterinsights_sitenote_category":0,"footnotes":""},"class_list":["post-765","page","type-page","status-publish","hentry"],"aioseo_notices":[],"_links":{"self":[{"href":"https:\/\/satinfo.es\/web-wp\/index.php\/wp-json\/wp\/v2\/pages\/765","targetHints":{"allow":["GET"]}}],"collection":[{"href":"https:\/\/satinfo.es\/web-wp\/index.php\/wp-json\/wp\/v2\/pages"}],"about":[{"href":"https:\/\/satinfo.es\/web-wp\/index.php\/wp-json\/wp\/v2\/types\/page"}],"author":[{"embeddable":true,"href":"https:\/\/satinfo.es\/web-wp\/index.php\/wp-json\/wp\/v2\/users\/41"}],"replies":[{"embeddable":true,"href":"https:\/\/satinfo.es\/web-wp\/index.php\/wp-json\/wp\/v2\/comments?post=765"}],"version-history":[{"count":0,"href":"https:\/\/satinfo.es\/web-wp\/index.php\/wp-json\/wp\/v2\/pages\/765\/revisions"}],"wp:attachment":[{"href":"https:\/\/satinfo.es\/web-wp\/index.php\/wp-json\/wp\/v2\/media?parent=765"}],"curies":[{"name":"wp","href":"https:\/\/api.w.org\/{rel}","templated":true}]}}