

{"id":749,"date":"2012-03-13T10:43:52","date_gmt":"2012-03-13T09:43:52","guid":{"rendered":"http:\/\/satinfo.es\/web-wp\/?page_id=749"},"modified":"2025-07-28T13:04:58","modified_gmt":"2025-07-28T12:04:58","slug":"promociones-y-ofertas-sesion","status":"publish","type":"page","link":"https:\/\/satinfo.es\/web-wp\/index.php\/zona-distribuidores-esta-a-punto-de-acceder\/promociones-y-ofertas-sesion\/","title":{"rendered":"Promociones y ofertas"},"content":{"rendered":"<p class=\"wrapper\" style=\"text-align: justify;\"><div class=\"one_third \"><h1 class=\"wrapper\" style=\"text-align: justify;\">LOS FABRICANTES<\/h1>\n<div class=\"wrapper\" style=\"text-align: justify;\">\n<dl class=\"services\">\n<dt><\/dt>\n<dt><span style=\"color: #0880bd;\"><a style=\"color: #0880bd;\" href=\"https:\/\/satinfo.es\/web-wp\/index.php\/zona-distribuidores-esta-a-punto-de-acceder\/satinfo-zona-distribuidores\/\">SATINFO<\/a><\/span><\/dt>\n<dt><span style=\"color: #0282c2;\"><a style=\"color: #0282c2;\" href=\"https:\/\/satinfo.es\/web-wp\/index.php\/zona-distribuidores-esta-a-punto-de-acceder\/intel-security-mcafee-zona-distribuidores\/\">MCAFEE\/TRELLIX\/SKYHIGH<\/a><\/span><\/dt>\n<dt><\/dt>\n<dt><span style=\"color: #0579b3;\"><a style=\"color: #0579b3;\" href=\"https:\/\/satinfo.es\/web-wp\/index.php\/zona-distribuidores-esta-a-punto-de-acceder\/kaspersky-lab-zona-distribuidores\/\">KASPERSKY<\/a><\/span><\/dt>\n<dt><span style=\"color: #0579b3;\"><a style=\"color: #0579b3;\" href=\"https:\/\/satinfo.es\/web-wp\/index.php\/zona-distribuidores-esta-a-punto-de-acceder\/hornetsecurity-zona-distribuidores\/\">HORNETSECURITY<\/a><\/span><\/dt>\n<dt><span style=\"color: #0579b3;\"><a style=\"color: #0579b3;\" href=\"https:\/\/satinfo.es\/web-wp\/index.php\/zona-distribuidores-esta-a-punto-de-acceder\/perception-zona-distribuidores\/\">PERCEPTION POINT<\/a><\/span><\/dt>\n<dt><span style=\"color: #0579b3;\"><a style=\"color: #0579b3;\" href=\"https:\/\/satinfo.es\/web-wp\/index.php\/zona-distribuidores-esta-a-punto-de-acceder\/satinfo-zona-distribuidores\/guardion-zona-de-distribuidores\/\">CENTRIBAL<\/a><\/span><\/dt>\n<\/dl>\n<\/div><\/div> <div class=\"two_third last\"><h1>Promociones y ofertas<\/h1>\n<h2><span style=\"color: #339966;\"><strong>KASPERSKY (v\u00e1lidas todo el a\u00f1o)<\/strong><\/span><\/h2>\n<p><span style=\"color: #000000;\"><strong>1) PROMO LICENCIAS KASPERSKY HOME: <span style=\"color: #ff0000;\">-45% dto<\/span><\/strong><\/span><\/p>\n<p><span style=\"color: #000000;\"><strong>2) PROMO LICENCIAS KSOS: <span style=\"color: #ff0000;\">-25% dto<\/span><\/strong><\/span><\/p>\n<h2><span style=\"color: #339966;\"><strong>KASPERSKY (Q3 &#8211; Hasta 30 septiembre)<\/strong><\/span><\/h2>\n<p><span style=\"color: #000000;\"><strong>3) PROMO LICENCIAS KASPERSKY PROFESIONALES :<\/strong><\/span><\/p>\n<p><strong><span style=\"color: #000000;\">Nuevo negocio: <\/span><\/strong><em><strong><span style=\"color: #000080;\">Aplicable solo a Foundations y Optimum<\/span><u><br \/>\n<\/u><\/strong><\/em><\/p>\n<p><span style=\"color: #000000;\">1, 2 a\u00f1os <span style=\"color: #ff0000;\"><strong>&#8211; 30% dto<\/strong><\/span><\/span><br \/>\n<span style=\"color: #000000;\">3, 4, 5 a\u00f1os <span style=\"color: #ff0000;\"><strong>&#8211; 50% dto<\/strong><\/span><\/span><\/p>\n<p><strong><span style=\"color: #000000;\">Renovaci\u00f3n a 3 a\u00f1os:<\/span><\/strong><br \/>\n<span style=\"color: #000000;\">Entre 5 a 999 nodos <span style=\"color: #ff0000;\"><strong>&#8211; 30% dto<\/strong><\/span><\/span><\/p>\n<p><strong><span style=\"color: #000000;\">Upgrade:<\/span><\/strong><\/p>\n<p><span style=\"color: #000000;\">1 a 5 a\u00f1os \/ 1 a 249 nodos<\/span><br \/>\n<span style=\"color: #000000;\">Next EDR Optimum <span style=\"color: #ff0000;\"><strong>&#8211; 35% dto<\/strong><\/span><\/span><br \/>\n<span style=\"color: #000000;\">Next EDR Foundations <span style=\"color: #ff0000;\"><strong>&#8211; 10% dto<\/strong><\/span><\/span><\/p>\n<p><strong><span style=\"color: #000000;\">Late renewal:<\/span><\/strong><br \/>\n<span style=\"color: #000000;\">De 1 a 999 nodos <span style=\"color: #ff0000;\"><strong>-20% dto<\/strong><\/span><\/span><br \/>\n<span style=\"color: #000000;\">Aplicable s<\/span><span style=\"color: #000000;\">olo entre los 60 y 180 d\u00edas despu\u00e9s del vencimiento de la fecha de renovaci\u00f3n.<\/span><\/p>\n<p>&nbsp;<\/p>\n<p>&nbsp;<\/p>\n<p>&nbsp;<\/p>\n<p><strong><span style=\"color: #800000;\"><em>*Para m\u00e1s informaci\u00f3n, contacte con el dpto comercial.<\/em><\/span><\/strong><\/p><\/div><div class=\"clear\"><\/div>\n<p>&nbsp;<\/p>\n","protected":false},"excerpt":{"rendered":"<p>&nbsp;<\/p>\n","protected":false},"author":41,"featured_media":0,"parent":1968,"menu_order":0,"comment_status":"closed","ping_status":"open","template":"page-fullwidth.php","meta":{"_monsterinsights_skip_tracking":false,"_monsterinsights_sitenote_active":false,"_monsterinsights_sitenote_note":"","_monsterinsights_sitenote_category":0,"footnotes":""},"class_list":["post-749","page","type-page","status-publish","hentry"],"aioseo_notices":[],"_links":{"self":[{"href":"https:\/\/satinfo.es\/web-wp\/index.php\/wp-json\/wp\/v2\/pages\/749","targetHints":{"allow":["GET"]}}],"collection":[{"href":"https:\/\/satinfo.es\/web-wp\/index.php\/wp-json\/wp\/v2\/pages"}],"about":[{"href":"https:\/\/satinfo.es\/web-wp\/index.php\/wp-json\/wp\/v2\/types\/page"}],"author":[{"embeddable":true,"href":"https:\/\/satinfo.es\/web-wp\/index.php\/wp-json\/wp\/v2\/users\/41"}],"replies":[{"embeddable":true,"href":"https:\/\/satinfo.es\/web-wp\/index.php\/wp-json\/wp\/v2\/comments?post=749"}],"version-history":[{"count":0,"href":"https:\/\/satinfo.es\/web-wp\/index.php\/wp-json\/wp\/v2\/pages\/749\/revisions"}],"up":[{"embeddable":true,"href":"https:\/\/satinfo.es\/web-wp\/index.php\/wp-json\/wp\/v2\/pages\/1968"}],"wp:attachment":[{"href":"https:\/\/satinfo.es\/web-wp\/index.php\/wp-json\/wp\/v2\/media?parent=749"}],"curies":[{"name":"wp","href":"https:\/\/api.w.org\/{rel}","templated":true}]}}