

{"id":739,"date":"2012-03-12T16:01:18","date_gmt":"2012-03-12T15:01:18","guid":{"rendered":"http:\/\/satinfo.es\/web-wp\/?page_id=739"},"modified":"2016-09-22T09:40:48","modified_gmt":"2016-09-22T08:40:48","slug":"alta_informacion","status":"publish","type":"page","link":"https:\/\/satinfo.es\/web-wp\/index.php\/alta_informacion\/","title":{"rendered":"Alta Informaci\u00f3n"},"content":{"rendered":"<h2 class=\"one_third\">Alta servicio de informaci\u00f3n por e-mail &#8211; McAfee<\/h2>\n<h2 class=\"one_third\"><span style=\"color: #ff0000;\">Alta para noticias de McAfee<\/span><\/h2>\n<div class=\"wrapper\">\n<div class=\"one_third\">Por favor, indique su c\u00f3digo de licencia con Satinfo y una direcci\u00f3n de correo electr\u00f3nico. Gracias.<\/div>\n<div class=\"one_third\"><\/div>\n<div class=\"one_third\"><script>jQuery(document).ready(function(){});<\/script><script type=\"text\/javascript\"> var xyz_cfm_date_format = \"d\/m\/Y\";function xyz_cfm_8_1_check(){var firstErrorId = \"\"; var xyz_cfm_client_error = 0;var xyz_cfm_name_licencia_94_1 = document.getElementById(\"licencia_94_1\").value;\nif(xyz_cfm_name_licencia_94_1.trim() == \"\"){\ndocument.getElementById(\"text_licencia_94_1\").innerHTML = \"Rellene el campo de texto\";\nif(firstErrorId ==  \"\"){\nfirstErrorId = \n\"licencia_94_1\";\n}\nxyz_cfm_client_error = 1;\n}else{\ndocument.getElementById(\"text_licencia_94_1\").innerHTML = \"\";\n}var xyz_cfm_email_email_95_1 = jQuery.trim(document.getElementById(\"email_95_1\").value);\nif(xyz_cfm_email_email_95_1 != \"\"){\nvar reg = \/^([A-Za-z0-9_\\-\\.])+\\@([A-Za-z0-9_\\-\\.])+\\.([A-Za-z]{2,4})$\/;\nif(reg.test(xyz_cfm_email_email_95_1) == false) {\ndocument.getElementById(\"email_email_95_1\").innerHTML = \"S\u00edrvase proporcionar una direcci\u00f3n v\u00e1lida de correo electr\u00f3nico\";\nif(firstErrorId ==  \"\"){\nfirstErrorId = \n\"email_95_1\";\n}\nxyz_cfm_client_error = 1;\n}else{\ndocument.getElementById(\"email_email_95_1\").innerHTML = \"\";\n}\n}else if(xyz_cfm_email_email_95_1.trim() == \"\"){\ndocument.getElementById(\"email_email_95_1\").innerHTML = \"Rellenar campo de correo electr\u00f3nico\";\nif(firstErrorId ==  \"\"){\nfirstErrorId = \n\"email_95_1\";\n}\nxyz_cfm_client_error = 1;\n}else{\ndocument.getElementById(\"email_email_95_1\").innerHTML = \"\";\n}\nif(xyz_cfm_client_error == 1){\nif(firstErrorId !=  \"\"){\ndocument.getElementById(firstErrorId).focus();\n}\nreturn false;\n}}<\/script>\n<div id=\"xyz_cfm_alta_mail_1_success\" style=\"background: #C8FCBB;  text-align: center;  border-radius: 15px; margin-bottom: 20px;\"><\/div>\n<form name=\"xyz_cfm_8_1\" method=\"POST\" id=\"xyz_cfm_8_1\" enctype=\"multipart\/form-data\" onSubmit=\"return xyz_cfm_8_1_check();\">\n<div class=\"xyz_cfm_theme_div_id_\"><p>N\u00famero de licencia<br \/> <input  class=\"mail_form\"  type=\"text\" id=\"licencia_94_1\" name=\"licencia\"  value=\"\"  ><span style=\"color:red;\">*<\/span><div style=\"font-weight: normal;color:red;\" id=\"text_licencia_94_1\"><\/div>\n<\/p><p>Tu Email (requerido)<br \/> <input  class=\"mail_form\"  type=\"text\" id=\"email_95_1\" name=\"email\"  value=\"\"  ><span style=\"color:red;\">*<\/span><div style=\"font-weight: normal;color:red;\" id=\"email_email_95_1\"><\/div>\n<\/p><p>Introduzca el c\u00f3digo:<br \/> <div  class=\"g-recaptcha white\" data-sitekey=6LdPK9gSAAAAAN1XSADdKZnwAubJiY_xszV7JUf6   id=\"reCaptchaDiv_96_1\"  >\n<\/div><span style=\"color:red;\">*<\/span> <script type=\"text\/javascript\" src=\"\/\/www.google.com\/recaptcha\/api.js\" ><\/script><div style=\"font-weight: normal;color:red;\" id=\"captcha_captcha_96_1\"><\/div><\/p><p><input class=\"\"  type=\"submit\" name=\"submit\" id=\"submit_93_1\" value=\"Enviar\"  ><\/p><\/div>\n<input type =\"hidden\" name=\"xyz_cfm_frmName_1\"  value=\"alta_mail\" >\n<\/form><\/div>\n<\/div>\n<h2 class=\"one_third\">Alta servicio de informaci\u00f3n por e-mail &#8211; Kaspersky<\/h2>\n<h2 class=\"one_third\"><span style=\"color: #ff0000;\">Alta para noticias de Kaspersky<\/span><\/h2>\n<div class=\"wrapper\">\n<div class=\"one_third\">Pulse en ALTA para realizar el registro. Gracias<\/div>\n<div class=\"one_third\"><\/div>\n<div class=\"one_third\"><span style=\"color: #0000ff;\"><strong><a style=\"color: #0000ff;\" href=\"http:\/\/www.satinfo.es\/noticies\/alta-noticias-kaspersky-por-e-mail\/\">ALTA<\/a><\/strong><\/span><\/div>\n<\/div>\n","protected":false},"excerpt":{"rendered":"<p>Alta servicio de informaci\u00f3n por e-mail &#8211; McAfee Alta para noticias de McAfee Por favor, indique su c\u00f3digo de licencia con Satinfo y una direcci\u00f3n de correo electr\u00f3nico. Gracias. Alta servicio de informaci\u00f3n por e-mail &#8211; Kaspersky Alta para noticias de Kaspersky Pulse en ALTA para realizar el registro. Gracias ALTA<\/p>\n","protected":false},"author":41,"featured_media":0,"parent":0,"menu_order":0,"comment_status":"closed","ping_status":"open","template":"page-fullwidth.php","meta":{"_monsterinsights_skip_tracking":false,"_monsterinsights_sitenote_active":false,"_monsterinsights_sitenote_note":"","_monsterinsights_sitenote_category":0,"footnotes":""},"class_list":["post-739","page","type-page","status-publish","hentry"],"aioseo_notices":[],"_links":{"self":[{"href":"https:\/\/satinfo.es\/web-wp\/index.php\/wp-json\/wp\/v2\/pages\/739","targetHints":{"allow":["GET"]}}],"collection":[{"href":"https:\/\/satinfo.es\/web-wp\/index.php\/wp-json\/wp\/v2\/pages"}],"about":[{"href":"https:\/\/satinfo.es\/web-wp\/index.php\/wp-json\/wp\/v2\/types\/page"}],"author":[{"embeddable":true,"href":"https:\/\/satinfo.es\/web-wp\/index.php\/wp-json\/wp\/v2\/users\/41"}],"replies":[{"embeddable":true,"href":"https:\/\/satinfo.es\/web-wp\/index.php\/wp-json\/wp\/v2\/comments?post=739"}],"version-history":[{"count":0,"href":"https:\/\/satinfo.es\/web-wp\/index.php\/wp-json\/wp\/v2\/pages\/739\/revisions"}],"wp:attachment":[{"href":"https:\/\/satinfo.es\/web-wp\/index.php\/wp-json\/wp\/v2\/media?parent=739"}],"curies":[{"name":"wp","href":"https:\/\/api.w.org\/{rel}","templated":true}]}}