

{"id":597,"date":"2012-03-01T17:05:43","date_gmt":"2012-03-01T16:05:43","guid":{"rendered":"http:\/\/satinfo.es\/web-wp\/?page_id=597"},"modified":"2026-04-13T10:31:13","modified_gmt":"2026-04-13T09:31:13","slug":"epolicy-orchestrator","status":"publish","type":"page","link":"https:\/\/satinfo.es\/web-wp\/index.php\/descargas\/descarga-de-productos\/epolicy-orchestrator\/","title":{"rendered":"ePolicy Orchestrator"},"content":{"rendered":"<div class=\"wrapper\">\n<div class=\"one_third \"><h1>DESCARGAS<\/h1>\n<dl class=\"services\">\n<dt class=\"padding_descarga\"><a class=\"azul\" href=\"https:\/\/satinfo.es\/web-wp\/index.php\/descargas\/ficheros-dat-y-superdats-disponibles\/\">Ficheros DAT y SuperDats disponibles<\/a><\/dt>\n<dt class=\"padding_descarga\"><a class=\"azul\" href=\"..\/..\/descarga-de-productos\">Descarga de productos McAfee<\/a><\/dt>\n<dt class=\"padding_descarga\"><a class=\"azul\" href=\"..\/..\/evaluaciones\">Evaluaciones McAfee<\/a><\/dt>\n<dt class=\"padding_descarga\"><a class=\"azul\" href=\"..\/..\/descarga-de-productos-kaspersky\">Descarga de productos Kaspersky<\/a><\/dt>\n<dt class=\"padding_descarga\"><a class=\"azul\" href=\"..\/..\/utilidades-de-satinfo\">Utilidades de Satinfo<\/a><\/dt>\n<dt class=\"padding_descarga\"><a class=\"azul\" href=\"..\/..\/enlaces-de-interes\">Enlaces de Inter\u00e9s<\/a><\/dt>\n<\/dl><\/div> <div class=\"two_third last\"><h1>ePOLICY ORCHESTRATOR<\/h1>\n<table>\n<tbody>\n<tr>\n<td class=\"download\">\n<div align=\"center\">\n<form action=\"producfichrel.cgi?insert\" method=\"post\" name=\"frm_ficheros\" target=\"derecha\">\n<div align=\"left\"><strong>epo5100_SP1_4098_lr1.zip<br \/>\n<\/strong><span style=\"color: #000000;\">ePolicy Orchestrator Service Pack 1 Versi\u00f3n 5.10.0.4098.4<span style=\"color: #ff0000;\"><strong><br \/>\n<\/strong><\/span><\/span><a href=\"https:\/\/www.satinfo.es\/noticies\/2023\/service-pack-1-para-trellix-epo-5-10-0\/\" target=\"_blank\" rel=\"noopener\"><span style=\"color: #0000ff;\">Mas informaci\u00f3n<\/span><\/a><\/div>\n<\/form>\n<\/div>\n<\/td>\n<td style=\"float: right;\"><a href=\"https:\/\/www.satinfo.es\/db\/antivirus\/epo\/epo5100_SP1_4098_lr1.zip\"><img loading=\"lazy\" decoding=\"async\" class=\"alignnone\" src=\"https:\/\/satinfo.es\/web-wp\/wp-content\/uploads\/2012\/02\/bt_descargar.png\" alt=\"\" width=\"180\" height=\"43\" \/><\/a><\/td>\n<\/tr>\n<tr>\n<td class=\"download\"><strong>epo_5.10.0_sp1_up6_1895.zip<br \/>\n<\/strong><span style=\"color: #000000;\">Service Pack 1 Actualizaci\u00f3n 6 para ePolicy Orchestrator 5.10.0 Versi\u00f3n 5.10.0.4098.4 (Requiere ePO 5.10 SP 1)<br \/>\n<a href=\"https:\/\/www.satinfo.es\/noticies\/2025\/actualizacion-4-de-trellix-epo-on-prem-5-10-0-service-pack-1\/\" target=\"_blank\" rel=\"noopener\"><span style=\"color: #0000ff;\">Mas informaci\u00f3n<\/span><\/a><br \/>\n<\/span><\/td>\n<td style=\"float: right;\"><a href=\"https:\/\/www.satinfo.es\/db\/antivirus\/epo\/epo_5.10.0_sp1_up6_1895.zip\"><img loading=\"lazy\" decoding=\"async\" class=\"alignnone\" src=\"https:\/\/satinfo.es\/web-wp\/wp-content\/uploads\/2012\/02\/bt_descargar.png\" alt=\"\" width=\"180\" height=\"43\" \/><\/a><\/td>\n<\/tr>\n<tr>\n<td class=\"download\"><strong>manuales_epo59.zip<\/strong><br \/>\nManuales para ePO 5.9<\/td>\n<td style=\"float: right;\"><a href=\"https:\/\/www.satinfo.es\/db\/antivirus\/epo\/manuales_epo59.zip\"><img loading=\"lazy\" decoding=\"async\" class=\"alignnone\" src=\"https:\/\/satinfo.es\/web-wp\/wp-content\/uploads\/2012\/02\/bt_descargar.png\" alt=\"\" width=\"180\" height=\"43\" \/><\/a><\/td>\n<\/tr>\n<tr>\n<td class=\"download\"><strong>ta586win.zip<\/strong><br \/>\nPaquete de Trellix Agent 5.8.6.185 <strong>ePO 5.10.0 Update 13 \u00f3 superior<\/strong><strong><br \/>\n<span style=\"color: #ff0000;\">IMPORTANTE \u2013 Antes de aplicar esta versi\u00f3n de Agente consultar los productos soportados de Trellix<\/span><br \/>\n<\/strong><a href=\"https:\/\/www.satinfo.es\/noticies\/2022\/mcafee-agent-update-release-5-7-6-521-aprl-2022\/\" target=\"_blank\" rel=\"noopener\">M\u00e1s informaci\u00f3n<\/a><\/td>\n<td style=\"float: right;\"><a href=\"https:\/\/www.satinfo.es\/db\/antivirus\/epo\/ta586win.zip\"><img loading=\"lazy\" decoding=\"async\" class=\"alignnone\" src=\"https:\/\/satinfo.es\/web-wp\/wp-content\/uploads\/2012\/02\/bt_descargar.png\" alt=\"\" width=\"180\" height=\"43\" \/><\/a><\/td>\n<\/tr>\n<tr>\n<td class=\"download\"><strong>ta586win_embedded.zip<\/strong><br \/>\nPaquete de Trellix Agent 5.8.6.185 <strong>ePO 5.10.0 Update 13 \u00f3 superior<\/strong>\u00a0(admite credenciales)<strong><br \/>\n<span style=\"color: #ff0000;\">IMPORTANTE \u2013 Antes de aplicar esta versi\u00f3n de Agente consultar los productos soportados de Trellix<br \/>\n<\/span><\/strong><a href=\"https:\/\/www.satinfo.es\/noticies\/2022\/mcafee-agent-update-release-5-7-6-521-aprl-2022\/\" target=\"_blank\" rel=\"noopener\"><span style=\"color: #0000ff;\">M\u00e1s informaci\u00f3n<\/span><\/a><\/td>\n<td style=\"float: right;\"><a href=\"https:\/\/www.satinfo.es\/db\/antivirus\/epo\/ta586win_embedded.zip\"><img loading=\"lazy\" decoding=\"async\" class=\"aligncenter\" src=\"https:\/\/satinfo.es\/web-wp\/wp-content\/uploads\/2012\/02\/bt_descargar.png\" alt=\"\" width=\"180\" height=\"43\" \/><\/a><\/td>\n<\/tr>\n<tr>\n<td class=\"download\"><strong>epoagentmeta.zip<\/strong><br \/>\nExtensi\u00f3n de Trellix Agent 5.8.6.304 para Agent versi\u00f3n 5.8.6 y anteriores, <strong>ePO 5.10.0 SP1 Update 6 \u00f3 superior<\/strong><\/td>\n<td style=\"float: right;\"><a href=\"https:\/\/www.satinfo.es\/db\/antivirus\/epo\/epoagentmeta.zip\"><img loading=\"lazy\" decoding=\"async\" class=\"alignnone\" src=\"https:\/\/satinfo.es\/web-wp\/wp-content\/uploads\/2012\/02\/bt_descargar.png\" alt=\"\" width=\"180\" height=\"43\" \/><\/a><\/td>\n<\/tr>\n<\/tbody>\n<\/table><\/div><div class=\"clear\"><\/div>\n<\/div>\n","protected":false},"excerpt":{"rendered":"","protected":false},"author":41,"featured_media":0,"parent":519,"menu_order":0,"comment_status":"open","ping_status":"open","template":"page-fullwidth.php","meta":{"_monsterinsights_skip_tracking":false,"_monsterinsights_sitenote_active":false,"_monsterinsights_sitenote_note":"","_monsterinsights_sitenote_category":0,"footnotes":""},"class_list":["post-597","page","type-page","status-publish","hentry"],"aioseo_notices":[],"_links":{"self":[{"href":"https:\/\/satinfo.es\/web-wp\/index.php\/wp-json\/wp\/v2\/pages\/597","targetHints":{"allow":["GET"]}}],"collection":[{"href":"https:\/\/satinfo.es\/web-wp\/index.php\/wp-json\/wp\/v2\/pages"}],"about":[{"href":"https:\/\/satinfo.es\/web-wp\/index.php\/wp-json\/wp\/v2\/types\/page"}],"author":[{"embeddable":true,"href":"https:\/\/satinfo.es\/web-wp\/index.php\/wp-json\/wp\/v2\/users\/41"}],"replies":[{"embeddable":true,"href":"https:\/\/satinfo.es\/web-wp\/index.php\/wp-json\/wp\/v2\/comments?post=597"}],"version-history":[{"count":0,"href":"https:\/\/satinfo.es\/web-wp\/index.php\/wp-json\/wp\/v2\/pages\/597\/revisions"}],"up":[{"embeddable":true,"href":"https:\/\/satinfo.es\/web-wp\/index.php\/wp-json\/wp\/v2\/pages\/519"}],"wp:attachment":[{"href":"https:\/\/satinfo.es\/web-wp\/index.php\/wp-json\/wp\/v2\/media?parent=597"}],"curies":[{"name":"wp","href":"https:\/\/api.w.org\/{rel}","templated":true}]}}