

{"id":456,"date":"2012-02-21T13:32:27","date_gmt":"2012-02-21T12:32:27","guid":{"rendered":"http:\/\/persuadis.net\/blog\/?page_id=456"},"modified":"2012-04-13T12:48:49","modified_gmt":"2012-04-13T11:48:49","slug":"como-evitar-la-ejecucion-de-ficheros-vbs-y-vbe","status":"publish","type":"page","link":"https:\/\/satinfo.es\/web-wp\/index.php\/soporte\/como-evitar-la-ejecucion-de-ficheros-vbs-y-vbe\/","title":{"rendered":"C\u00f3MO EVITAR LA EJECUCI\u00f3N DE FICHEROS VBS Y VBE"},"content":{"rendered":"<h1>Referencia VIRUS DE VBS<\/h1>\n<h6>Nueva versi\u00f3n del VBSFIX.EXE v 1.2<\/h6>\n<p class=\"wrapper\" style=\"text-align: justify;\"><span style=\"color: #000000;\">Dada la proliferaci\u00f3n de virus de VBS (VISUAL BASIC SCRIPT), (que llegan a trav\u00e9s de ficheros anexados a e-mail, empezando por el tristemente famoso Love Letter y actualmente potenciados por la disponibilidad de varios programas disponibles en la Red (Internet) con los que hasta un ni\u00f1o puede hacer un virus de VBS), ya en su d\u00eda ofrecimos una utilidad b\u00e1sica (VBSFIX.REG), la cual pod\u00eda adaptarse a cualquier sistema operativo de Microsoft, en funci\u00f3n de la ubicaci\u00f3n del NOTEPAD.EXE.<\/span><\/p>\n<p style=\"text-align: justify;\"><span style=\"color: #000000;\">Esta utilidad fue potenciada a EXE, en la que la v.1.0 adolec\u00eda de no poder cambiar la clave si encontraba un valor no establecido, siendo mejorado con la versi\u00f3n 1.1, distribuida en el disquete 1 de actualizaci\u00f3n de mayo, dats 4138, carpeta utiles.<\/span><\/p>\n<p style=\"text-align: justify;\"><span style=\"color: #000000;\">Ahora, por expresa solicitud de administradores de redes, hemos desarrollado la v 1.2 del VBSFIX.EXE, con la que se dispone de una opci\u00f3n (\/s) para que trabaje en modo silencioso, y poder ser cargado por el supervisor en todas las m\u00e1quinas sin que se vea ning\u00fan mensaje, y el usuario no pregunte sobre pantalla alguna.<\/span><\/p>\n<p style=\"text-align: justify;\"><span style=\"color: #000000;\">En cualquier caso, los mensajes de salida se grabar\u00e1n en el fichero VBSFIX.txt del directorio raiz, indicando versi\u00f3n instalada y fecha\/hora de la instalaci\u00f3n, as\u00ed como cualquier mensaje de anomal\u00eda de instalaci\u00f3n generado por dicha utilidad.<\/span><\/p>\n<p style=\"text-align: justify;\"><span style=\"color: #000000;\">No hay ning\u00fan problema en ejecutar dicha utilidad si ya se hab\u00eda ejecutado antes, por lo que recomendamos ejecutarla en todas las m\u00e1quinas, impidiendo con ello que se ejecuten involuntariamente los VBS, pensando que se trata de otro tipo de ficheros, al poder figurar antes del VBS otra extensi\u00f3n, como TXT, JPG, GIF, etc, e incluso entre estas extensiones y la de VBS poder haber hasta 400 espacios, para ocultar la verdadera extensi\u00f3n.<\/span><\/p>\n<p style=\"text-align: justify;\"><span style=\"color: #000000;\">Tras ejecutar el VBSFIX.EXE v1.2, si se quiere utilizar alguna herramienta con extensi\u00f3n VBS, no podr\u00e1 hacerse con doble click, pero se podr\u00e1, con conocimiento de causa, ejecutar la utilidad pulsando BOTON DE LA DERECHA y ABRIR.<\/span><\/p>\n<p style=\"text-align: justify;\"><span style=\"color: #000000;\">Esperamos que con esta utilidad, potenciada y mejorada convenientemente, se paren todos los virus de VBS, tanto conocidos como desconocidos, rog\u00e1ndoles que, en cuanto detecten uno de estos nuevos no controlados por el antivirus, teniendo instalado la \u00faltima versi\u00f3n, nos lo envien por correo electr\u00f3nico a sat@satinfo.es para analizarlo y, en su caso, remitirlo a Virus Research de McAfee AVERT.<\/span><\/p>\n<p style=\"text-align: justify;\"><span style=\"color: #000000;\">Solo cabe una vez mas recordarles que no conviene ejecutar los ficheros no solicitados y recibidos como anexos a los e-mail, aunque se conozca el remitente, pues los virus gusano autoenv\u00edan e-mails con fichero anexado, sin conocimiento del usuario infectado, por lo que no se puede confiar en la seriedad del remitente.<\/span><\/p>\n","protected":false},"excerpt":{"rendered":"<p>Referencia VIRUS DE VBS Nueva versi\u00f3n del VBSFIX.EXE v 1.2 Dada la proliferaci\u00f3n de virus de VBS (VISUAL BASIC SCRIPT), (que llegan a trav\u00e9s de ficheros anexados a e-mail, empezando por el tristemente famoso Love Letter y actualmente potenciados por la disponibilidad de varios programas disponibles en la Red (Internet) con los que hasta un&nbsp;<a href=\"https:\/\/satinfo.es\/web-wp\/index.php\/soporte\/como-evitar-la-ejecucion-de-ficheros-vbs-y-vbe\/\" class=\"read-more\">Continue Reading<\/a><\/p>\n","protected":false},"author":41,"featured_media":0,"parent":285,"menu_order":0,"comment_status":"closed","ping_status":"closed","template":"page-fullwidth.php","meta":{"_monsterinsights_skip_tracking":false,"_monsterinsights_sitenote_active":false,"_monsterinsights_sitenote_note":"","_monsterinsights_sitenote_category":0,"footnotes":""},"class_list":["post-456","page","type-page","status-publish","hentry"],"aioseo_notices":[],"_links":{"self":[{"href":"https:\/\/satinfo.es\/web-wp\/index.php\/wp-json\/wp\/v2\/pages\/456","targetHints":{"allow":["GET"]}}],"collection":[{"href":"https:\/\/satinfo.es\/web-wp\/index.php\/wp-json\/wp\/v2\/pages"}],"about":[{"href":"https:\/\/satinfo.es\/web-wp\/index.php\/wp-json\/wp\/v2\/types\/page"}],"author":[{"embeddable":true,"href":"https:\/\/satinfo.es\/web-wp\/index.php\/wp-json\/wp\/v2\/users\/41"}],"replies":[{"embeddable":true,"href":"https:\/\/satinfo.es\/web-wp\/index.php\/wp-json\/wp\/v2\/comments?post=456"}],"version-history":[{"count":0,"href":"https:\/\/satinfo.es\/web-wp\/index.php\/wp-json\/wp\/v2\/pages\/456\/revisions"}],"up":[{"embeddable":true,"href":"https:\/\/satinfo.es\/web-wp\/index.php\/wp-json\/wp\/v2\/pages\/285"}],"wp:attachment":[{"href":"https:\/\/satinfo.es\/web-wp\/index.php\/wp-json\/wp\/v2\/media?parent=456"}],"curies":[{"name":"wp","href":"https:\/\/api.w.org\/{rel}","templated":true}]}}