

{"id":416,"date":"2012-02-20T16:36:40","date_gmt":"2012-02-20T15:36:40","guid":{"rendered":"http:\/\/persuadis.net\/blog\/?page_id=416"},"modified":"2026-03-20T14:29:27","modified_gmt":"2026-03-20T13:29:27","slug":"solicitar-presupuesto","status":"publish","type":"page","link":"https:\/\/satinfo.es\/web-wp\/index.php\/solicitar-presupuesto\/","title":{"rendered":"Solicitar Presupuesto"},"content":{"rendered":"<div class=\"wrapper\">\n<div class=\"one_third \"><h1>NUESTROS PRODUCTOS<\/h1>\n<dt>\n<dl class=\"services\">\n<dt><a class=\"azul\" href=\"mcafee\">Trellix\/McAfee\/Skyhigh<\/a><\/dt>\n<dd><span style=\"color: #000000;\">Software antivirus y soluciones perimetrales<\/span><br \/>\n<a class=\"link_productos\" href=\"mcafee\">Leer m\u00e1s<\/a><\/dd>\n<dt><a class=\"azul\" href=\"https:\/\/satinfo.es\/web-wp\/index.php\/productos-2\/kaspersky\/?preview=true\">KASPERSKY<\/a><\/dt>\n<dd><span style=\"color: #000000;\">Sistemas de protecci\u00f3n contra virus, spam y ataques de hackers<\/span><br \/>\n<a class=\"link_productos\" href=\"https:\/\/satinfo.es\/web-wp\/index.php\/productos-2\/kaspersky\/?preview=true\">Leer m\u00e1s<\/a><\/dd>\n<dt><a class=\"azul\" href=\"https:\/\/satinfo.es\/web-wp\/index.php\/productos-2\/cynet\/\">Cynet<\/a><\/dt>\n<dd><span style=\"color: #000000;\">Ciberseguidad de nueva generaci\u00f3n<\/span><br \/>\n<a class=\"link_productos\" href=\"https:\/\/satinfo.es\/web-wp\/index.php\/productos-2\/cynet\/\">Leer m\u00e1s<\/a><\/dd>\n<dt><a class=\"azul\" href=\"https:\/\/satinfo.es\/web-wp\/index.php\/productos-2\/hornetsecurity\/\">Hornetsecurity<\/a><\/dt>\n<dd><span style=\"color: #000000;\">Proteja su mail de correo basura y de virus.<\/span><br \/>\n<a class=\"link_productos\" href=\"https:\/\/satinfo.es\/web-wp\/index.php\/productos-2\/hornetsecurity\/\">Leer m\u00e1s<\/a><\/dd>\n<dt><a class=\"azul\" href=\"https:\/\/satinfo.es\/web-wp\/index.php\/productos-2\/guardion\/\">CENTRIBAL<\/a><\/dt>\n<dd><span style=\"color: #000000;\">Especialista en recuperaci\u00f3n de datos<\/span><br \/>\n<a class=\"link_productos\" href=\"https:\/\/satinfo.es\/web-wp\/index.php\/productos-2\/guardion\/?preview=true\">Leer m\u00e1s<\/a><\/dd>\n<dt><a class=\"azul\" href=\"https:\/\/satinfo.es\/web-wp\/index.php\/productos-2\/\">Cat\u00e1logo de productos<\/a><\/dt>\n<dd><\/dd>\n<\/dl><\/div> <div class=\"two_third last\"><h1>Solicitar Presupuesto<\/h1>\n<h6>Por favor, introduzca los datos solicitados y pulse sobre el bot\u00f3n Enviar.<\/h6>\n<div class=\"form\"><script>jQuery(document).ready(function(){});<\/script><script type=\"text\/javascript\"> var xyz_cfm_date_format = \"d\/m\/Y\";function xyz_cfm_4_1_check(){var firstErrorId = \"\"; var xyz_cfm_client_error = 0;var xyz_cfm_name_nombre_28_1 = document.getElementById(\"nombre_28_1\").value;\nif(xyz_cfm_name_nombre_28_1.trim() == \"\"){\ndocument.getElementById(\"text_nombre_28_1\").innerHTML = \"Rellene el campo de texto\";\nif(firstErrorId ==  \"\"){\nfirstErrorId = \n\"nombre_28_1\";\n}\nxyz_cfm_client_error = 1;\n}else{\ndocument.getElementById(\"text_nombre_28_1\").innerHTML = \"\";\n}var xyz_cfm_name_apellidos_29_1 = document.getElementById(\"apellidos_29_1\").value;\nif(xyz_cfm_name_apellidos_29_1.trim() == \"\"){\ndocument.getElementById(\"text_apellidos_29_1\").innerHTML = \"Rellene el campo de texto\";\nif(firstErrorId ==  \"\"){\nfirstErrorId = \n\"apellidos_29_1\";\n}\nxyz_cfm_client_error = 1;\n}else{\ndocument.getElementById(\"text_apellidos_29_1\").innerHTML = \"\";\n}var xyz_cfm_name_direccion_33_1 = document.getElementById(\"direccion_33_1\").value;\nif(xyz_cfm_name_direccion_33_1.trim() == \"\"){\ndocument.getElementById(\"text_direccion_33_1\").innerHTML = \"Rellene el campo de texto\";\nif(firstErrorId ==  \"\"){\nfirstErrorId = \n\"direccion_33_1\";\n}\nxyz_cfm_client_error = 1;\n}else{\ndocument.getElementById(\"text_direccion_33_1\").innerHTML = \"\";\n}var xyz_cfm_name_localidad_34_1 = document.getElementById(\"localidad_34_1\").value;\nif(xyz_cfm_name_localidad_34_1.trim() == \"\"){\ndocument.getElementById(\"text_localidad_34_1\").innerHTML = \"Rellene el campo de texto\";\nif(firstErrorId ==  \"\"){\nfirstErrorId = \n\"localidad_34_1\";\n}\nxyz_cfm_client_error = 1;\n}else{\ndocument.getElementById(\"text_localidad_34_1\").innerHTML = \"\";\n}var xyz_cfm_name_provincia_35_1 = document.getElementById(\"provincia_35_1\").value;\nif(xyz_cfm_name_provincia_35_1.trim() == \"\"){\ndocument.getElementById(\"text_provincia_35_1\").innerHTML = \"Rellene el campo de texto\";\nif(firstErrorId ==  \"\"){\nfirstErrorId = \n\"provincia_35_1\";\n}\nxyz_cfm_client_error = 1;\n}else{\ndocument.getElementById(\"text_provincia_35_1\").innerHTML = \"\";\n}var xyz_cfm_name_cp_36_1 = document.getElementById(\"cp_36_1\").value;\nif(xyz_cfm_name_cp_36_1.trim() == \"\"){\ndocument.getElementById(\"text_cp_36_1\").innerHTML = \"Rellene el campo de texto\";\nif(firstErrorId ==  \"\"){\nfirstErrorId = \n\"cp_36_1\";\n}\nxyz_cfm_client_error = 1;\n}else{\ndocument.getElementById(\"text_cp_36_1\").innerHTML = \"\";\n}var xyz_cfm_name_pais_37_1 = document.getElementById(\"pais_37_1\").value;\nif(xyz_cfm_name_pais_37_1.trim() == \"\"){\ndocument.getElementById(\"text_pais_37_1\").innerHTML = \"Rellene el campo de texto\";\nif(firstErrorId ==  \"\"){\nfirstErrorId = \n\"pais_37_1\";\n}\nxyz_cfm_client_error = 1;\n}else{\ndocument.getElementById(\"text_pais_37_1\").innerHTML = \"\";\n}var xyz_cfm_email_email_40_1 = jQuery.trim(document.getElementById(\"email_40_1\").value);\nif(xyz_cfm_email_email_40_1 != \"\"){\nvar reg = \/^([A-Za-z0-9_\\-\\.])+\\@([A-Za-z0-9_\\-\\.])+\\.([A-Za-z]{2,4})$\/;\nif(reg.test(xyz_cfm_email_email_40_1) == false) {\ndocument.getElementById(\"email_email_40_1\").innerHTML = \"S\u00edrvase proporcionar una direcci\u00f3n v\u00e1lida de correo electr\u00f3nico\";\nif(firstErrorId ==  \"\"){\nfirstErrorId = \n\"email_40_1\";\n}\nxyz_cfm_client_error = 1;\n}else{\ndocument.getElementById(\"email_email_40_1\").innerHTML = \"\";\n}\n}else if(xyz_cfm_email_email_40_1.trim() == \"\"){\ndocument.getElementById(\"email_email_40_1\").innerHTML = \"Rellenar campo de correo electr\u00f3nico\";\nif(firstErrorId ==  \"\"){\nfirstErrorId = \n\"email_40_1\";\n}\nxyz_cfm_client_error = 1;\n}else{\ndocument.getElementById(\"email_email_40_1\").innerHTML = \"\";\n}var xyz_cfm_name_producto_41_1 = document.getElementById(\"producto_41_1\").value;\nif(xyz_cfm_name_producto_41_1.trim() == \"\"){\ndocument.getElementById(\"text_producto_41_1\").innerHTML = \"Rellene el campo de texto\";\nif(firstErrorId ==  \"\"){\nfirstErrorId = \n\"producto_41_1\";\n}\nxyz_cfm_client_error = 1;\n}else{\ndocument.getElementById(\"text_producto_41_1\").innerHTML = \"\";\n}\nvar objCheckBoxes = document.forms[\"xyz_cfm_4_1\"].elements[\"privacidad\"];\nif(objCheckBoxes==null)\nobjCheckBoxes = document.forms[\"xyz_cfm_4_1\"].elements[\"privacidad[]\"];\nvar countCheckBoxes = objCheckBoxes.length;\nvar total = 0;\nif(countCheckBoxes){\nfor(var i = 0; i < countCheckBoxes; i++)\nif(objCheckBoxes[i].checked == true){\ntotal = total+1;\n}\n}else{\nif(objCheckBoxes.checked == true){\ntotal = total+1;\n}\n}\nif(total == 0){\ndocument.getElementById(\"checkbox_privacidad_43_1\").innerHTML = \"Seleccione Atleast una casilla de verificaci\u00f3n\";\nif(firstErrorId ==  \"\"){\nfirstErrorId = \n\"privacidad_43_1\";\n}\nxyz_cfm_client_error = 1;\n}else{\ndocument.getElementById(\"checkbox_privacidad_43_1\").innerHTML = \"\";\n}\nif(xyz_cfm_client_error == 1){\nif(firstErrorId !=  \"\"){\ndocument.getElementById(firstErrorId).focus();\n}\nreturn false;\n}}<\/script>\n<div id=\"xyz_cfm_presupuesto_1_success\" style=\"background: #C8FCBB;  text-align: center;  border-radius: 15px; margin-bottom: 20px;\"><\/div>\n<form name=\"xyz_cfm_4_1\" method=\"POST\" id=\"xyz_cfm_4_1\" enctype=\"multipart\/form-data\" onSubmit=\"return xyz_cfm_4_1_check();\">\n<div class=\"xyz_cfm_theme_div_id_\"><p>Nombre:\u00a0<br \/> <input  class=\"presu_form\"  type=\"text\" id=\"nombre_28_1\" name=\"nombre\"  value=\"\"  ><span style=\"color:red;\">*<\/span><div style=\"font-weight: normal;color:red;\" id=\"text_nombre_28_1\"><\/div>\n<\/p>\n<p>Apellidos:<br \/> <input  class=\"presu_form\"  type=\"text\" id=\"apellidos_29_1\" name=\"apellidos\"  value=\"\"  ><span style=\"color:red;\">*<\/span><div style=\"font-weight: normal;color:red;\" id=\"text_apellidos_29_1\"><\/div>\n<\/p>\n<p>NIF\/CIF:\u00a0<br \/> <input  class=\"presu_form\"  type=\"text\" id=\"NIF_30_1\" name=\"NIF\"  value=\"\"   maxlength=\"12\"><div style=\"font-weight: normal;color:red;\" id=\"text_NIF_30_1\"><\/div>\n<\/p>\n<p>Empresa:\u00a0<br \/> <input  class=\"presu_form\"  type=\"text\" id=\"empresa_31_1\" name=\"empresa\"  value=\"\"  ><div style=\"font-weight: normal;color:red;\" id=\"text_empresa_31_1\"><\/div>\n<\/p>\n<p>Cargo:\u00a0<br \/> <input  class=\"presu_form\"  type=\"text\" id=\"cargo_32_1\" name=\"cargo\"  value=\"\"  ><div style=\"font-weight: normal;color:red;\" id=\"text_cargo_32_1\"><\/div>\n<\/p>\n<p>Direcci\u00f3n:\u00a0<br \/> <input  class=\"presu_form\"  type=\"text\" id=\"direccion_33_1\" name=\"direccion\"  value=\"\"  ><span style=\"color:red;\">*<\/span><div style=\"font-weight: normal;color:red;\" id=\"text_direccion_33_1\"><\/div>\n<\/p>\n<p>Localidad:\u00a0<br \/> <input  class=\"presu_form\"  type=\"text\" id=\"localidad_34_1\" name=\"localidad\"  value=\"\"  ><span style=\"color:red;\">*<\/span><div style=\"font-weight: normal;color:red;\" id=\"text_localidad_34_1\"><\/div>\n<\/p>\n<p>Provincia:\u00a0<br \/> <input  class=\"presu_form\"  type=\"text\" id=\"provincia_35_1\" name=\"provincia\"  value=\"\"  ><span style=\"color:red;\">*<\/span><div style=\"font-weight: normal;color:red;\" id=\"text_provincia_35_1\"><\/div>\n<\/p>\n<p>C\u00f3digo Postal:\u00a0<br \/> <input  class=\"presu_form\"  type=\"text\" id=\"cp_36_1\" name=\"cp\"  value=\"\"   maxlength=\"5\"><span style=\"color:red;\">*<\/span><div style=\"font-weight: normal;color:red;\" id=\"text_cp_36_1\"><\/div>\n<\/p>\n<p>Pa\u00eds:\u00a0<br \/> <input  class=\"presu_form\"  type=\"text\" id=\"pais_37_1\" name=\"pais\"  value=\"\"  ><span style=\"color:red;\">*<\/span><div style=\"font-weight: normal;color:red;\" id=\"text_pais_37_1\"><\/div>\n<\/p>\n<p>Tel\u00e9fono:\u00a0<br \/> <input  class=\"presu_form\"  type=\"text\" id=\"telefono_38_1\" name=\"telefono\"  value=\"\"   maxlength=\"13\"><div style=\"font-weight: normal;color:red;\" id=\"text_telefono_38_1\"><\/div>\n<\/p>\n<p>Fax:\u00a0<br \/> <input  class=\"presu_form\"  type=\"text\" id=\"fax_39_1\" name=\"fax\"  value=\"\"   maxlength=\"13\"><div style=\"font-weight: normal;color:red;\" id=\"text_fax_39_1\"><\/div>\n<\/p>\n<p>Email:\u00a0<br \/> <input  class=\"presu_form\"  type=\"text\" id=\"email_40_1\" name=\"email\"  value=\"\"  ><span style=\"color:red;\">*<\/span><div style=\"font-weight: normal;color:red;\" id=\"email_email_40_1\"><\/div>\n<\/p>\n<p>Producto:\u00a0<br \/> <input  class=\"presu_form\"  type=\"text\" id=\"producto_41_1\" name=\"producto\"  value=\"\"  ><span style=\"color:red;\">*<\/span><div style=\"font-weight: normal;color:red;\" id=\"text_producto_41_1\"><\/div>\n<\/p>\n<p>N\u00famero de Ordenadores:\u00a0<br \/><select id=\"pcs_42_1\" name=\"pcs\" class=\"presu_form\" ><option value=\"\">Select<\/option><option value=\"1 a 10\">1 a 10<\/option><option value=\" 10 a 20\"> 10 a 20<\/option><option value=\" 20 a 30\"> 20 a 30<\/option><option value=\" M\u00e1s de 30\"> M\u00e1s de 30<\/option><\/select><div style=\"font-weight: normal;color:red; \" id=\"dropdown_pcs_42_1\"><\/div><\/p>\n<p><div><input class=\"\" type=\"checkbox\"  name=\"privacidad[]\" value=\"He le\u00eddo y acepto las condiciones\" \/> He le\u00eddo y acepto las condiciones<span style=\"color:red;\" id=\"privacidad_43_1\">*<\/span><\/div><div style=\"font-weight: normal;color:red;\" id=\"checkbox_privacidad_43_1\"><\/div><\/p>\n<p><div  class=\"g-recaptcha white\" data-sitekey=6LdPK9gSAAAAAN1XSADdKZnwAubJiY_xszV7JUf6   id=\"reCaptchaDiv_44_1\"  >\n<\/div><span style=\"color:red;\">*<\/span> <script type=\"text\/javascript\" src=\"\/\/www.google.com\/recaptcha\/api.js\" ><\/script><div style=\"font-weight: normal;color:red;\" id=\"captcha_capchat_44_1\"><\/div><\/p>\n<p><input class=\"\"  type=\"submit\" name=\"submit\" id=\"submit_27_1\" value=\"Enviar\"  ><\/p><\/div>\n<input type =\"hidden\" name=\"xyz_cfm_frmName_1\"  value=\"presupuesto\" >\n<\/form><\/div>\n<div class=\"terminos\">\n<h2>Condiciones Legales:<\/h2>\n<p style=\"text-align: justify;\"><span style=\"color: #000000;\">\u00abEn cumplimiento con la legislaci\u00f3n vigente en esta materia, Ley Org\u00e1nica de Protecci\u00f3n de Datos Personales 15\/1999 y la Ley 34\/2002 de Servicios de la Sociedad de la Informaci\u00f3n de Comercio Electr\u00f3nico entre otras, le comunicamos que los datos personales obtenidos de este registro se incorporan a un fichero automatizado cuyo responsable es Satinfo S.L., la finalidad del mismo es poder ofrecerle el servicio por vd. demandado. A su vez le informamos que puede ejercer sus derechos ARCO en la siguiente direcci\u00f3n de correo electr\u00f3nico: comercial@satinfo.es poniendo la palabra BAJA en asunto.\u00bb<\/span><\/p>\n<\/div><\/div><div class=\"clear\"><\/div>\n<\/div>\n","protected":false},"excerpt":{"rendered":"","protected":false},"author":41,"featured_media":0,"parent":0,"menu_order":0,"comment_status":"closed","ping_status":"closed","template":"page-fullwidth.php","meta":{"_monsterinsights_skip_tracking":false,"_monsterinsights_sitenote_active":false,"_monsterinsights_sitenote_note":"","_monsterinsights_sitenote_category":0,"footnotes":""},"class_list":["post-416","page","type-page","status-publish","hentry"],"aioseo_notices":[],"_links":{"self":[{"href":"https:\/\/satinfo.es\/web-wp\/index.php\/wp-json\/wp\/v2\/pages\/416","targetHints":{"allow":["GET"]}}],"collection":[{"href":"https:\/\/satinfo.es\/web-wp\/index.php\/wp-json\/wp\/v2\/pages"}],"about":[{"href":"https:\/\/satinfo.es\/web-wp\/index.php\/wp-json\/wp\/v2\/types\/page"}],"author":[{"embeddable":true,"href":"https:\/\/satinfo.es\/web-wp\/index.php\/wp-json\/wp\/v2\/users\/41"}],"replies":[{"embeddable":true,"href":"https:\/\/satinfo.es\/web-wp\/index.php\/wp-json\/wp\/v2\/comments?post=416"}],"version-history":[{"count":0,"href":"https:\/\/satinfo.es\/web-wp\/index.php\/wp-json\/wp\/v2\/pages\/416\/revisions"}],"wp:attachment":[{"href":"https:\/\/satinfo.es\/web-wp\/index.php\/wp-json\/wp\/v2\/media?parent=416"}],"curies":[{"name":"wp","href":"https:\/\/api.w.org\/{rel}","templated":true}]}}