

{"id":3624,"date":"2014-01-21T10:14:33","date_gmt":"2014-01-21T09:14:33","guid":{"rendered":"http:\/\/satinfo.es\/web-wp\/?page_id=3624"},"modified":"2026-03-20T14:46:13","modified_gmt":"2026-03-20T13:46:13","slug":"kaspersky","status":"publish","type":"page","link":"https:\/\/satinfo.es\/web-wp\/index.php\/productos-2\/kaspersky\/","title":{"rendered":"Kaspersky"},"content":{"rendered":"<p class=\"wrapper\" style=\"text-align: justify;\"><div class=\"one_third \"><h1 class=\"wrapper\" style=\"text-align: justify;\">NUESTROS PRODUCTOS<\/h1>\n<div class=\"wrapper\" style=\"text-align: justify;\">\n<dl class=\"services\">\n<dt><a class=\"azul\" href=\"https:\/\/satinfo.es\/web-wp\/index.php\/productos-2\/mcafee\/\">Trellix\/McAfee\/Skyhigh<\/a><\/dt>\n<dd><span style=\"color: #000000;\">Software antivirus y soluciones perimetrales<\/span><br \/>\n<a class=\"link_productos\" href=\"https:\/\/satinfo.es\/web-wp\/index.php\/productos-2\/mcafee\/\">Leer m\u00e1s<\/a><\/dd>\n<dt><a class=\"azul\" href=\"https:\/\/satinfo.es\/web-wp\/index.php\/productos-2\/cynet\/\">CYNET<\/a><\/dt>\n<dd><span style=\"color: #000000;\">Ciberseguridad de nueva generaci\u00f3n<\/span><br \/>\n<a class=\"link_productos\" href=\"https:\/\/satinfo.es\/web-wp\/index.php\/productos-2\/cynet\/\">Leer m\u00e1s<\/a><\/dd>\n<dt><a class=\"azul\" href=\"https:\/\/satinfo.es\/web-wp\/index.php\/productos-2\/hornetsecurity\/\">Hornetsecurity<\/a><\/dt>\n<dd><span style=\"color: #000000;\">Proteja su mail de correo basura y de virus.<\/span><br \/>\n<a class=\"link_productos\" href=\"https:\/\/satinfo.es\/web-wp\/index.php\/productos-2\/hornetsecurity\/\">Leer m\u00e1s<\/a><\/dd>\n<dt><a class=\"azul\" href=\"https:\/\/satinfo.es\/web-wp\/index.php\/productos-2\/guardion\/?preview=true\">CENTRIBAL<\/a><\/dt>\n<dd><span style=\"color: #000000;\">Especialista en recuperaci\u00f3n de datos<\/span><br \/>\n<a class=\"link_productos\" href=\"https:\/\/satinfo.es\/web-wp\/index.php\/productos-2\/guardion\/?preview=true\">Leer m\u00e1s<\/a><\/dd>\n<dt><a class=\"azul\" href=\"https:\/\/satinfo.es\/web-wp\/index.php\/productos-2\/\">Cat\u00e1logo de productos<\/a><\/dt>\n<dt><a class=\"azul\" href=\"https:\/\/satinfo.es\/web-wp\/index.php\/solicitar-presupuesto\/\">Solicitar presupuesto<\/a><\/dt>\n<dd><\/dd>\n<\/dl>\n<\/div>\n<p>&nbsp;<\/p><\/div> <div class=\"two_third last\"><h1>KASPERSKY<\/h1>\n<h6><span style=\"color: #000000;\"><span style=\"line-height: 115%; font-family: 'Arial',sans-serif; font-size: 10pt;\">Compa\u00f1\u00eda global de ciberseguridad especializada en inteligencia de amenazas y seguridad.<\/span><\/span><\/h6>\n<p>&nbsp;<\/p>\n<p style=\"text-align: justify;\"><span style=\"color: #000000;\"><a href=\"https:\/\/satinfo.es\/web-wp\/wp-content\/uploads\/2019\/06\/Logo-Kaspersky-verde.jpg\"><img loading=\"lazy\" decoding=\"async\" class=\"alignleft wp-image-10203 size-full\" src=\"https:\/\/satinfo.es\/web-wp\/wp-content\/uploads\/2019\/06\/Logo-Kaspersky-verde.jpg\" alt=\"\" width=\"220\" height=\"42\" \/><\/a>Si Ud. es distribuidor de inform\u00e1tica, puede tener acceso a la <strong>ZONA DE DISTRIBUIDORES.<\/strong> Debe solicitarlo enviando un mail a: comercial@satinfo.es<\/span><\/p>\n<p style=\"text-align: justify;\"><span style=\"color: #000000;\"><strong>Kaspersky Lab<\/strong> es uno de los mayores desarrolladores de productos y soluciones de seguridad inform\u00e1tica. Analiza continuamente las actividades virales, lo que le permite pronosticar las tendencias de los programas maliciosos. <\/span><span style=\"color: #000000;\">Kaspersky Lab le permite controlar la seguridad de su empresa con una protecci\u00f3n superior e inteligente contra las nuevas amenazas que cada vez son m\u00e1s complejas y sofisticadas:<\/span><\/p>\n<p><span style=\"color: #800000;\"><b>*CONTENIDO EN ACTUALIZACI\u00d3N<\/b><\/span><\/p>\n<p><strong><span style=\"color: #000000;\">M\u00e1s informaci\u00f3n en la Zona de Distribuidores.<\/span><\/strong><\/p>\n<h2><span style=\"color: #008000;\">Soluciones profesionales <span style=\"color: #ff0000;\">BUSINESS<\/span><\/span><\/h2>\n<p><strong><a href=\"https:\/\/satinfo.es\/web-wp\/wp-content\/uploads\/2026\/01\/KASPERSKY-NEXT.pdf\" target=\"_blank\" rel=\"noopener\">FUNCIONALIDADES DE NEXT<\/a><\/strong><\/p>\n<p><strong><span style=\"color: #000000;\">Kaspersky Next &#8211; EDR Foundations<\/span><\/strong><br \/>\n<span style=\"color: #000000;\">Protecci\u00f3n contra amenazas en la Web, los correos y los archivos<\/span><br \/>\n<span style=\"color: #000000;\">Protecci\u00f3n contra ransomware<\/span><br \/>\n<span style=\"color: #000000;\">An\u00e1lisis de vulnerabilidades<\/span><br \/>\n<span style=\"color: #000000;\">Detecci\u00f3n en la nube<\/span><br \/>\n<span style=\"color: #000000;\">An\u00e1lisis de la causa ra\u00edz<\/span><span style=\"color: #000000;\"><br \/>\n<\/span><\/p>\n<div style=\"text-align: justify;\">\n<p><strong><span style=\"color: #000000;\">Kaspersky Next &#8211; EDR Optimum<\/span><\/strong><br \/>\n<span style=\"color: #000000;\">Protecci\u00f3n contra amenazas en la Web, los correos y los archivos<\/span><br \/>\n<span style=\"color: #000000;\">Protecci\u00f3n contra ransomware<\/span><br \/>\n<span style=\"color: #000000;\">An\u00e1lisis de vulnerabilidades y gesti\u00f3n de parches<\/span><br \/>\n<span style=\"color: #000000;\">Detecci\u00f3n y protecci\u00f3n en la nube<\/span><br \/>\n<span style=\"color: #000000;\">Detecci\u00f3n y respuesta a endpoints<\/span><br \/>\n<span style=\"color: #000000;\">Formaci\u00f3n en ciberseguridad para TI<\/span><\/p>\n<p><strong><span style=\"color: #000000;\">Kaspersky Next &#8211; XDR Expert<\/span><\/strong><br \/>\n<span style=\"color: #000000;\">Soluci\u00f3n de ciberseguridad potente que agrega, analiza y correlaciona datos de diversas fuentes a trav\u00e9s de la infraestructura TI de una organizaci\u00f3n. Proporciona visibilidad en tiempo real y una visi\u00f3n contextual de las potenciales amenazas que apuntan a las organizaciones, para ofrecer detecci\u00f3n avanzada de amenazas y respuesta automatizada.<\/span><\/p>\n<h2><span style=\"color: #008000;\">Soluciones espec\u00edficas de Kaspersky<\/span><\/h2>\n<p><strong><a href=\"http:\/\/www.kaspersky.es\/business-security\/targeted-solutions\" target=\"_blank\" rel=\"noopener noreferrer\"><span style=\"color: #000000;\">M\u00e1s informaci\u00f3n<\/span><\/a><\/strong><\/p>\n<\/div>\n<h2><span style=\"color: #008000;\">Kaspersky HOME <span style=\"color: #ff0000;\">PARTICULARES<\/span><\/span><\/h2>\n<p><span style=\"color: #000000;\"><strong>Kaspersky Standard<\/strong><\/span><\/p>\n<p><span style=\"color: #000000;\">Antivirus en tiempo real<br \/>\nProtecci\u00f3n contra las criptoamenazas<\/span><\/p>\n<p><span style=\"color: #000000;\">Rendimiento optimizado\u00a0<\/span><\/p>\n<p><span style=\"color: #000000;\"><b>Kaspersky Plus<\/b><\/span><\/p>\n<p><span style=\"color: #000000;\">Antivirus en tiempo real<br \/>\nProtecci\u00f3n contra las criptoamenazas<\/span><\/p>\n<p><span style=\"color: #000000;\">Rendimiento optimizado\u00a0<\/span><br \/>\n<span style=\"color: #000000;\">VPN sin l\u00edmites: en ordenador y dispositivos m\u00f3viles<\/span><br \/>\n<span style=\"color: #000000;\">Buscador de filtraciones de datos<\/span><\/p>\n<p><span style=\"color: #000000;\"><b>Kaspersky Premium<\/b><\/span><\/p>\n<p><span style=\"color: #000000;\">Antivirus en tiempo real<br \/>\nProtecci\u00f3n contra las criptoamenazas<\/span><\/p>\n<p><span style=\"color: #000000;\">Rendimiento optimizado\u00a0<\/span><br \/>\n<span style=\"color: #000000;\">VPN sin l\u00edmites: en ordenador y dispositivos m\u00f3viles<\/span><br \/>\n<span style=\"color: #000000;\">Buscador de filtraciones de datos<\/span><\/p>\n<p><span style=\"color: #000000;\">Protecci\u00f3n de identidades\u00a0<\/span><br \/>\n<span style=\"color: #000000;\">Comprobaci\u00f3n de estado del PC por expertos<\/span><\/p>\n<p>&nbsp;<\/p>\n<h2><span style=\"color: #008000;\">Kaspersky <span style=\"color: #ff0000;\">SMALL OFFICE KSOS<\/span><\/span><\/h2>\n<p style=\"text-align: justify;\"><strong><span style=\"color: #000000;\">Kaspersky Small Office Security\u00a0<\/span><\/strong><br \/>\n<span style=\"color: #000000;\">Seguridad integral (protecci\u00f3n, privacidad, administraci\u00f3n de contrase\u00f1as, VPN premium).<\/span><br \/>\n<span style=\"color: #000000;\">Administrador de contrase\u00f1as.<\/span><br \/>\n<span style=\"color: #000000;\">Protecci\u00f3n de errores humanos (phishing, ransomware y clics accidentales).<\/span><\/p>\n<p>&nbsp;<\/p>\n<div style=\"text-align: justify;\"><\/div><div class=\"clear\"><\/div>\n<p>&nbsp;<\/p>\n<\/div>\n","protected":false},"excerpt":{"rendered":"<p>&nbsp;<\/p>\n","protected":false},"author":41,"featured_media":0,"parent":118,"menu_order":0,"comment_status":"closed","ping_status":"open","template":"page-fullwidth.php","meta":{"_monsterinsights_skip_tracking":false,"_monsterinsights_sitenote_active":false,"_monsterinsights_sitenote_note":"","_monsterinsights_sitenote_category":0,"footnotes":""},"class_list":["post-3624","page","type-page","status-publish","hentry"],"aioseo_notices":[],"_links":{"self":[{"href":"https:\/\/satinfo.es\/web-wp\/index.php\/wp-json\/wp\/v2\/pages\/3624","targetHints":{"allow":["GET"]}}],"collection":[{"href":"https:\/\/satinfo.es\/web-wp\/index.php\/wp-json\/wp\/v2\/pages"}],"about":[{"href":"https:\/\/satinfo.es\/web-wp\/index.php\/wp-json\/wp\/v2\/types\/page"}],"author":[{"embeddable":true,"href":"https:\/\/satinfo.es\/web-wp\/index.php\/wp-json\/wp\/v2\/users\/41"}],"replies":[{"embeddable":true,"href":"https:\/\/satinfo.es\/web-wp\/index.php\/wp-json\/wp\/v2\/comments?post=3624"}],"version-history":[{"count":0,"href":"https:\/\/satinfo.es\/web-wp\/index.php\/wp-json\/wp\/v2\/pages\/3624\/revisions"}],"up":[{"embeddable":true,"href":"https:\/\/satinfo.es\/web-wp\/index.php\/wp-json\/wp\/v2\/pages\/118"}],"wp:attachment":[{"href":"https:\/\/satinfo.es\/web-wp\/index.php\/wp-json\/wp\/v2\/media?parent=3624"}],"curies":[{"name":"wp","href":"https:\/\/api.w.org\/{rel}","templated":true}]}}