

{"id":324,"date":"2012-02-16T13:12:14","date_gmt":"2012-02-16T12:12:14","guid":{"rendered":"http:\/\/persuadis.net\/blog\/?page_id=324"},"modified":"2023-04-24T12:03:03","modified_gmt":"2023-04-24T11:03:03","slug":"contacto","status":"publish","type":"page","link":"https:\/\/satinfo.es\/web-wp\/index.php\/contacto\/","title":{"rendered":"CONTACTO"},"content":{"rendered":"<div class=\"wrapper\">\n<h2><span style=\"color: #ff0000;\"><strong><a style=\"color: #ff0000;\" href=\"https:\/\/maps.google.es\/maps?hl=en&amp;q=calle+n%C3%A0pols+335+barcelona&amp;ie=UTF-8&amp;hq=&amp;hnear=0x12a4a2c0dc5af637:0x810415389e2e782b,Carrer+N%C3%A0pols,+335,+08025+Barcelona&amp;gl=es&amp;ei=Ju0lUY2VL8nIhAfsmYH4CA&amp;ved=0CCwQ8gEwAA\" target=\"_blank\" rel=\"noopener noreferrer\"><img decoding=\"async\" class=\"alignright\" src=\"https:\/\/www.google.es\/maps\/vt\/data=Ay5GWBeob_WIPLDYoIWcfVXxvZu9XwJ55OX7Ag,ZMXmeAWLLvncBpQJVbmBTGu0UffNLQRANL92tNUJFTJUVrqsSmn8uypl1eNVNUhREc99zDWfxFEtRjq2pgredyzsiaCVj4OGAIjHe1cT\" alt=\"Carrer N\u00e0pols, 335, 08025 Barcelona\" \/><\/a><\/strong><\/span><\/h2>\n<h2><span style=\"color: #000000;\">HORARIO: Lunes a Jueves de 8:30h a 14h y de 15:30h a 18h. Viernes de 8:30h a 15h.<\/span><\/h2>\n<h2><span style=\"color: #ff0000;\">Horario de verano: Julio y Agosto de 8h a 15h<\/span><\/h2>\n<h1 class=\"contacto\">SATINFO S.L<\/h1>\n<p><span style=\"color: #000000;\">C\/ N\u00e0pols 335 bajos<\/span><br \/>\n<span style=\"color: #000000;\"> 08025 Barcelona<\/span><\/p>\n<p><span style=\"color: #000000;\"><span style=\"font-weight: bold;\">Tel\u00e9fono:<\/span> 93 459 01 00<\/span><\/p>\n<p>&nbsp;<\/p>\n<h6 class=\"contact\">Departamento comercial:<\/h6>\n<p><a href=\"formulario-contacto\">comercial@satinfo.es<\/a><\/p>\n<h6 class=\"contact\">Departamento t\u00e9cnico:<\/h6>\n<p><a href=\"https:\/\/soporte.satinfo.es\/\" target=\"_blank\" rel=\"noopener\">sat@satinfo.es<\/a><\/p>\n<h6 class=\"contact\">Departamento de RRHH:<\/h6>\n<p><a href=\"formulario-contacto-empleo\">empleo@satinfo.es<\/a><\/p>\n<h6 class=\"contact\">Departamento de Prensa:<\/h6>\n<p><a href=\"formulario-contacto-prensa\">prensa@satinfo.es<\/a><\/p>\n<\/div>\n","protected":false},"excerpt":{"rendered":"<p>HORARIO: Lunes a Jueves de 8:30h a 14h y de 15:30h a 18h. Viernes de 8:30h a 15h. Horario de verano: Julio y Agosto de 8h a 15h SATINFO S.L C\/ N\u00e0pols 335 bajos 08025 Barcelona Tel\u00e9fono: 93 459 01 00 &nbsp; Departamento comercial: comercial@satinfo.es Departamento t\u00e9cnico: sat@satinfo.es Departamento de RRHH: empleo@satinfo.es Departamento de Prensa:&nbsp;<a href=\"https:\/\/satinfo.es\/web-wp\/index.php\/contacto\/\" class=\"read-more\">Continue Reading<\/a><\/p>\n","protected":false},"author":41,"featured_media":0,"parent":0,"menu_order":0,"comment_status":"closed","ping_status":"closed","template":"page-fullwidth.php","meta":{"_monsterinsights_skip_tracking":false,"_monsterinsights_sitenote_active":false,"_monsterinsights_sitenote_note":"","_monsterinsights_sitenote_category":0,"footnotes":""},"class_list":["post-324","page","type-page","status-publish","hentry"],"aioseo_notices":[],"_links":{"self":[{"href":"https:\/\/satinfo.es\/web-wp\/index.php\/wp-json\/wp\/v2\/pages\/324","targetHints":{"allow":["GET"]}}],"collection":[{"href":"https:\/\/satinfo.es\/web-wp\/index.php\/wp-json\/wp\/v2\/pages"}],"about":[{"href":"https:\/\/satinfo.es\/web-wp\/index.php\/wp-json\/wp\/v2\/types\/page"}],"author":[{"embeddable":true,"href":"https:\/\/satinfo.es\/web-wp\/index.php\/wp-json\/wp\/v2\/users\/41"}],"replies":[{"embeddable":true,"href":"https:\/\/satinfo.es\/web-wp\/index.php\/wp-json\/wp\/v2\/comments?post=324"}],"version-history":[{"count":0,"href":"https:\/\/satinfo.es\/web-wp\/index.php\/wp-json\/wp\/v2\/pages\/324\/revisions"}],"wp:attachment":[{"href":"https:\/\/satinfo.es\/web-wp\/index.php\/wp-json\/wp\/v2\/media?parent=324"}],"curies":[{"name":"wp","href":"https:\/\/api.w.org\/{rel}","templated":true}]}}