

{"id":285,"date":"2012-02-15T13:11:03","date_gmt":"2012-02-15T12:11:03","guid":{"rendered":"http:\/\/persuadis.net\/blog\/?page_id=285"},"modified":"2020-12-02T12:52:30","modified_gmt":"2020-12-02T11:52:30","slug":"soporte","status":"publish","type":"page","link":"https:\/\/satinfo.es\/web-wp\/index.php\/soporte\/","title":{"rendered":"SOPORTE"},"content":{"rendered":"<div class=\"wrapper\">\n<div class=\"one_third\">\n<h1>INFORMACI\u00f3N DE VIRUS<\/h1>\n<dl>\n<dt>Alta al Servicio de Informaci\u00f3n por e-mail<\/dt>\n<\/dl>\n<p style=\"text-align: center;\"><a href=\"https:\/\/satinfo.es\/web-wp\/index.php\/alta_informacion\/\"><img loading=\"lazy\" decoding=\"async\" class=\"masnfo\" title=\"post-img-1\" src=\"..\/..\/wp-content\/uploads\/2011\/01\/bt_informacion.png\" alt=\"M\u00e1s informaci\u00f3n - Informaci\u00f3n de virus\" width=\"180\" height=\"43\" \/><\/a><\/p>\n<dl>\n<dt>Listas de Informaci\u00f3n enviadas por SATINFO<\/dt>\n<\/dl>\n<p style=\"text-align: center;\"><a href=\"https:\/\/satinfo.es\/web-wp\/index.php\/listas-de-informacion-enviadas-por-satinfo-2\/\"><img loading=\"lazy\" decoding=\"async\" class=\"masnfo\" title=\"post-img-1\" src=\"..\/..\/wp-content\/uploads\/2011\/01\/bt_informacion.png\" alt=\"M\u00e1s informaci\u00f3n - Informaci\u00f3n de virus\" width=\"180\" height=\"43\" \/><\/a><\/p>\n<dl>\n<dt>Tabla de referencia para eliminaci\u00f3n de los principales virus<\/dt>\n<\/dl>\n<p style=\"text-align: center;\"><a class=\"point\" href=\"https:\/\/satinfo.es\/archivo\/soporte\/SOPORTE_Tabla_eliminacion_virus.pdf\" target=\"_blank\" rel=\"noopener noreferrer\"><img loading=\"lazy\" decoding=\"async\" class=\"masnfo\" title=\"post-img-1\" src=\"..\/..\/wp-content\/uploads\/2011\/01\/bt_mas_infor.png\" alt=\"M\u00e1s informaci\u00f3n - Informaci\u00f3n de virus\" width=\"180\" height=\"43\" \/><\/a><\/p>\n<dl>\n<dt>Librer\u00eda de Virus<\/dt>\n<\/dl>\n<p style=\"text-align: center;\"><a class=\"point\" href=\"https:\/\/satinfo.es\/web-wp\/index.php\/libreria-de-virus\/\"><img loading=\"lazy\" decoding=\"async\" class=\"masnfo\" title=\"post-img-1\" src=\"..\/..\/wp-content\/uploads\/2011\/01\/bt_informacion.png\" alt=\"M\u00e1s informaci\u00f3n - Informaci\u00f3n de virus\" width=\"180\" height=\"43\" \/><\/a><\/p>\n<\/div>\n<div class=\"one_third\">\n<h1>SOPORTE T\u00c9CNICO<\/h1>\n<dl>\n<dt>Pulse aqu\u00ed para acceder al Portal de Soporte de Satinfo<\/dt>\n<\/dl>\n<p style=\"text-align: center;\"><a class=\"point\" href=\"https:\/\/soporte.satinfo.es\"><img loading=\"lazy\" decoding=\"async\" class=\"masnfo\" title=\"post-img-1\" src=\"..\/..\/wp-content\/uploads\/2020\/12\/soporte_tecnico.png\" alt=\"Soporte T\u00e9cnico\" width=\"180\" height=\"43\" \/><\/a><\/p>\n<\/div>\n<div class=\"one_third last\">\n<h1>NOTAS DE INTER\u00c9S<\/h1>\n<dl>\n<dt>A tener en cuenta<\/dt>\n<\/dl>\n<p style=\"text-align: center;\"><a href=\"https:\/\/satinfo.es\/web-wp\/index.php\/a-tener-en-cuenta\/\"><img loading=\"lazy\" decoding=\"async\" class=\"masnfo\" title=\"post-img-1\" src=\"..\/..\/wp-content\/uploads\/2011\/01\/bt_notas_interes.png\" alt=\"M\u00e1s informaci\u00f3n - Notas de Inter\u00e9s\" width=\"180\" height=\"43\" \/><\/a><\/p>\n<dl>\n<dt>T\u00e9rminos y conceptos<\/dt>\n<\/dl>\n<p style=\"text-align: center;\"><a class=\"point\" href=\"..\/..\/wp-content\/downloads\/soporte\/Terminos_y_conceptos.pdf\" target=\"_blank\" rel=\"noopener noreferrer\"><img loading=\"lazy\" decoding=\"async\" class=\"masnfo\" title=\"post-img-1\" src=\"..\/..\/wp-content\/uploads\/2011\/01\/bt_terminos.png\" alt=\"M\u00e1s informaci\u00f3n - Notas de Inter\u00e9s\" width=\"180\" height=\"43\" \/><\/a><\/p>\n<dl>\n<dt>SEGURIDAD INFORM\u00c1TICA (principios b\u00e1sicos)<\/dt>\n<\/dl>\n<p style=\"text-align: center;\"><a class=\"point\" href=\"..\/..\/wp-content\/downloads\/soporte\/SOPORTE_seguridad-web.pdf\" target=\"_blank\" rel=\"noopener noreferrer\"><img loading=\"lazy\" decoding=\"async\" class=\"masnfo\" title=\"post-img-1\" src=\"..\/..\/wp-content\/uploads\/2011\/01\/bt_present.png\" alt=\"M\u00e1s informaci\u00f3n - Notas de Inter\u00e9s\" width=\"180\" height=\"43\" \/><\/a><\/p>\n<dl>\n<dt>C\u00f3mo evitar la ejecuci\u00f3n de ficheros VBS y VBE<\/dt>\n<\/dl>\n<p style=\"text-align: center;\"><a title=\"post-img-1\" href=\"..\/soporte\/como-evitar-la-ejecucion-de-ficheros-vbs-y-vbe\/\"><img loading=\"lazy\" decoding=\"async\" src=\"..\/..\/wp-content\/uploads\/2011\/01\/bt_notas_interes.png\" alt=\"M\u00e1s informaci\u00f3n - Notas de Inter\u00e9s\" width=\"180\" height=\"43\" \/><\/a><\/p>\n<dl>\n<dt>Obtener la clave p\u00fablica PGP de SATINFO<\/dt>\n<\/dl>\n<p style=\"text-align: center;\"><a class=\"point\" href=\"..\/..\/wp-content\/downloads\/soporte\/Satinfo.asc\" target=\"_blank\" rel=\"noopener noreferrer\"><img loading=\"lazy\" decoding=\"async\" class=\"masnfo\" title=\"post-img-1\" src=\"..\/..\/wp-content\/uploads\/2011\/01\/bt_notas_interes.png\" alt=\"M\u00e1s informaci\u00f3n - Informaci\u00f3n de virus\" width=\"180\" height=\"43\" \/><\/a><\/p>\n<\/div>\n<\/div>\n","protected":false},"excerpt":{"rendered":"<p>INFORMACI\u00f3N DE VIRUS Alta al Servicio de Informaci\u00f3n por e-mail Listas de Informaci\u00f3n enviadas por SATINFO Tabla de referencia para eliminaci\u00f3n de los principales virus Librer\u00eda de Virus SOPORTE T\u00c9CNICO Pulse aqu\u00ed para acceder al Portal de Soporte de Satinfo NOTAS DE INTER\u00c9S A tener en cuenta T\u00e9rminos y conceptos SEGURIDAD INFORM\u00c1TICA (principios b\u00e1sicos) C\u00f3mo&nbsp;<a href=\"https:\/\/satinfo.es\/web-wp\/index.php\/soporte\/\" class=\"read-more\">Continue Reading<\/a><\/p>\n","protected":false},"author":41,"featured_media":0,"parent":0,"menu_order":0,"comment_status":"closed","ping_status":"closed","template":"page-fullwidth.php","meta":{"_monsterinsights_skip_tracking":false,"_monsterinsights_sitenote_active":false,"_monsterinsights_sitenote_note":"","_monsterinsights_sitenote_category":0,"footnotes":""},"class_list":["post-285","page","type-page","status-publish","hentry"],"aioseo_notices":[],"_links":{"self":[{"href":"https:\/\/satinfo.es\/web-wp\/index.php\/wp-json\/wp\/v2\/pages\/285","targetHints":{"allow":["GET"]}}],"collection":[{"href":"https:\/\/satinfo.es\/web-wp\/index.php\/wp-json\/wp\/v2\/pages"}],"about":[{"href":"https:\/\/satinfo.es\/web-wp\/index.php\/wp-json\/wp\/v2\/types\/page"}],"author":[{"embeddable":true,"href":"https:\/\/satinfo.es\/web-wp\/index.php\/wp-json\/wp\/v2\/users\/41"}],"replies":[{"embeddable":true,"href":"https:\/\/satinfo.es\/web-wp\/index.php\/wp-json\/wp\/v2\/comments?post=285"}],"version-history":[{"count":0,"href":"https:\/\/satinfo.es\/web-wp\/index.php\/wp-json\/wp\/v2\/pages\/285\/revisions"}],"wp:attachment":[{"href":"https:\/\/satinfo.es\/web-wp\/index.php\/wp-json\/wp\/v2\/media?parent=285"}],"curies":[{"name":"wp","href":"https:\/\/api.w.org\/{rel}","templated":true}]}}