

{"id":2212,"date":"2012-10-30T12:51:31","date_gmt":"2012-10-30T11:51:31","guid":{"rendered":"http:\/\/satinfo.es\/web-wp\/?page_id=2212"},"modified":"2012-10-30T12:51:31","modified_gmt":"2012-10-30T11:51:31","slug":"formulario-contacto-sat","status":"publish","type":"page","link":"https:\/\/satinfo.es\/web-wp\/index.php\/contacto\/formulario-contacto-sat\/","title":{"rendered":"Formulario Contacto SAT"},"content":{"rendered":"<div class=\"wrapper\"><div class=\"one_third \"><script>jQuery(document).ready(function(){});<\/script><script type=\"text\/javascript\"> var xyz_cfm_date_format = \"d\/m\/Y\";function xyz_cfm_9_1_check(){var firstErrorId = \"\"; var xyz_cfm_client_error = 0;var xyz_cfm_name_nombre_102_1 = document.getElementById(\"nombre_102_1\").value;\nif(xyz_cfm_name_nombre_102_1.trim() == \"\"){\ndocument.getElementById(\"text_nombre_102_1\").innerHTML = \"Rellene el campo de texto\";\nif(firstErrorId ==  \"\"){\nfirstErrorId = \n\"nombre_102_1\";\n}\nxyz_cfm_client_error = 1;\n}else{\ndocument.getElementById(\"text_nombre_102_1\").innerHTML = \"\";\n}var xyz_cfm_email_mail_104_1 = jQuery.trim(document.getElementById(\"mail_104_1\").value);\nif(xyz_cfm_email_mail_104_1 != \"\"){\nvar reg = \/^([A-Za-z0-9_\\-\\.])+\\@([A-Za-z0-9_\\-\\.])+\\.([A-Za-z]{2,4})$\/;\nif(reg.test(xyz_cfm_email_mail_104_1) == false) {\ndocument.getElementById(\"email_mail_104_1\").innerHTML = \"S\u00edrvase proporcionar una direcci\u00f3n v\u00e1lida de correo electr\u00f3nico\";\nif(firstErrorId ==  \"\"){\nfirstErrorId = \n\"mail_104_1\";\n}\nxyz_cfm_client_error = 1;\n}else{\ndocument.getElementById(\"email_mail_104_1\").innerHTML = \"\";\n}\n}else if(xyz_cfm_email_mail_104_1.trim() == \"\"){\ndocument.getElementById(\"email_mail_104_1\").innerHTML = \"Rellenar campo de correo electr\u00f3nico\";\nif(firstErrorId ==  \"\"){\nfirstErrorId = \n\"mail_104_1\";\n}\nxyz_cfm_client_error = 1;\n}else{\ndocument.getElementById(\"email_mail_104_1\").innerHTML = \"\";\n}var xyz_cfm_name_subject_99_1 = document.getElementById(\"subject_99_1\").value;\nif(xyz_cfm_name_subject_99_1.trim() == \"\"){\ndocument.getElementById(\"text_subject_99_1\").innerHTML = \"Rellene el campo de texto\";\nif(firstErrorId ==  \"\"){\nfirstErrorId = \n\"subject_99_1\";\n}\nxyz_cfm_client_error = 1;\n}else{\ndocument.getElementById(\"text_subject_99_1\").innerHTML = \"\";\n}var xyz_cfm_textArea_message_100_1 = document.getElementById(\"message_100_1\").value;\nif(xyz_cfm_textArea_message_100_1.trim() == \"\"){\ndocument.getElementById(\"textarea_message_100_1\").innerHTML = \"Rellenar campo textarea\";\nif(firstErrorId ==  \"\"){\nfirstErrorId = \n\"message_100_1\";\n}\nxyz_cfm_client_error = 1;\n}else{\ndocument.getElementById(\"textarea_message_100_1\").innerHTML = \"\";\n}\nif(xyz_cfm_client_error == 1){\nif(firstErrorId !=  \"\"){\ndocument.getElementById(firstErrorId).focus();\n}\nreturn false;\n}}<\/script>\n<div id=\"xyz_cfm_Contacto-sat_1_success\" style=\"background: #C8FCBB;  text-align: center;  border-radius: 15px; margin-bottom: 20px;\"><\/div>\n<form name=\"xyz_cfm_9_1\" method=\"POST\" id=\"xyz_cfm_9_1\" enctype=\"multipart\/form-data\" onSubmit=\"return xyz_cfm_9_1_check();\">\n<div class=\"xyz_cfm_theme_div_id_\"><p>Nombre:\u00a0<\/p>\n<p><input  class=\"\"  type=\"text\" id=\"nombre_102_1\" name=\"nombre\"  value=\"\"  ><span style=\"color:red;\">*<\/span><div style=\"font-weight: normal;color:red;\" id=\"text_nombre_102_1\"><\/div>\n<\/p>\n<p>Email:\u00a0<br \/><input  class=\"\"  type=\"text\" id=\"mail_104_1\" name=\"mail\"  value=\"\"  ><span style=\"color:red;\">*<\/span><div style=\"font-weight: normal;color:red;\" id=\"email_mail_104_1\"><\/div>\n<\/p>\n<p>Asunto:\u00a0<br \/><input  class=\"\"  type=\"text\" id=\"subject_99_1\" name=\"subject\"  value=\"\"  ><span style=\"color:red;\">*<\/span><div style=\"font-weight: normal;color:red;\" id=\"text_subject_99_1\"><\/div>\n<\/p>\n<p>Mensaje:\u00a0<br \/><textarea   class=\"textAreaStyle  \"  id=\"message_100_1\" name=\"message\"   rows=\"6\" cols=\"45\"><\/textarea><span style=\"color:red;\">*<\/span><div style=\"font-weight: normal;color:red;\" id=\"textarea_message_100_1\"><\/div>\n<\/p>\n<p><div  class=\"g-recaptcha white\" data-sitekey=6LdPK9gSAAAAAN1XSADdKZnwAubJiY_xszV7JUf6   id=\"reCaptchaDiv_105_1\"  >\n<\/div><span style=\"color:red;\">*<\/span> <script type=\"text\/javascript\" src=\"\/\/www.google.com\/recaptcha\/api.js\" ><\/script><div style=\"font-weight: normal;color:red;\" id=\"captcha_captcha_105_1\"><\/div><\/p>\n<p><input class=\"\"  type=\"submit\" name=\"submit\" id=\"submit_101_1\" value=\"Enviar\"  ><\/p><\/div>\n<input type =\"hidden\" name=\"xyz_cfm_frmName_1\"  value=\"Contacto-sat\" >\n<\/form><\/div>\n<div class=\"two_third last\">\n<p><iframe loading=\"lazy\" src=\"http:\/\/maps.google.es\/maps?f=q&amp;source=s_q&amp;hl=es&amp;geocode=&amp;q=carrer+napols+335&amp;aq=&amp;sll=40.396764,-3.713379&amp;sspn=14.013095,33.815918&amp;ie=UTF8&amp;hq=&amp;hnear=Calle+de+N%C3%A1poles,+335,+08025+Barcelona,+Catalu%C3%B1a&amp;t=m&amp;ll=41.410999,2.171001&amp;spn=0.030898,0.054932&amp;z=14&amp;iwloc=A&amp;output=embed\" frameborder=\"0\" marginwidth=\"0\" marginheight=\"0\" scrolling=\"no\" width=\"640\" height=\"420\"><\/iframe><\/p>\n<\/div>\n<\/div>\n","protected":false},"excerpt":{"rendered":"","protected":false},"author":41,"featured_media":0,"parent":324,"menu_order":0,"comment_status":"closed","ping_status":"open","template":"page-fullwidth.php","meta":{"_monsterinsights_skip_tracking":false,"_monsterinsights_sitenote_active":false,"_monsterinsights_sitenote_note":"","_monsterinsights_sitenote_category":0,"footnotes":""},"class_list":["post-2212","page","type-page","status-publish","hentry"],"aioseo_notices":[],"_links":{"self":[{"href":"https:\/\/satinfo.es\/web-wp\/index.php\/wp-json\/wp\/v2\/pages\/2212","targetHints":{"allow":["GET"]}}],"collection":[{"href":"https:\/\/satinfo.es\/web-wp\/index.php\/wp-json\/wp\/v2\/pages"}],"about":[{"href":"https:\/\/satinfo.es\/web-wp\/index.php\/wp-json\/wp\/v2\/types\/page"}],"author":[{"embeddable":true,"href":"https:\/\/satinfo.es\/web-wp\/index.php\/wp-json\/wp\/v2\/users\/41"}],"replies":[{"embeddable":true,"href":"https:\/\/satinfo.es\/web-wp\/index.php\/wp-json\/wp\/v2\/comments?post=2212"}],"version-history":[{"count":0,"href":"https:\/\/satinfo.es\/web-wp\/index.php\/wp-json\/wp\/v2\/pages\/2212\/revisions"}],"up":[{"embeddable":true,"href":"https:\/\/satinfo.es\/web-wp\/index.php\/wp-json\/wp\/v2\/pages\/324"}],"wp:attachment":[{"href":"https:\/\/satinfo.es\/web-wp\/index.php\/wp-json\/wp\/v2\/media?parent=2212"}],"curies":[{"name":"wp","href":"https:\/\/api.w.org\/{rel}","templated":true}]}}