

{"id":1976,"date":"2012-09-11T11:02:01","date_gmt":"2012-09-11T10:02:01","guid":{"rendered":"http:\/\/satinfo.es\/web-wp\/?page_id=1976"},"modified":"2026-04-08T15:36:55","modified_gmt":"2026-04-08T14:36:55","slug":"satinfo-zona-distribuidores","status":"publish","type":"page","link":"https:\/\/satinfo.es\/web-wp\/index.php\/zona-distribuidores-esta-a-punto-de-acceder\/satinfo-zona-distribuidores\/","title":{"rendered":"SATINFO (Zona distribuidores)"},"content":{"rendered":"<p class=\"wrapper\" style=\"text-align: justify;\"><div class=\"one_third \"><h1 class=\"wrapper\" style=\"text-align: justify;\">LOS FABRICANTES<\/h1>\n<div class=\"wrapper\" style=\"text-align: justify;\">\n<dl class=\"services\">\n<dt><\/dt>\n<dt><span style=\"color: #0579b3;\"><a style=\"color: #0282c2;\" href=\"https:\/\/satinfo.es\/web-wp\/index.php\/zona-distribuidores-esta-a-punto-de-acceder\/intel-security-mcafee-zona-distribuidores\/\">TRELLIX\/MCAFEE\/SKYHIGH<\/a><\/span><\/dt>\n<dt><span style=\"color: #0579b3;\"><a style=\"color: #0579b3;\" href=\"https:\/\/satinfo.es\/web-wp\/index.php\/zona-distribuidores-esta-a-punto-de-acceder\/kaspersky-lab-zona-distribuidores\/\">KASPERSKY<\/a><\/span><\/dt>\n<dt><a href=\"https:\/\/satinfo.es\/web-wp\/index.php\/zona-distribuidores-esta-a-punto-de-acceder\/cynet-zona-distribuidores\/\"><span style=\"color: #0579b3;\">CYNET<\/span><\/a><\/dt>\n<dt><span style=\"color: #0579b3;\"><a style=\"color: #0579b3;\" href=\"https:\/\/satinfo.es\/web-wp\/index.php\/zona-distribuidores-esta-a-punto-de-acceder\/hornetsecurity-zona-distribuidores\/\">HORNETSECURITY<\/a><\/span><\/dt>\n<dt><span style=\"color: #0579b3;\"><a style=\"color: #0579b3;\" href=\"https:\/\/satinfo.es\/web-wp\/index.php\/zona-distribuidores-esta-a-punto-de-acceder\/satinfo-zona-distribuidores\/guardion-zona-de-distribuidores\/\">CENTRIBAL<\/a><\/span><\/dt>\n<\/dl>\n<\/div><\/div> <div class=\"two_third last\"><h1>SATINFO<\/h1>\n<p style=\"text-align: justify;\"><span style=\"color: #000000;\">De un peque\u00f1o vistazo con el que acceder a la informaci\u00f3n que necesita y encontrar documentaci\u00f3n detallada y actualizada sobre nuestros productos.<\/span><\/p>\n<p><span style=\"color: #000000;\"><strong>CAT\u00c1LOGO DE PRODUCTOS:<\/strong><\/span><\/p>\n<p class=\"wrapper\" style=\"text-align: justify;\"><span style=\"color: #000000;\">VISUALIZAR CAT\u00c1LOGO (En actualizaci\u00f3n)<\/span><\/p>\n<p><span style=\"color: #000000;\"><strong>PROMOCIONES Y OFERTAS de nuestros fabricantes:<\/strong><\/span><\/p>\n<p class=\"wrapper\" style=\"text-align: justify;\"><a href=\"https:\/\/satinfo.es\/web-wp\/index.php\/zona-distribuidores-esta-a-punto-de-acceder\/promociones-y-ofertas-sesion\/\">PROMOCIONES Y OFERTAS<\/a><\/p>\n<p><span style=\"color: #000000;\"><strong>Utilice nuestro LOGOTIPO con responsabilidad y bajo nuestra supervisi\u00f3n:<\/strong><\/span><\/p>\n<p class=\"wrapper\" style=\"text-align: justify;\"><a href=\"https:\/\/satinfo.es\/web-wp\/wp-content\/uploads\/2012\/09\/LOGO-SATINFO-BO.jpg\" target=\"_blank\" rel=\"noopener noreferrer\">LOGOTIPO SATINFO<\/a><\/p>\n<h4><span style=\"color: #000000;\"><strong>KIT DIGITAL:<\/strong><\/span><\/h4>\n<p><a href=\"https:\/\/satinfo.es\/web-wp\/wp-content\/uploads\/2022\/04\/CATALOGO-SATINFO-KITDIGITAL_2022.pdf\" target=\"_blank\" rel=\"noopener\">CAT\u00c1LOGO KIT DIGITAL<\/a><\/p>\n<p><a href=\"https:\/\/satinfo.es\/web-wp\/wp-content\/uploads\/2022\/04\/Tarifa-Satinfo-KITDIGITAL_2022.pdf\" target=\"_blank\" rel=\"noopener\">PRECIOS KIT DIGITAL<\/a><\/p>\n<p><a href=\"https:\/\/satinfo.es\/web-wp\/wp-content\/uploads\/2022\/04\/Bundles_KIT_DIGITAL_Kaspersky.pdf\" target=\"_blank\" rel=\"noopener\">BANDLE PRECIOS KASPERSKY<\/a><\/p>\n<p>&nbsp;<\/p><\/div><div class=\"clear\"><\/div>\n","protected":false},"excerpt":{"rendered":"","protected":false},"author":41,"featured_media":0,"parent":1968,"menu_order":0,"comment_status":"closed","ping_status":"open","template":"page-fullwidth.php","meta":{"_monsterinsights_skip_tracking":false,"_monsterinsights_sitenote_active":false,"_monsterinsights_sitenote_note":"","_monsterinsights_sitenote_category":0,"footnotes":""},"class_list":["post-1976","page","type-page","status-publish","hentry"],"aioseo_notices":[],"_links":{"self":[{"href":"https:\/\/satinfo.es\/web-wp\/index.php\/wp-json\/wp\/v2\/pages\/1976","targetHints":{"allow":["GET"]}}],"collection":[{"href":"https:\/\/satinfo.es\/web-wp\/index.php\/wp-json\/wp\/v2\/pages"}],"about":[{"href":"https:\/\/satinfo.es\/web-wp\/index.php\/wp-json\/wp\/v2\/types\/page"}],"author":[{"embeddable":true,"href":"https:\/\/satinfo.es\/web-wp\/index.php\/wp-json\/wp\/v2\/users\/41"}],"replies":[{"embeddable":true,"href":"https:\/\/satinfo.es\/web-wp\/index.php\/wp-json\/wp\/v2\/comments?post=1976"}],"version-history":[{"count":0,"href":"https:\/\/satinfo.es\/web-wp\/index.php\/wp-json\/wp\/v2\/pages\/1976\/revisions"}],"up":[{"embeddable":true,"href":"https:\/\/satinfo.es\/web-wp\/index.php\/wp-json\/wp\/v2\/pages\/1968"}],"wp:attachment":[{"href":"https:\/\/satinfo.es\/web-wp\/index.php\/wp-json\/wp\/v2\/media?parent=1976"}],"curies":[{"name":"wp","href":"https:\/\/api.w.org\/{rel}","templated":true}]}}