

{"id":1968,"date":"2012-09-11T10:02:01","date_gmt":"2012-09-11T09:02:01","guid":{"rendered":"http:\/\/satinfo.es\/web-wp\/?page_id=1968"},"modified":"2013-07-31T09:09:10","modified_gmt":"2013-07-31T08:09:10","slug":"zona-distribuidores-esta-a-punto-de-acceder","status":"publish","type":"page","link":"https:\/\/satinfo.es\/web-wp\/index.php\/zona-distribuidores-esta-a-punto-de-acceder\/","title":{"rendered":"Zona distribuidores (est\u00e1 a punto de acceder&#8230;)"},"content":{"rendered":"<p class=\"wrapper\" style=\"text-align: justify;\"><div class=\"one_third \"><h1 class=\"wrapper\" style=\"text-align: justify;\">LOS FABRICANTES<\/h1>\n<div class=\"wrapper\" style=\"text-align: justify;\">\n<dl class=\"services\">\n<dt><a class=\"azul\">McAfee<\/a><\/dt>\n<dd><span style=\"color: #000000;\"><a href=\"https:\/\/satinfo.es\/web-wp\/index.php\/zona-distribuidores-esta-a-punto-de-acceder\/lista-de-precios-mcafee-zona-dist\/\">Lista de precios<\/a><\/span><br \/>\n<a href=\"https:\/\/satinfo.es\/web-wp\/index.php\/zona-distribuidores-esta-a-punto-de-acceder\/folletos-de-producto-mcafee-zona-dist\/\">Folletos de producto<\/a><\/dd>\n<dt><a class=\"azul\">Spamina<\/a><\/dt>\n<dd><span style=\"color: #000000;\"><a href=\"https:\/\/satinfo.es\/web-wp\/index.php\/zona-distribuidores-esta-a-punto-de-acceder\/lista-de-precios-spamina-zona-dist\/\">Lista de precios<\/a><\/span><br \/>\n<a href=\"https:\/\/satinfo.es\/web-wp\/index.php\/zona-distribuidores-esta-a-punto-de-acceder\/folletos-de-producto-spamina-zona-dist\/\">Folletos de producto<\/a><\/dd>\n<dt><a class=\"azul\">Acunetix<\/a><\/dt>\n<dd><span style=\"color: #000000;\"><a href=\"https:\/\/satinfo.es\/web-wp\/index.php\/zona-distribuidores-esta-a-punto-de-acceder\/lista-de-precios-acunetix-zona-dist\/\">Lista de precios<\/a><\/span><br \/>\n<a href=\"https:\/\/satinfo.es\/web-wp\/index.php\/zona-distribuidores-esta-a-punto-de-acceder\/folletos-de-producto-acunetix-zona-dist\/\">Folletos de producto<\/a><\/dd>\n<dt><a class=\"azul\">S3<\/a><\/dt>\n<dd><a href=\"https:\/\/satinfo.es\/web-wp\/index.php\/zona-distribuidores-esta-a-punto-de-acceder\/lista-de-precios-s3-zona-dist\/\"><span style=\"color: #000000;\">Lista de precios<\/span><\/a><\/dd>\n<dt><a class=\"azul\">Guardian<\/a><\/dt>\n<dd><span style=\"color: #000000;\"><a href=\"https:\/\/satinfo.es\/web-wp\/index.php\/zona-distribuidores-esta-a-punto-de-acceder\/lista-de-precios-guardian-zona-dist\/\">Lista de precios<\/a><\/span><br \/>\n<a href=\"https:\/\/satinfo.es\/web-wp\/index.php\/zona-distribuidores-esta-a-punto-de-acceder\/folletos-de-producto-guardian-zona-dist\/\">Folletos de producto<br \/>\n<\/a><a href=\"https:\/\/satinfo.es\/web-wp\/index.php\/zona-distribuidores-esta-a-punto-de-acceder\/alta-partners-guardian-zona-distribuidores\/\">ALTA PARTNERS<\/a><\/dd>\n<dd><\/dd>\n<\/dl>\n<\/div><\/div> <div class=\"two_third last\"><h1>SATINFO<\/h1>\n<h6>Nueva edici\u00f3n de nuestro cat\u00e1logo, dise\u00f1ado especialmente para usted.<\/h6>\n<p class=\"wrapper\" style=\"text-align: justify;\"><span style=\"color: #000000;\">De un peque\u00f1o vistazo con el que acceder a la informaci\u00f3n que necesita y encontrar documentaci\u00f3n detallada y actualizada sobre nuestros productos.<\/span><\/p>\n<p class=\"wrapper\" style=\"text-align: justify;\"><a href=\"https:\/\/satinfo.es\/web-wp\/wp-content\/uploads\/2012\/09\/Cataleg-SAT-2012.pdf\" target=\"_blank\">Visualizar cat\u00e1logo<\/a><\/p>\n<p>&nbsp;<\/p>\n<p class=\"wrapper\" style=\"text-align: justify;\">Promociones y Ofertas<\/p>\n<p>&nbsp;<\/p><\/div><div class=\"clear\"><\/div>\n","protected":false},"excerpt":{"rendered":"","protected":false},"author":41,"featured_media":0,"parent":0,"menu_order":0,"comment_status":"closed","ping_status":"open","template":"page-fullwidth.php","meta":{"_monsterinsights_skip_tracking":false,"_monsterinsights_sitenote_active":false,"_monsterinsights_sitenote_note":"","_monsterinsights_sitenote_category":0,"footnotes":""},"class_list":["post-1968","page","type-page","status-publish","hentry"],"aioseo_notices":[],"_links":{"self":[{"href":"https:\/\/satinfo.es\/web-wp\/index.php\/wp-json\/wp\/v2\/pages\/1968","targetHints":{"allow":["GET"]}}],"collection":[{"href":"https:\/\/satinfo.es\/web-wp\/index.php\/wp-json\/wp\/v2\/pages"}],"about":[{"href":"https:\/\/satinfo.es\/web-wp\/index.php\/wp-json\/wp\/v2\/types\/page"}],"author":[{"embeddable":true,"href":"https:\/\/satinfo.es\/web-wp\/index.php\/wp-json\/wp\/v2\/users\/41"}],"replies":[{"embeddable":true,"href":"https:\/\/satinfo.es\/web-wp\/index.php\/wp-json\/wp\/v2\/comments?post=1968"}],"version-history":[{"count":0,"href":"https:\/\/satinfo.es\/web-wp\/index.php\/wp-json\/wp\/v2\/pages\/1968\/revisions"}],"wp:attachment":[{"href":"https:\/\/satinfo.es\/web-wp\/index.php\/wp-json\/wp\/v2\/media?parent=1968"}],"curies":[{"name":"wp","href":"https:\/\/api.w.org\/{rel}","templated":true}]}}