

{"id":1838,"date":"2012-06-20T13:42:14","date_gmt":"2012-06-20T12:42:14","guid":{"rendered":"http:\/\/satinfo.es\/web-wp\/?page_id=1838"},"modified":"2012-06-20T13:42:14","modified_gmt":"2012-06-20T12:42:14","slug":"ver-detalles-vbsfix","status":"publish","type":"page","link":"https:\/\/satinfo.es\/web-wp\/index.php\/descargas\/utilidades-de-satinfo\/l-z\/ver-detalles-vbsfix\/","title":{"rendered":"Ver detalles Vbsfix"},"content":{"rendered":"<p style=\"text-align: justify;\"><span style=\"color: #000000;\"><strong><span style=\"text-decoration: underline;\">PANTALLA DE INFORMACION SOBRE UTILIDAD VBSFIX.EXE DE SATINFO<\/span><\/strong><\/span><\/p>\n<p style=\"text-align: justify;\"><span style=\"color: #000000;\">Ante la profusi\u00f3n de los nuevos virus de VBS tipo LOVELETTER y sus variantes, y en previsi\u00f3n de que puedan aparecer otros que pasar\u00edan desapercibidos hasta que se les controlara en futuras versiones, McAfee\/AVERT nos envi\u00f3 en su d\u00eda una utilidad (vbsfix.reg) para evitar la apertura y consiguiente ejecuci\u00f3n de los ficheros VBS con s\u00f3lo hacer doble click sobre dichos ficheros, pero en Windows NT y 2000 deb\u00eda modificarse cambiando la trayectoria del NOTEPAD.\u00a0\u00a0Si no se modificaba el Script del .REG, con NT y 2000 no se visualizaba el contenido del fichero VBS, aunque de igual modo se deten\u00eda la ejecuci\u00f3n de cualquier VBS aunque se hiciera doble click sobre el fichero en cuesti\u00f3n, impidiendo su ejecuci\u00f3n. \u00a0\u00a0<\/span><\/p>\n<p style=\"text-align: justify;\"><span style=\"color: #000000;\">Ahora hemos creado un nuevo VBSFIX.EXE que opera al 100 % con NT y 2000, adem\u00e1s de Windows 9x, recomendando ejecutarlo en las m\u00e1quinas NT y 2000 aunque ya se hubiera ejecutado antes, con lo que se mejorar\u00e1 el registro de sistema accediendo correctamente al NOTEPAD.EXE. En m\u00e1quinas Windows 9x donde se hubiere ejecutado antes el .REG, no ser\u00e1 necesario, pero si se hace, no pasa nada.\u00a0<\/span><\/p>\n<p style=\"text-align: justify;\"><span style=\"color: #000000;\">Para m\u00e1quinas en las que no se haya ejecutado nunca, recomendamos su ejecuci\u00f3n, para evitar la ejecuci\u00f3n involuntaria de VBS.<\/span><\/p>\n<p style=\"text-align: justify;\"><span style=\"color: #000000;\">Esta versi\u00f3n 1.2 dispone de un modo silencioso (sin presentaci\u00f3n de mensajes) que autom\u00e1ticamente genera un fichero de informe en el ra\u00edz llamado VBSFIX.TXT, para lanzar el programa en este modo debe a\u00f1adirse el par\u00e1metro \/s<\/span><\/p>\n<p style=\"text-align: justify;\"><span style=\"color: #000000;\">VBSFIX.EXE \/S<\/span><\/p>\n","protected":false},"excerpt":{"rendered":"<p>PANTALLA DE INFORMACION SOBRE UTILIDAD VBSFIX.EXE DE SATINFO Ante la profusi\u00f3n de los nuevos virus de VBS tipo LOVELETTER y sus variantes, y en previsi\u00f3n de que puedan aparecer otros que pasar\u00edan desapercibidos hasta que se les controlara en futuras versiones, McAfee\/AVERT nos envi\u00f3 en su d\u00eda una utilidad (vbsfix.reg) para evitar la apertura y&nbsp;<a href=\"https:\/\/satinfo.es\/web-wp\/index.php\/descargas\/utilidades-de-satinfo\/l-z\/ver-detalles-vbsfix\/\" class=\"read-more\">Continue Reading<\/a><\/p>\n","protected":false},"author":41,"featured_media":0,"parent":706,"menu_order":0,"comment_status":"closed","ping_status":"open","template":"page-fullwidth.php","meta":{"_monsterinsights_skip_tracking":false,"_monsterinsights_sitenote_active":false,"_monsterinsights_sitenote_note":"","_monsterinsights_sitenote_category":0,"footnotes":""},"class_list":["post-1838","page","type-page","status-publish","hentry"],"aioseo_notices":[],"_links":{"self":[{"href":"https:\/\/satinfo.es\/web-wp\/index.php\/wp-json\/wp\/v2\/pages\/1838","targetHints":{"allow":["GET"]}}],"collection":[{"href":"https:\/\/satinfo.es\/web-wp\/index.php\/wp-json\/wp\/v2\/pages"}],"about":[{"href":"https:\/\/satinfo.es\/web-wp\/index.php\/wp-json\/wp\/v2\/types\/page"}],"author":[{"embeddable":true,"href":"https:\/\/satinfo.es\/web-wp\/index.php\/wp-json\/wp\/v2\/users\/41"}],"replies":[{"embeddable":true,"href":"https:\/\/satinfo.es\/web-wp\/index.php\/wp-json\/wp\/v2\/comments?post=1838"}],"version-history":[{"count":0,"href":"https:\/\/satinfo.es\/web-wp\/index.php\/wp-json\/wp\/v2\/pages\/1838\/revisions"}],"up":[{"embeddable":true,"href":"https:\/\/satinfo.es\/web-wp\/index.php\/wp-json\/wp\/v2\/pages\/706"}],"wp:attachment":[{"href":"https:\/\/satinfo.es\/web-wp\/index.php\/wp-json\/wp\/v2\/media?parent=1838"}],"curies":[{"name":"wp","href":"https:\/\/api.w.org\/{rel}","templated":true}]}}