

{"id":1827,"date":"2012-06-20T13:17:01","date_gmt":"2012-06-20T12:17:01","guid":{"rendered":"http:\/\/satinfo.es\/web-wp\/?page_id=1827"},"modified":"2012-06-20T13:17:01","modified_gmt":"2012-06-20T12:17:01","slug":"ver-detalles-undo59","status":"publish","type":"page","link":"https:\/\/satinfo.es\/web-wp\/index.php\/descargas\/utilidades-de-satinfo\/l-z\/ver-detalles-undo59\/","title":{"rendered":"Ver detalles undo59"},"content":{"rendered":"<p style=\"text-align: justify;\"><span style=\"color: #000000;\"><strong><span style=\"text-decoration: underline;\">PANTALLA INFORMACION SOBRE LIMPIADOR REGISTRO SISTEMA UNDOxx.REG<\/span><\/strong><\/span><\/p>\n<p style=\"text-align: justify;\"><span style=\"color: #000000;\">Desde la aparici\u00f3n del virus Pretty Park empez\u00f3 la necesidad de eliminar claves v\u00edricas en el registro de sistema de Windows.<\/span><\/p>\n<p style=\"text-align: justify;\"><span style=\"color: #000000;\">Gracias al REGEDIT.EXE, se puede editar dicho registro y corregir las claves creadas por los virus, si bien para ello debe saberse la clave a eliminar y tener conocimientos sobre el registro de sistema, pues cualquier operaci\u00f3n incorrecta en el mismo, puede ocasionar serios da\u00f1os. Por ello hemos creado esta utilidad de eliminaci\u00f3n gen\u00e9rica de las claves mas usuales de los virus conocidos, a base de pulsar con doble clic el fichero UNDOxx que, en combinaci\u00f3n con el REGEDIT, limpiar\u00e1 claves v\u00edricas.\u00a0<\/span><\/p>\n<p style=\"text-align: justify;\"><span style=\"color: #000000;\">Algunas de las claves no son cr\u00edticas y tras haber borrado los ficheros gusano, no afectar\u00e1n al funcionamiento del ordenador por llamar a un fichero inexistente, pero otras en cambio son cr\u00edticas y deben eliminarse, como la del Pretty Park, las del Emanuel, etc, por lo que disponemos de herramientas espec\u00edficas para ellos o bien de esta utilidad gen\u00e9rica.<\/span><\/p>\n","protected":false},"excerpt":{"rendered":"<p>PANTALLA INFORMACION SOBRE LIMPIADOR REGISTRO SISTEMA UNDOxx.REG Desde la aparici\u00f3n del virus Pretty Park empez\u00f3 la necesidad de eliminar claves v\u00edricas en el registro de sistema de Windows. Gracias al REGEDIT.EXE, se puede editar dicho registro y corregir las claves creadas por los virus, si bien para ello debe saberse la clave a eliminar y&nbsp;<a href=\"https:\/\/satinfo.es\/web-wp\/index.php\/descargas\/utilidades-de-satinfo\/l-z\/ver-detalles-undo59\/\" class=\"read-more\">Continue Reading<\/a><\/p>\n","protected":false},"author":41,"featured_media":0,"parent":706,"menu_order":0,"comment_status":"closed","ping_status":"open","template":"page-fullwidth.php","meta":{"_monsterinsights_skip_tracking":false,"_monsterinsights_sitenote_active":false,"_monsterinsights_sitenote_note":"","_monsterinsights_sitenote_category":0,"footnotes":""},"class_list":["post-1827","page","type-page","status-publish","hentry"],"aioseo_notices":[],"_links":{"self":[{"href":"https:\/\/satinfo.es\/web-wp\/index.php\/wp-json\/wp\/v2\/pages\/1827","targetHints":{"allow":["GET"]}}],"collection":[{"href":"https:\/\/satinfo.es\/web-wp\/index.php\/wp-json\/wp\/v2\/pages"}],"about":[{"href":"https:\/\/satinfo.es\/web-wp\/index.php\/wp-json\/wp\/v2\/types\/page"}],"author":[{"embeddable":true,"href":"https:\/\/satinfo.es\/web-wp\/index.php\/wp-json\/wp\/v2\/users\/41"}],"replies":[{"embeddable":true,"href":"https:\/\/satinfo.es\/web-wp\/index.php\/wp-json\/wp\/v2\/comments?post=1827"}],"version-history":[{"count":0,"href":"https:\/\/satinfo.es\/web-wp\/index.php\/wp-json\/wp\/v2\/pages\/1827\/revisions"}],"up":[{"embeddable":true,"href":"https:\/\/satinfo.es\/web-wp\/index.php\/wp-json\/wp\/v2\/pages\/706"}],"wp:attachment":[{"href":"https:\/\/satinfo.es\/web-wp\/index.php\/wp-json\/wp\/v2\/media?parent=1827"}],"curies":[{"name":"wp","href":"https:\/\/api.w.org\/{rel}","templated":true}]}}