

{"id":1823,"date":"2012-06-20T13:12:05","date_gmt":"2012-06-20T12:12:05","guid":{"rendered":"http:\/\/satinfo.es\/web-wp\/?page_id=1823"},"modified":"2012-06-20T13:12:05","modified_gmt":"2012-06-20T12:12:05","slug":"ver-detalles-undo","status":"publish","type":"page","link":"https:\/\/satinfo.es\/web-wp\/index.php\/descargas\/utilidades-de-satinfo\/l-z\/ver-detalles-undo\/","title":{"rendered":"Ver detalles Undo"},"content":{"rendered":"<p style=\"text-align: justify;\"><span style=\"color: #000000;\"><strong><span style=\"text-decoration: underline;\">INFORMACION SOBRE VIRUS PRETTYPARK.WORM Y SU ELIMINACION CON UNDO.REG<\/span><\/strong><\/span><\/p>\n<p style=\"text-align: justify;\"><span style=\"color: #000000;\">VIRUS CALIFICADO COMO DE ALTA PROPAGACION W32\/Pretty.Worm.<\/span><\/p>\n<p style=\"text-align: justify;\"><span style=\"color: #000000;\">Es un worm (gusano) ya controlado desde la versi\u00f3n de Junio99 pero que est\u00e1 haciendo da\u00f1o en Espa\u00f1a, y puesto que es un worm que se autoenv\u00eda autom\u00e1ticamente a las direcciones de correo, puede haber una elevada propagaci\u00f3n, y dif\u00edcil eliminaci\u00f3n, raz\u00f3n por la que enviamos esta nota de ayuda.<\/span><\/p>\n<p style=\"text-align: justify;\"><span style=\"color: #000000;\">Si se detecta a tiempo, con la eliminaci\u00f3n del worm antes de que se ejecute, ya no prolifera, pero si se ha ejecutado, debe eliminarse con mucho conocimiento de causa, dado que modifica el registro de sistema, y para corregirlo debe efectuarse manualmente o bien pulsando dos veces com el rat\u00f3n sobre el fichero UNDO.REG adjunto, con lo que quedar\u00e1\u00a0normalizado la clave del registro.<\/span><\/p>\n<p style=\"text-align: justify;\"><span style=\"color: #000000;\">Tras ello el SCAN podr\u00e1 eliminar los ficheros creados por el gusano.<\/span><\/p>\n<p style=\"text-align: justify;\"><span style=\"color: #000000;\">La peligrosidad de este worm es que abre una puerta trasera v\u00eda IRC de manera que permite a los hackers apoderarse de passwords y ofrece acceso a los ficheros del disco duro, adem\u00e1s de su f\u00e1cil propagaci\u00f3n a todas las direcciones de correo de Internet.<\/span><\/p>\n","protected":false},"excerpt":{"rendered":"<p>INFORMACION SOBRE VIRUS PRETTYPARK.WORM Y SU ELIMINACION CON UNDO.REG VIRUS CALIFICADO COMO DE ALTA PROPAGACION W32\/Pretty.Worm. Es un worm (gusano) ya controlado desde la versi\u00f3n de Junio99 pero que est\u00e1 haciendo da\u00f1o en Espa\u00f1a, y puesto que es un worm que se autoenv\u00eda autom\u00e1ticamente a las direcciones de correo, puede haber una elevada propagaci\u00f3n, y&nbsp;<a href=\"https:\/\/satinfo.es\/web-wp\/index.php\/descargas\/utilidades-de-satinfo\/l-z\/ver-detalles-undo\/\" class=\"read-more\">Continue Reading<\/a><\/p>\n","protected":false},"author":41,"featured_media":0,"parent":706,"menu_order":0,"comment_status":"closed","ping_status":"open","template":"page-fullwidth.php","meta":{"_monsterinsights_skip_tracking":false,"_monsterinsights_sitenote_active":false,"_monsterinsights_sitenote_note":"","_monsterinsights_sitenote_category":0,"footnotes":""},"class_list":["post-1823","page","type-page","status-publish","hentry"],"aioseo_notices":[],"_links":{"self":[{"href":"https:\/\/satinfo.es\/web-wp\/index.php\/wp-json\/wp\/v2\/pages\/1823","targetHints":{"allow":["GET"]}}],"collection":[{"href":"https:\/\/satinfo.es\/web-wp\/index.php\/wp-json\/wp\/v2\/pages"}],"about":[{"href":"https:\/\/satinfo.es\/web-wp\/index.php\/wp-json\/wp\/v2\/types\/page"}],"author":[{"embeddable":true,"href":"https:\/\/satinfo.es\/web-wp\/index.php\/wp-json\/wp\/v2\/users\/41"}],"replies":[{"embeddable":true,"href":"https:\/\/satinfo.es\/web-wp\/index.php\/wp-json\/wp\/v2\/comments?post=1823"}],"version-history":[{"count":0,"href":"https:\/\/satinfo.es\/web-wp\/index.php\/wp-json\/wp\/v2\/pages\/1823\/revisions"}],"up":[{"embeddable":true,"href":"https:\/\/satinfo.es\/web-wp\/index.php\/wp-json\/wp\/v2\/pages\/706"}],"wp:attachment":[{"href":"https:\/\/satinfo.es\/web-wp\/index.php\/wp-json\/wp\/v2\/media?parent=1823"}],"curies":[{"name":"wp","href":"https:\/\/api.w.org\/{rel}","templated":true}]}}