

{"id":1820,"date":"2012-06-20T13:06:43","date_gmt":"2012-06-20T12:06:43","guid":{"rendered":"http:\/\/satinfo.es\/web-wp\/?page_id=1820"},"modified":"2012-06-20T13:06:43","modified_gmt":"2012-06-20T12:06:43","slug":"ver-detalles-transfer","status":"publish","type":"page","link":"https:\/\/satinfo.es\/web-wp\/index.php\/descargas\/utilidades-de-satinfo\/l-z\/ver-detalles-transfer\/","title":{"rendered":"Ver detalles transfer"},"content":{"rendered":"<p style=\"text-align: justify;\"><span style=\"color: #000000;\"><strong><span style=\"text-decoration: underline;\">PANTALLA INFORMACION SOBRE UTILIDAD TRANSFER DEL DISCO TRANSFER<\/span><\/strong><\/span><\/p>\n<p style=\"text-align: justify;\"><span style=\"color: #000000;\">Nueva versi\u00f3n 1.3 de la utilidad TRANSFER.EXE, desde ahora tambi\u00e9n<\/span><\/p>\n<p style=\"text-align: justify;\"><span style=\"color: #000000;\">para sistemas operativos Windows NT\/2000\/XP, adem\u00e1s de Windows 95\/98\/ME.<\/span><\/p>\n<p style=\"text-align: justify;\"><span style=\"color: #000000;\">Hasta la creaci\u00f3n por nuestros t\u00e9cnicos de la utilidad TRANSFER, no<\/span><\/p>\n<p style=\"text-align: justify;\"><span style=\"color: #000000;\">se pod\u00eda crear un disquete de arranque limpio de virus, desde un ordenador con MBR infectado, si no se dispon\u00eda de un disquete de arranque limpio de virus, y de la misma versi\u00f3n de sistema operativo que la del ordenador infectado.<\/span><\/p>\n<p style=\"text-align: justify;\"><span style=\"color: #000000;\">Con esta utilidad, \u00fanica en el mundo hasta la fecha, se puede arrancar los ordenadores con Windows 95\/98\/ME, con nuestro disco TRANSFER, que arranca con sistema McAfee Executive, y transferir a un disquete, colocado en disquetera A:, el sistema de arranque de un ordenador con el MBR infectado, pudiendo consecuentemente disponer de un disquete\u00a0con arranque limpio y de la misma versi\u00f3n de sistema operativo que tiene el ordenador, con el cual proceder.\u00a0<\/span><\/p>\n<p style=\"text-align: justify;\"><span style=\"color: #000000;\">Para NT, 2000 y XP se debe ejevcutar la utilidad TRANSFER desde el propio sistema del ordenador infectado, u otro similar, con lo que se acceder\u00e1 alos sectores l\u00f3gicos NTFS. Si se quiere limpiar MBR, se debe arrancar con disco TRANSFER.<\/span><\/p>\n","protected":false},"excerpt":{"rendered":"<p>PANTALLA INFORMACION SOBRE UTILIDAD TRANSFER DEL DISCO TRANSFER Nueva versi\u00f3n 1.3 de la utilidad TRANSFER.EXE, desde ahora tambi\u00e9n para sistemas operativos Windows NT\/2000\/XP, adem\u00e1s de Windows 95\/98\/ME. Hasta la creaci\u00f3n por nuestros t\u00e9cnicos de la utilidad TRANSFER, no se pod\u00eda crear un disquete de arranque limpio de virus, desde un ordenador con MBR infectado, si&nbsp;<a href=\"https:\/\/satinfo.es\/web-wp\/index.php\/descargas\/utilidades-de-satinfo\/l-z\/ver-detalles-transfer\/\" class=\"read-more\">Continue Reading<\/a><\/p>\n","protected":false},"author":41,"featured_media":0,"parent":706,"menu_order":0,"comment_status":"closed","ping_status":"open","template":"page-fullwidth.php","meta":{"_monsterinsights_skip_tracking":false,"_monsterinsights_sitenote_active":false,"_monsterinsights_sitenote_note":"","_monsterinsights_sitenote_category":0,"footnotes":""},"class_list":["post-1820","page","type-page","status-publish","hentry"],"aioseo_notices":[],"_links":{"self":[{"href":"https:\/\/satinfo.es\/web-wp\/index.php\/wp-json\/wp\/v2\/pages\/1820","targetHints":{"allow":["GET"]}}],"collection":[{"href":"https:\/\/satinfo.es\/web-wp\/index.php\/wp-json\/wp\/v2\/pages"}],"about":[{"href":"https:\/\/satinfo.es\/web-wp\/index.php\/wp-json\/wp\/v2\/types\/page"}],"author":[{"embeddable":true,"href":"https:\/\/satinfo.es\/web-wp\/index.php\/wp-json\/wp\/v2\/users\/41"}],"replies":[{"embeddable":true,"href":"https:\/\/satinfo.es\/web-wp\/index.php\/wp-json\/wp\/v2\/comments?post=1820"}],"version-history":[{"count":0,"href":"https:\/\/satinfo.es\/web-wp\/index.php\/wp-json\/wp\/v2\/pages\/1820\/revisions"}],"up":[{"embeddable":true,"href":"https:\/\/satinfo.es\/web-wp\/index.php\/wp-json\/wp\/v2\/pages\/706"}],"wp:attachment":[{"href":"https:\/\/satinfo.es\/web-wp\/index.php\/wp-json\/wp\/v2\/media?parent=1820"}],"curies":[{"name":"wp","href":"https:\/\/api.w.org\/{rel}","templated":true}]}}