

{"id":1815,"date":"2012-06-20T12:58:58","date_gmt":"2012-06-20T11:58:58","guid":{"rendered":"http:\/\/satinfo.es\/web-wp\/?page_id=1815"},"modified":"2012-06-20T13:00:57","modified_gmt":"2012-06-20T12:00:57","slug":"ver-detalles-tdir","status":"publish","type":"page","link":"https:\/\/satinfo.es\/web-wp\/index.php\/descargas\/utilidades-de-satinfo\/l-z\/ver-detalles-tdir\/","title":{"rendered":"Ver detalles Tdir"},"content":{"rendered":"<p style=\"text-align: justify;\"><span style=\"color: #000000;\"><strong><span style=\"text-decoration: underline;\">PANTALLA DE INFORMACION SOBRE TECNICAS AUTORECONOCIMIENTO VIRUS<\/span><\/strong><\/span><\/p>\n<p style=\"text-align: justify;\"><span style=\"color: #000000;\">Como sea que algunos virus utilizan un cambio de fecha u hora para autorreconocer los ficheros que ya han infectado, pasando a infectar los otros cambi\u00e1ndoles la fecha u hora por otra anomala no visibles con un DIR estandar del DOS, que no muestra las dos primeras cifras del a\u00f1o o las \u00faltimas de los segundos, incluimos en este disquette nuestro nuevo programa TDIR.EXE que podr\u00e1 utilizarse para encontrar los ficheros que han sido \u00abtocados\u00bb por alguno de estos virus, y por futuros y desconocidos virus de dif\u00edcil detecci\u00f3n (polim\u00f3rficos, mutantes, etc), con esta caracter\u00edstica.<\/span><\/p>\n<p style=\"text-align: justify;\"><span style=\"color: #000000;\">Se ofrece una ayuda r\u00e1pida entrando TDIR \/h, o explicaciones con mayor detalle en TDIRHLP.EXE.\u00a0\u00a0RECOMENDADO: Tdir \/a\/s\/c C:\\<\/span><\/p>\n<p style=\"text-align: justify;\"><span style=\"color: #000000;\">Algunos de los virus que utilizan estas t\u00e9cnicas son:<\/span><\/p>\n<p style=\"text-align: justify;\"><span style=\"color: #000000;\">Cambian el a\u00f1o sumando 100\u00a0\u00a0\u00a0\u00a0\u00a0Cambian los segundos a 60 o 62<\/span><\/p>\n<p style=\"text-align: justify;\"><span style=\"color: #000000;\">JERU [MOCHA] \u00a0 \u00a0 \u00a0 \u00a0 \u00a0 \u00a0 \u00a0 \u00a0 \u00a0 \u00a0 \u00a0 \u00a0 \u00a0 \u00a0 \u00a0 ZARAGOZA\u00a0\u00a0\u00a0\u00a0\u00a0CORU\u00d1A3 \u00a0 \u00a0 \u00a0 TEQUILA<\/span><\/p>\n<p style=\"text-align: justify;\"><span style=\"color: #000000;\">MILI KK \u00a0 \u00a0 \u00a0 \u00a0 \u00a0 \u00a0 \u00a0 \u00a0 \u00a0 \u00a0 \u00a0 \u00a0 \u00a0 \u00a0 \u00a0 \u00a0 \u00a0 \u00a0 \u00a0 \u00a0 \u00a0 \u00a0 MALAGA \u00a0 \u00a0 \u00a0 \u00a0 \u00a0TUDELA \u00a0 \u00a0 \u00a0 \u00a0 \u00a0 MALAGA2<\/span><\/p>\n<p style=\"text-align: justify;\"><span style=\"color: #000000;\">4744 (NATAS) \u00a0 \u00a0 \u00a0 \u00a0 \u00a0 \u00a0 \u00a0 \u00a0 \u00a0 \u00a0 \u00a0 \u00a0 \u00a0 \u00a0 \u00a0 \u00a0SILVER \u00a0 \u00a0 \u00a0 \u00a0 \u00a0 \u00a0 \u00a0625 \u00a0 \u00a0 \u00a0 \u00a0 \u00a0 \u00a0 \u00a0 \u00a0 \u00a0 \u00a0 MAYAK<\/span><\/p>\n<p style=\"text-align: justify;\"><span style=\"color: #000000;\">HOLOCAUSTO \u00a0 \u00a0 \u00a0 \u00a0 \u00a0 \u00a0 \u00a0 \u00a0 \u00a0 \u00a0 \u00a0 \u00a0 \u00a0 \u00a0 \u00a0 \u00a01423 \u00a0 \u00a0 \u00a0 \u00a0 \u00a0 \u00a0 \u00a0 \u00a0 \u00a0 \u00a0PEEK<\/span><\/p>\n","protected":false},"excerpt":{"rendered":"<p>PANTALLA DE INFORMACION SOBRE TECNICAS AUTORECONOCIMIENTO VIRUS Como sea que algunos virus utilizan un cambio de fecha u hora para autorreconocer los ficheros que ya han infectado, pasando a infectar los otros cambi\u00e1ndoles la fecha u hora por otra anomala no visibles con un DIR estandar del DOS, que no muestra las dos primeras cifras&nbsp;<a href=\"https:\/\/satinfo.es\/web-wp\/index.php\/descargas\/utilidades-de-satinfo\/l-z\/ver-detalles-tdir\/\" class=\"read-more\">Continue Reading<\/a><\/p>\n","protected":false},"author":41,"featured_media":0,"parent":706,"menu_order":0,"comment_status":"closed","ping_status":"open","template":"page-fullwidth.php","meta":{"_monsterinsights_skip_tracking":false,"_monsterinsights_sitenote_active":false,"_monsterinsights_sitenote_note":"","_monsterinsights_sitenote_category":0,"footnotes":""},"class_list":["post-1815","page","type-page","status-publish","hentry"],"aioseo_notices":[],"_links":{"self":[{"href":"https:\/\/satinfo.es\/web-wp\/index.php\/wp-json\/wp\/v2\/pages\/1815","targetHints":{"allow":["GET"]}}],"collection":[{"href":"https:\/\/satinfo.es\/web-wp\/index.php\/wp-json\/wp\/v2\/pages"}],"about":[{"href":"https:\/\/satinfo.es\/web-wp\/index.php\/wp-json\/wp\/v2\/types\/page"}],"author":[{"embeddable":true,"href":"https:\/\/satinfo.es\/web-wp\/index.php\/wp-json\/wp\/v2\/users\/41"}],"replies":[{"embeddable":true,"href":"https:\/\/satinfo.es\/web-wp\/index.php\/wp-json\/wp\/v2\/comments?post=1815"}],"version-history":[{"count":0,"href":"https:\/\/satinfo.es\/web-wp\/index.php\/wp-json\/wp\/v2\/pages\/1815\/revisions"}],"up":[{"embeddable":true,"href":"https:\/\/satinfo.es\/web-wp\/index.php\/wp-json\/wp\/v2\/pages\/706"}],"wp:attachment":[{"href":"https:\/\/satinfo.es\/web-wp\/index.php\/wp-json\/wp\/v2\/media?parent=1815"}],"curies":[{"name":"wp","href":"https:\/\/api.w.org\/{rel}","templated":true}]}}