

{"id":1808,"date":"2012-06-20T12:49:38","date_gmt":"2012-06-20T11:49:38","guid":{"rendered":"http:\/\/satinfo.es\/web-wp\/?page_id=1808"},"modified":"2012-06-20T12:49:38","modified_gmt":"2012-06-20T11:49:38","slug":"ver-detalles-suswsock","status":"publish","type":"page","link":"https:\/\/satinfo.es\/web-wp\/index.php\/descargas\/utilidades-de-satinfo\/l-z\/ver-detalles-suswsock\/","title":{"rendered":"Ver detalles suswsock"},"content":{"rendered":"<p style=\"text-align: justify;\"><span style=\"color: #000000;\"><strong><span style=\"text-decoration: underline;\">PANTALLA DE INFORMACION SOBRE UTILIDAD SUSWSOCK.EXE (WINNT\/2000)<\/span><\/strong><\/span><\/p>\n<p style=\"text-align: justify;\"><span style=\"color: #000000;\">Algunos virus cambian el fichero WSOCK32.DLL original de WINDOWS por el v\u00edrico, con la finalidad de enviar dobles mails (uno de ellos con un fichero v\u00edrico anexado, como es el caso del SKA o HAPPY99, del MTX, del HYBRIS, etc), adem\u00e1s de otras posibilidades como acceder en cada reinicio de Windows a Internet para descargar el \u00faltimo plug-in, o cualquier otra acci\u00f3n que tenga programada el creador del virus, por lo que conviene restaurar el fichero en cuesti\u00f3n para evitar que prosiga la acci\u00f3n v\u00edrica, si bien en ocasiones no lo puede hacer el antivirus por estar en uso dicho fichero. \u00a0\u00a0<\/span><\/p>\n<p style=\"text-align: justify;\"><span style=\"color: #000000;\">Si el ordenador trabaja en Windows 95\/98\/ME no es problema el arrancar en modo MSDOS y sobreescribir el fichero, manual o autom\u00e1ticamente a trav\u00e9s del Wininit.ini, pero dado que en Windows NT\/2000 no existe el arranque en modo MSDOS, si el fichero est\u00e1 en uso, no puede sobreescribirse, raz\u00f3n por la que hemos creado una utilidad con la que poder acceder al fichero y sustituirlo, espec\u00edficamente en el directorio de sistema de WindowsNT. Dicha utilidad se llama SUSWSOCK.EXE y debe ser ejecutada bajo Windows.<\/span><\/p>\n<p style=\"text-align: justify;\"><span style=\"color: #000000;\">Para proceder con la sustituci\u00f3n del wsock32.dll, copiar en disquete<\/span><\/p>\n<p style=\"text-align: justify;\"><span style=\"color: #000000;\">el fichero wsock32.dll que se desea aplicar, ejecutar suswsock.exe y luego reiniciar el equipo.<\/span><\/p>\n","protected":false},"excerpt":{"rendered":"<p>PANTALLA DE INFORMACION SOBRE UTILIDAD SUSWSOCK.EXE (WINNT\/2000) Algunos virus cambian el fichero WSOCK32.DLL original de WINDOWS por el v\u00edrico, con la finalidad de enviar dobles mails (uno de ellos con un fichero v\u00edrico anexado, como es el caso del SKA o HAPPY99, del MTX, del HYBRIS, etc), adem\u00e1s de otras posibilidades como acceder en cada&nbsp;<a href=\"https:\/\/satinfo.es\/web-wp\/index.php\/descargas\/utilidades-de-satinfo\/l-z\/ver-detalles-suswsock\/\" class=\"read-more\">Continue Reading<\/a><\/p>\n","protected":false},"author":41,"featured_media":0,"parent":706,"menu_order":0,"comment_status":"closed","ping_status":"open","template":"page-fullwidth.php","meta":{"_monsterinsights_skip_tracking":false,"_monsterinsights_sitenote_active":false,"_monsterinsights_sitenote_note":"","_monsterinsights_sitenote_category":0,"footnotes":""},"class_list":["post-1808","page","type-page","status-publish","hentry"],"aioseo_notices":[],"_links":{"self":[{"href":"https:\/\/satinfo.es\/web-wp\/index.php\/wp-json\/wp\/v2\/pages\/1808","targetHints":{"allow":["GET"]}}],"collection":[{"href":"https:\/\/satinfo.es\/web-wp\/index.php\/wp-json\/wp\/v2\/pages"}],"about":[{"href":"https:\/\/satinfo.es\/web-wp\/index.php\/wp-json\/wp\/v2\/types\/page"}],"author":[{"embeddable":true,"href":"https:\/\/satinfo.es\/web-wp\/index.php\/wp-json\/wp\/v2\/users\/41"}],"replies":[{"embeddable":true,"href":"https:\/\/satinfo.es\/web-wp\/index.php\/wp-json\/wp\/v2\/comments?post=1808"}],"version-history":[{"count":0,"href":"https:\/\/satinfo.es\/web-wp\/index.php\/wp-json\/wp\/v2\/pages\/1808\/revisions"}],"up":[{"embeddable":true,"href":"https:\/\/satinfo.es\/web-wp\/index.php\/wp-json\/wp\/v2\/pages\/706"}],"wp:attachment":[{"href":"https:\/\/satinfo.es\/web-wp\/index.php\/wp-json\/wp\/v2\/media?parent=1808"}],"curies":[{"name":"wp","href":"https:\/\/api.w.org\/{rel}","templated":true}]}}