

{"id":1801,"date":"2012-06-20T12:35:23","date_gmt":"2012-06-20T11:35:23","guid":{"rendered":"http:\/\/satinfo.es\/web-wp\/?page_id=1801"},"modified":"2012-06-20T12:35:23","modified_gmt":"2012-06-20T11:35:23","slug":"ver-detalles-scopy","status":"publish","type":"page","link":"https:\/\/satinfo.es\/web-wp\/index.php\/descargas\/utilidades-de-satinfo\/l-z\/ver-detalles-scopy\/","title":{"rendered":"Ver detalles Scopy"},"content":{"rendered":"<p style=\"text-align: justify;\"><span style=\"color: #000000;\"><strong><span style=\"text-decoration: underline;\">PANTALLA DE INFORMACION Y UTILIZACION SOBRE PROGRAMA SCOPY.EXE<\/span><\/strong><\/span><\/p>\n<p style=\"text-align: justify;\"><span style=\"color: #000000;\">En ocasiones se quiere sobreescribir f\u00edsicamente un sector del disco duro del cabezal 0, cilindro 0 (correspondiente a la zona reservada para tabla de partici\u00f3n o drivers de arranque complementarios, para redesplazar la informaci\u00f3n de un sector desplazado por un virus, desde el sector que se conoce que ha sido el de destino, al inicial (primer sector f\u00edsico) u otro deseado.<\/span><\/p>\n<p style=\"text-align: justify;\"><span style=\"color: #000000;\">Dado que muchos usuarios no tienen los medios t\u00e9cnicos para efectuar estas operaciones, hemos creado esta utilidad SCOPY para poder operar seg\u00fan se desee, si bien\u00a0<strong>AVISAMOS que su utilizaci\u00f3n err\u00f3nea puede causar la p\u00e9rdida de datos de su ordenador !<\/strong><\/span><\/p>\n<p style=\"text-align: justify;\"><span style=\"color: #000000;\"><strong>SCOPY \/H y \/?\u00a0\u00a0\u00a0\u00a0\u00a0\u00a0\u00a0\u00a0\u00a0\u00a0\u00a0\u00a0\u00a0\u00a0\u00a0\u00a0\u00a0\u00a0\u00a0\u00a0\u00a0\u00a0\u00a0\u00a0\u00a0\u00a0\u00a0\u00a0\u00a0\u00a0\u00a0\u00a0\u00a0\u00a0\u00a0\u00a0\u00a0\u00a0\u00a0\u00a0\u00a0\u00a0\u00a0\u00a0\u00a0\u00a0\u00a0\u00a0\u00a0\u00a0\u00a0<\/strong><\/span><\/p>\n<p style=\"text-align: justify;\"><span style=\"color: #000000;\">Un resumen de las opciones del SCOPY se ofrecen entrando la opci\u00f3n \/H o \/?, mostrando un extracto de las opciones y su utilidad. \u00a0 \u00a0 \u00a0 \u00a0 \u00a0 \u00a0 \u00a0 \u00a0 \u00a0 \u00a0 \u00a0 \u00a0 \u00a0 \u00a0 \u00a0 \u00a0 \u00a0 \u00a0 \u00a0 \u00a0 \u00a0 \u00a0 \u00a0 \u00a0 \u00a0 \u00a0 \u00a0 \u00a0\u00a0\u00a0 \u00a0 \u00a0 \u00a0 \u00a0 \u00a0 \u00a0 \u00a0 \u00a0 \u00a0 \u00a0 \u00a0 \u00a0 \u00a0 \u00a0 \u00a0 \u00a0 \u00a0 \u00a0 \u00a0 \u00a0 \u00a0 \u00a0 \u00a0 \u00a0 \u00a0 \u00a0 \u00a0 \u00a0 \u00a0 \u00a0 \u00a0\u00a0<\/span><\/p>\n<p style=\"text-align: justify;\"><span style=\"color: #000000;\"><strong>SCOPY \/S17 y \/R17\u00a0\u00a0\u00a0\u00a0\u00a0\u00a0\u00a0\u00a0\u00a0\u00a0\u00a0\u00a0\u00a0\u00a0\u00a0\u00a0\u00a0\u00a0\u00a0\u00a0\u00a0\u00a0\u00a0\u00a0\u00a0\u00a0\u00a0\u00a0\u00a0\u00a0\u00a0\u00a0\u00a0\u00a0\u00a0\u00a0\u00a0\u00a0\u00a0\u00a0\u00a0\u00a0\u00a0\u00a0\u00a0\u00a0\u00a0<\/strong><\/span><\/p>\n<p style=\"text-align: justify;\"><span style=\"color: #000000;\">Antes que nada es recomendable salvar los 17 sectores actuales de dicha zona en un disquete formateado y con sistema, en el que se haya copiado el fichero SCOPY.EXE. Para ello, arrancando con dicho disquete, se deber\u00e1 procesar el SCOPY \/S17, con lo que se copiar\u00e1n los 17 primeros sectores f\u00edsicos actuales. Tras ello podr\u00e1 utilizarse el SCOPY seg\u00fan se crea necesario, pudiendo recuperar lo original con el SCOPY \/R17 si se deseara. \u00a0 \u00a0 \u00a0 \u00a0 \u00a0<\/span><\/p>\n<p style=\"text-align: justify;\"><span style=\"color: #000000;\">Al programa SCOPY.EXE le vamos implementando prestaciones para poder disponer de herramientas t\u00e9cnicas que permitan al usuario visualizar, salvar y restaurar sectores f\u00edsicos del disco duro. \u00a0 \u00a0 \u00a0 \u00a0 \u00a0 \u00a0 \u00a0 \u00a0 \u00a0 \u00a0 \u00a0 \u00a0 \u00a0 \u00a0 \u00a0 \u00a0 \u00a0 \u00a0 \u00a0 \u00a0 \u00a0 \u00a0 \u00a0 \u00a0 \u00a0 \u00a0 \u00a0 \u00a0 \u00a0 \u00a0 \u00a0 \u00a0 \u00a0<\/span><\/p>\n<p style=\"text-align: justify;\"><span style=\"color: #000000;\"><strong>SCOPY \/SECT\u00a0\u00a0\u00a0\u00a0\u00a0\u00a0\u00a0\u00a0\u00a0\u00a0\u00a0\u00a0\u00a0\u00a0\u00a0\u00a0\u00a0\u00a0\u00a0\u00a0\u00a0\u00a0\u00a0\u00a0\u00a0\u00a0\u00a0\u00a0\u00a0\u00a0\u00a0\u00a0\u00a0\u00a0\u00a0\u00a0\u00a0\u00a0\u00a0\u00a0\u00a0\u00a0\u00a0\u00a0\u00a0\u00a0\u00a0\u00a0\u00a0\u00a0\u00a0\u00a0\u00a0<\/strong><\/span><\/p>\n<p style=\"text-align: justify;\"><span style=\"color: #000000;\">B\u00e1sicamente el SCOPY visualiza un sector determinado del disco duro con SCOPY \/SECT, y permite ver los sucesivos o anteriores con + y -. La otra funci\u00f3n b\u00e1sica es la de poder grabar un sector determinado de los 17 f\u00edsicos reservados a la partici\u00f3n, sobre el que se pretenda sobreescribir, a trav\u00e9s de SCOPY 14 1 si se quiere implantar el contenido del sector f\u00edsico 14 de la cara 0 cil 0, en el sector f\u00edsico 1 de la cara 0 cil 0, normalmente usado por MBR.<\/span><\/p>\n<p style=\"text-align: justify;\"><span style=\"color: #000000;\"><strong>SCOPY \/SBOOT y \/RBOOT\u00a0\u00a0\u00a0\u00a0\u00a0\u00a0\u00a0\u00a0\u00a0\u00a0\u00a0\u00a0\u00a0\u00a0\u00a0\u00a0\u00a0\u00a0\u00a0\u00a0\u00a0\u00a0\u00a0\u00a0\u00a0\u00a0\u00a0\u00a0\u00a0\u00a0\u00a0\u00a0\u00a0\u00a0\u00a0\u00a0\u00a0\u00a0\u00a0\u00a0\u00a0\u00a0\u00a0\u00a0<\/strong><\/span><\/p>\n<p style=\"text-align: justify;\"><span style=\"color: #000000;\">La funci\u00f3n \/SBOOT copia sect 1,0,1 de C: a fichero A:\\BOOT101<\/span><\/p>\n<p style=\"text-align: justify;\"><span style=\"color: #000000;\">La funci\u00f3n \/RBOOT restaura 1,0,1 de C: con datos\u00a0\u00a0A:\\BOOT101 -&gt; ello se hace f\u00edsicamente, por lo que ser\u00e1 posible implantar dicho sector aunque C: no est\u00e9 formateado con FAT (por ejemplo NTFS)<\/span><\/p>\n<p style=\"text-align: justify;\"><span style=\"color: #000000;\"><strong>SCOPY \/SMBR y \/RMBR\u00a0\u00a0\u00a0\u00a0\u00a0\u00a0\u00a0\u00a0\u00a0\u00a0\u00a0\u00a0\u00a0\u00a0\u00a0\u00a0\u00a0\u00a0\u00a0\u00a0\u00a0\u00a0\u00a0\u00a0\u00a0\u00a0\u00a0\u00a0\u00a0\u00a0\u00a0\u00a0\u00a0\u00a0\u00a0\u00a0\u00a0\u00a0\u00a0\u00a0\u00a0\u00a0\u00a0\u00a0\u00a0\u00a0\u00a0<\/strong><\/span><\/p>\n<p style=\"text-align: justify;\"><span style=\"color: #000000;\">La funci\u00f3n \/SMBR salva sector 1,0,0 de C: a fichero A:\\MBR001<\/span><\/p>\n<p style=\"text-align: justify;\"><span style=\"color: #000000;\">La funci\u00f3n \/RMBR sobreescribe 1,0,0 de C: con datos A:\\MBR001\u00a0 \u00a0 \u00a0 \u00a0 \u00a0 \u00a0 \u00a0 \u00a0 \u00a0 \u00a0 \u00a0 \u00a0 \u00a0 \u00a0 \u00a0 \u00a0 \u00a0 \u00a0 \u00a0 \u00a0 \u00a0 \u00a0 \u00a0 \u00a0 \u00a0 \u00a0 \u00a0 \u00a0 \u00a0 \u00a0<\/span><\/p>\n<p style=\"text-align: justify;\"><span style=\"color: #000000;\"><strong>SCOPY \/PART\u00a0\u00a0\u00a0\u00a0\u00a0\u00a0\u00a0\u00a0\u00a0\u00a0\u00a0\u00a0\u00a0\u00a0\u00a0\u00a0\u00a0\u00a0\u00a0\u00a0\u00a0\u00a0\u00a0\u00a0\u00a0\u00a0\u00a0\u00a0\u00a0\u00a0\u00a0\u00a0\u00a0\u00a0\u00a0\u00a0\u00a0\u00a0\u00a0\u00a0\u00a0\u00a0\u00a0\u00a0\u00a0\u00a0\u00a0\u00a0\u00a0\u00a0\u00a0\u00a0\u00a0\u00a0\u00a0<\/strong><\/span><\/p>\n<p style=\"text-align: justify;\"><span style=\"color: #000000;\">La recuperaci\u00f3n de los datos de la tabla de partici\u00f3n (MBR) se consigue con SCOPY \/PART, en base del SETUP y de los BOOTS encontrados en modo f\u00edsico, con lo que desde v 1.7 sobreescribir\u00e1 el c\u00f3digo de dicho sector en funci\u00f3n del indicador de sistema. \u00a0 \u00a0 \u00a0\u00a0<\/span><\/p>\n<p style=\"text-align: justify;\"><span style=\"color: #000000;\"><strong>SCOPY \/MAST\u00a0\u00a0\u00a0\u00a0\u00a0\u00a0\u00a0\u00a0\u00a0\u00a0\u00a0\u00a0\u00a0\u00a0\u00a0\u00a0\u00a0\u00a0\u00a0\u00a0\u00a0\u00a0\u00a0\u00a0\u00a0\u00a0\u00a0\u00a0\u00a0\u00a0\u00a0\u00a0\u00a0\u00a0\u00a0\u00a0\u00a0\u00a0\u00a0\u00a0\u00a0\u00a0\u00a0\u00a0\u00a0\u00a0\u00a0\u00a0\u00a0\u00a0\u00a0\u00a0\u00a0\u00a0<\/strong><\/span><\/p>\n<p style=\"text-align: justify;\"><span style=\"color: #000000;\">Si s\u00f3lo se desea sobreescribir el c\u00f3digo utilizar SCOPY \/MAST<\/span><\/p>\n<p style=\"text-align: justify;\"><span style=\"color: #000000;\"><strong>SCOPY \/BOOT<\/strong>\u00a0\u00a0\u00a0\u00a0\u00a0\u00a0\u00a0\u00a0\u00a0\u00a0\u00a0\u00a0\u00a0\u00a0\u00a0\u00a0\u00a0\u00a0\u00a0\u00a0\u00a0\u00a0\u00a0\u00a0\u00a0\u00a0\u00a0\u00a0\u00a0\u00a0\u00a0\u00a0\u00a0\u00a0\u00a0\u00a0\u00a0\u00a0\u00a0\u00a0\u00a0\u00a0\u00a0\u00a0\u00a0\u00a0\u00a0\u00a0\u00a0\u00a0\u00a0\u00a0\u00a0\u00a0<\/span><\/p>\n<p style=\"text-align: justify;\"><span style=\"color: #000000;\">Los datos del BOOT de arranque podr\u00e1n implantarse ejecutando SCOPY \/BOOT, tras lo cual se deber\u00e1 arrancar desde disquete con sistema operativo igual al del disco duro y ejecutar SYS C: \u00a0 \u00a0 \u00a0 \u00a0 \u00a0 \u00a0 \u00a0 \u00a0 \u00a0 \u00a0 \u00a0 \u00a0 \u00a0 \u00a0 \u00a0 \u00a0 \u00a0 \u00a0 \u00a0 \u00a0 \u00a0 \u00a0 \u00a0 \u00a0 \u00a0 \u00a0 \u00a0 \u00a0 \u00a0 \u00a0 \u00a0 \u00a0 \u00a0\u00a0<\/span><\/p>\n<p style=\"text-align: justify;\"><span style=\"color: #000000;\"><strong>SCOPY \/INFO\u00a0\u00a0\u00a0\u00a0\u00a0\u00a0\u00a0\u00a0\u00a0\u00a0\u00a0\u00a0\u00a0\u00a0\u00a0\u00a0\u00a0\u00a0\u00a0\u00a0\u00a0\u00a0\u00a0\u00a0\u00a0\u00a0\u00a0\u00a0\u00a0\u00a0\u00a0\u00a0\u00a0\u00a0\u00a0\u00a0\u00a0\u00a0\u00a0\u00a0\u00a0\u00a0\u00a0\u00a0\u00a0\u00a0\u00a0\u00a0\u00a0\u00a0\u00a0\u00a0\u00a0\u00a0<\/strong><\/span><\/p>\n<p style=\"text-align: justify;\"><span style=\"color: #000000;\">Otra opci\u00f3n implementada en el SCOPY es la \/INFO, con la cual poder ver los datos del SETUP en cuanto a par\u00e1metros del HDD (disco duro), simult\u00e1neamente a los valores de las particiones definidas en la Tabla de Partici\u00f3n, recordando que si se trata de una \u00fanica partici\u00f3n de todo el disco duro, los valores del SETUP debe coincidir con el n\u00famero de sectores de la partici\u00f3n, si bien en cilindros y cabezales, al contar el n\u00famero 0. el n\u00famero de cabezales del SETUP debe ser uno mas que el \u00faltimo cabezal indicado en la partici\u00f3n, igualmente que en los cilindros \u00a0 \u00a0 \u00a0 \u00a0 \u00a0 \u00a0 \u00a0 \u00a0 \u00a0 \u00a0<\/span><\/p>\n<p style=\"text-align: justify;\"><span style=\"color: #000000;\"><strong>SCOPY \/IS\u00a0\u00a0\u00a0\u00a0\u00a0\u00a0\u00a0\u00a0\u00a0\u00a0\u00a0\u00a0\u00a0\u00a0\u00a0\u00a0\u00a0\u00a0\u00a0\u00a0\u00a0\u00a0\u00a0\u00a0\u00a0\u00a0\u00a0\u00a0\u00a0\u00a0\u00a0\u00a0\u00a0\u00a0\u00a0\u00a0\u00a0\u00a0\u00a0\u00a0\u00a0\u00a0\u00a0\u00a0\u00a0\u00a0\u00a0\u00a0\u00a0\u00a0\u00a0\u00a0\u00a0\u00a0\u00a0\u00a0<\/strong><\/span><\/p>\n<p style=\"text-align: justify;\"><span style=\"color: #000000;\">En ocasiones se pierde el acceso a la partici\u00f3n l\u00f3gica por haber cambiado el indicador de sistema, lo cual tambi\u00e9n podr\u00e1 cambiarse con SCOPY \/IS (Para BIGDOS\/FAT16 es 6 y para FAT32 11 o 12)<\/span><\/p>\n<p style=\"text-align: justify;\"><span style=\"color: #000000;\"><strong>SCOPY \/SEGU\u00a0\u00a0\u00a0\u00a0\u00a0\u00a0\u00a0\u00a0\u00a0\u00a0\u00a0\u00a0\u00a0\u00a0\u00a0\u00a0\u00a0\u00a0\u00a0\u00a0\u00a0\u00a0\u00a0\u00a0\u00a0\u00a0\u00a0\u00a0\u00a0\u00a0\u00a0\u00a0\u00a0\u00a0\u00a0\u00a0\u00a0\u00a0\u00a0\u00a0\u00a0\u00a0\u00a0\u00a0\u00a0\u00a0\u00a0\u00a0\u00a0\u00a0\u00a0\u00a0\u00a0\u00a0<\/strong><\/span><\/p>\n<p style=\"text-align: justify;\"><span style=\"color: #000000;\">En cualquier caso es MUY IMPORTANTE hacer una copia previa de los sectores que se vayan a modificar, con SCOPY \/S17 para MBR y<\/span><\/p>\n<p style=\"text-align: justify;\"><span style=\"color: #000000;\">SCOPY \/SBOOT para el BOOT, o SCOPY \/SEGU para salvar MBR y BOOT de\u00a0\u00a0\u00a0\u00a0\u00a0todos los discos duros simult\u00e1neamente. \u00a0 \u00a0 \u00a0 \u00a0 \u00a0 \u00a0 \u00a0 \u00a0 \u00a0 \u00a0 \u00a0 \u00a0 \u00a0<\/span><\/p>\n<p style=\"text-align: justify;\"><span style=\"color: #000000;\"><strong>SCOPY \/CIH\u00a0\u00a0\u00a0\u00a0\u00a0\u00a0\u00a0\u00a0\u00a0\u00a0\u00a0\u00a0\u00a0\u00a0\u00a0\u00a0\u00a0\u00a0\u00a0\u00a0\u00a0\u00a0\u00a0\u00a0\u00a0\u00a0\u00a0\u00a0\u00a0\u00a0\u00a0\u00a0\u00a0\u00a0\u00a0\u00a0\u00a0\u00a0\u00a0\u00a0\u00a0\u00a0\u00a0\u00a0\u00a0\u00a0\u00a0\u00a0\u00a0\u00a0\u00a0\u00a0\u00a0\u00a0\u00a0\u00a0<\/strong><\/span><\/p>\n<p style=\"text-align: justify;\"><span style=\"color: #000000;\">Debido a las incidencias con los virus CIH y VBS\/Timof\u00f3nica, hemos creado nuevas opciones con el fin de restaurar las tablas de partici\u00f3n b\u00e1sica y de las particiones extendidas que pudieran contener las particiones b\u00e1sicas.\u00a0\u00a0\u00a0\u00a0\u00a0\u00a0\u00a0\u00a0\u00a0\u00a0\u00a0\u00a0\u00a0\u00a0\u00a0\u00a0\u00a0\u00a0\u00a0\u00a0\u00a0\u00a0\u00a0\u00a0\u00a0\u00a0\u00a0\u00a0\u00a0\u00a0\u00a0\u00a0<\/span><\/p>\n<p style=\"text-align: justify;\"><span style=\"color: #000000;\">Como que el virus CIH, en su activaci\u00f3n cada 26 de Abril, sobreescribe el 1er Mb del disco duro, tanto el MBR como el BOOT son sobreescritos, por lo que no puede partirse de los datos del Boot para rehacer el MBR. Para restaurar el MBR de los discos duros afectados por el CIH, se dispone de la opci\u00f3n \/CIH con la que se restaurar\u00e1, partiendo de los datos del CMOS, la tabla de partici\u00f3n o MBR del disco duro, con las consiguientes particiones secundarias si existieran. \u00a0 \u00a0 \u00a0 \u00a0 \u00a0 \u00a0 \u00a0 \u00a0 \u00a0 \u00a0 \u00a0 \u00a0 \u00a0 \u00a0 \u00a0 \u00a0 \u00a0 \u00a0 \u00a0<\/span><\/p>\n<p style=\"text-align: justify;\"><span style=\"color: #000000;\"><strong>SCOPY \/TIMO\u00a0\u00a0\u00a0\u00a0\u00a0\u00a0\u00a0\u00a0\u00a0\u00a0\u00a0\u00a0\u00a0\u00a0\u00a0\u00a0\u00a0\u00a0\u00a0\u00a0\u00a0\u00a0\u00a0\u00a0\u00a0\u00a0\u00a0\u00a0\u00a0\u00a0\u00a0\u00a0\u00a0\u00a0\u00a0\u00a0\u00a0\u00a0\u00a0\u00a0\u00a0\u00a0\u00a0\u00a0\u00a0\u00a0\u00a0\u00a0\u00a0\u00a0\u00a0\u00a0\u00a0<\/strong><\/span><\/p>\n<p style=\"text-align: justify;\"><span style=\"color: #000000;\">Para restaurar el acceso perdido por la activaci\u00f3n del VBS\/Timof\u00f3nica, desde Scopy V2.3, se dispone de la opci\u00f3n \/TIMO con la que restaurar el MBR y las marcas de cada una de las particiones extendidas. \u00a0 \u00a0 \u00a0 \u00a0 \u00a0 \u00a0 \u00a0 \u00a0 \u00a0 \u00a0 \u00a0 \u00a0 \u00a0 \u00a0 \u00a0 \u00a0 \u00a0 \u00a0 \u00a0 \u00a0 \u00a0 \u00a0 \u00a0 \u00a0 \u00a0 \u00a0\u00a0<\/span><\/p>\n<p style=\"text-align: justify;\"><span style=\"color: #000000;\"><strong>SCOPY \/WYX\u00a0\u00a0\u00a0\u00a0\u00a0\u00a0\u00a0\u00a0\u00a0\u00a0\u00a0\u00a0\u00a0\u00a0\u00a0\u00a0\u00a0\u00a0\u00a0\u00a0\u00a0\u00a0\u00a0\u00a0\u00a0\u00a0\u00a0\u00a0\u00a0\u00a0\u00a0\u00a0\u00a0\u00a0\u00a0\u00a0\u00a0\u00a0\u00a0\u00a0\u00a0\u00a0\u00a0\u00a0\u00a0\u00a0\u00a0\u00a0\u00a0\u00a0\u00a0\u00a0\u00a0\u00a0<\/strong><\/span><\/p>\n<div style=\"text-align: justify;\">\n<p><span style=\"color: #000000;\">Una nueva funci\u00f3n, especial para las dos versiones conocidas del virus WYX, ha sido a\u00f1adida a los par\u00e1metros del SCOPY v2.4, con la cual poder restaurar el MBR y el BOOT de los ordenadores infectados por dicho virus. Para ello es necesario arrancar el ordenador con un disco de sistema limpio de virus (el TRANSFER por ejemplo) y ejecutar SCOPY \/WYX, siendo recomendable, como siempre antes de ejecutar ninguna otra opci\u00f3n del SCOPY, ejecutar SCOPY \/SEGU para disponer de copia de seguridad de los sectores reservados y poder hacer marcha atr\u00e1s si fuera necesario. \u00a0<\/span><\/p>\n<\/div>\n<p style=\"text-align: justify;\"><span style=\"color: #000000;\"><strong>SCOPY \/MONK\u00a0\u00a0\u00a0\u00a0\u00a0\u00a0\u00a0\u00a0\u00a0\u00a0\u00a0\u00a0\u00a0\u00a0\u00a0\u00a0\u00a0\u00a0\u00a0\u00a0\u00a0\u00a0\u00a0\u00a0\u00a0\u00a0\u00a0\u00a0\u00a0\u00a0\u00a0\u00a0\u00a0\u00a0\u00a0\u00a0\u00a0\u00a0\u00a0\u00a0\u00a0\u00a0\u00a0\u00a0\u00a0\u00a0\u00a0\u00a0\u00a0\u00a0\u00a0\u00a0\u00a0\u00a0<\/strong><\/span><\/p>\n<p style=\"text-align: justify;\"><span style=\"color: #000000;\">Esta opci\u00f3n permite restaurar la tabla de partici\u00f3n de un ordenador infectado con el virus MONKEY (Empire Monkey.b), con arrancar el ordenador con un disco de sistema limpio de virus (como el propio TRANSFER) y ejecutar el SCOPY \/MONK. Tras haber examinado que en el primer sector f\u00edsico haya el Monkey, y ver que en el sector 3 hay una copia de la partici\u00f3n original, encriptada con XOR 2E, la desencriptar\u00e1 y la sobreescribir\u00e1 en el 1, eliminando el virus y restaurando el correcto arranque del ordenador, alterado si se tiene bios AWARD y el SETUP configurado en AUTO, por haberlo convertido el AUTODETECT a LARGE, en lugar de NORMAL o LBA, lo cual impide que el ordenador arranque. Tras\u00a0\u00a0\u00a0\u00a0ejecutar SCOPY \/MONK, se podr\u00e1 arrancar normalmente y sin virus.<\/span><\/p>\n<p style=\"text-align: justify;\"><span style=\"color: #000000;\"><strong>SCOPY \/FORM<\/strong>\u00a0\u00a0\u00a0\u00a0\u00a0\u00a0\u00a0\u00a0\u00a0\u00a0\u00a0\u00a0\u00a0\u00a0\u00a0\u00a0\u00a0\u00a0\u00a0\u00a0\u00a0\u00a0\u00a0\u00a0\u00a0\u00a0\u00a0\u00a0\u00a0\u00a0\u00a0\u00a0\u00a0\u00a0\u00a0\u00a0\u00a0\u00a0\u00a0\u00a0\u00a0\u00a0\u00a0\u00a0\u00a0\u00a0\u00a0\u00a0\u00a0\u00a0\u00a0\u00a0\u00a0\u00a0\u00a0\u00a0\u00a0\u00a0<\/span><\/p>\n<p style=\"text-align: justify;\"><span style=\"color: #000000;\">Esta opci\u00f3n permite eliminar el virus FORM del BOOT de los discos duros con cualquier sistema operativo, incluidos NT\/NTFS, W2000, ME, adem\u00e1s de los cl\u00e1sicos W9x. Con ello se elimina el problema de la falta de disquete de arranque y utilidad SYS en NT\/NTFS, y facilita el no tener que buscar un disquete con el mismo sistema de arranque de la m\u00e1quina, en cualquiera de los otros sistemas operativos, pues arrancando con cualquier disco de sistema limpio de virus, y ejecutando SCOPY \/FORM, se restaurar\u00e1 el BOOT correcto al disco duro infectado. Recomendamos el\u00a0disponer y utilizar el disquete TRANSFER actualizado, en el cual ya se incluye arranque de McAfee Executive y la utilidad SCOPY en cuesti\u00f3n. Para ello acceder a la carpeta TRANSFER del CDROM 4125 y ejecutar TRANSFER A: \u00a0 \u00a0 \u00a0 \u00a0 \u00a0 \u00a0 \u00a0 \u00a0 \u00a0 \u00a0 \u00a0 \u00a0 \u00a0 \u00a0 \u00a0 \u00a0 \u00a0 \u00a0\u00a0<\/span><\/p>\n<p style=\"text-align: justify;\"><span style=\"color: #000000;\">Adem\u00e1s de las opciones comentadas anteriormente, debido a las incidencias con los virus CIH y VBS\/Timof\u00f3nica, hemos creado nuevas opciones con el fin de restaurar las tablas de partici\u00f3n b\u00e1sica y de las particiones extendidas que pudieran contener las particiones b\u00e1sicas. Como que el virus CIH, en su activaci\u00f3n cada 26 de Abril, sobreescribe el 1er Mb del disco duro, tanto el MBR como el BOOT son sobreescritos, por lo que no puede partirse de los datos del Boot para rehacer el MBR. Para restaurar el MBR de los discos duros afectados por el CIH, se dispone de la opci\u00f3n\u00a0<strong>\/CIH<\/strong>\u00a0con la que se restaurar\u00e1, partiendo de los datos del CMOS, la tabla de partici\u00f3n o MBR del disco duro, con las consiguientes particiones secundarias si existieran. \u00a0 \u00a0 \u00a0 \u00a0 \u00a0 \u00a0 \u00a0 \u00a0 \u00a0 \u00a0 \u00a0 \u00a0 \u00a0 \u00a0 \u00a0 \u00a0 \u00a0 \u00a0 \u00a0<\/span><\/p>\n<p style=\"text-align: justify;\"><span style=\"color: #000000;\">Para restaurar el acceso perdido por la activaci\u00f3n del VBS\/Timof\u00f3nica, desde Scopy V2.3, se dispone de la opci\u00f3n\u00a0<strong>\/TIMO<\/strong>\u00a0con la que restaurar el MBR y las marcas de cada una de las particiones extendidas.<\/span><\/p>\n<p style=\"text-align: justify;\"><span style=\"color: #000000;\"><strong>SCOPY \/BATH\u00a0\u00a0\u00a0\u00a0\u00a0\u00a0\u00a0\u00a0\u00a0\u00a0\u00a0\u00a0\u00a0\u00a0\u00a0\u00a0\u00a0\u00a0\u00a0\u00a0\u00a0\u00a0\u00a0\u00a0\u00a0\u00a0\u00a0\u00a0\u00a0\u00a0\u00a0\u00a0\u00a0\u00a0\u00a0\u00a0\u00a0\u00a0\u00a0\u00a0\u00a0\u00a0\u00a0\u00a0\u00a0\u00a0\u00a0\u00a0\u00a0\u00a0\u00a0\u00a0\u00a0<\/strong><\/span><\/p>\n<p style=\"text-align: justify;\"><span style=\"color: #000000;\">Ante la incidencia de este virus de BOOT en ordenadores NT y W2000, en los que no se puede arrancar desde disquete de sistema y transferirlo al disco duro, hemos a\u00f1adido la opci\u00f3n BATH para eliminar el virus del BOOT en ordenadores compatibles PC, tanto para Windows 9x como NT \/W2000 y ME. Para ello arrancar con un disquete de sistema libre de virus, que puede ser nuestro disco TRANSFER (ver ultimo p\u00e1rrafo del apartado anterior) y ejecutar SCOPY \/BATH, con lo que se restaurar\u00e1 el BOOT de arranque del disco duro infectado con el virus BATH (antes virus Boot-437).\u00a0\u00a0<\/span><\/p>\n<p style=\"text-align: justify;\"><span style=\"color: #000000;\">Esta opci\u00f3n est\u00e1 disponible desde v 2.7 de SCOPY.EXE\u00a0<\/span><\/p>\n","protected":false},"excerpt":{"rendered":"<p>PANTALLA DE INFORMACION Y UTILIZACION SOBRE PROGRAMA SCOPY.EXE En ocasiones se quiere sobreescribir f\u00edsicamente un sector del disco duro del cabezal 0, cilindro 0 (correspondiente a la zona reservada para tabla de partici\u00f3n o drivers de arranque complementarios, para redesplazar la informaci\u00f3n de un sector desplazado por un virus, desde el sector que se conoce&nbsp;<a href=\"https:\/\/satinfo.es\/web-wp\/index.php\/descargas\/utilidades-de-satinfo\/l-z\/ver-detalles-scopy\/\" class=\"read-more\">Continue Reading<\/a><\/p>\n","protected":false},"author":41,"featured_media":0,"parent":706,"menu_order":0,"comment_status":"closed","ping_status":"open","template":"page-fullwidth.php","meta":{"_monsterinsights_skip_tracking":false,"_monsterinsights_sitenote_active":false,"_monsterinsights_sitenote_note":"","_monsterinsights_sitenote_category":0,"footnotes":""},"class_list":["post-1801","page","type-page","status-publish","hentry"],"aioseo_notices":[],"_links":{"self":[{"href":"https:\/\/satinfo.es\/web-wp\/index.php\/wp-json\/wp\/v2\/pages\/1801","targetHints":{"allow":["GET"]}}],"collection":[{"href":"https:\/\/satinfo.es\/web-wp\/index.php\/wp-json\/wp\/v2\/pages"}],"about":[{"href":"https:\/\/satinfo.es\/web-wp\/index.php\/wp-json\/wp\/v2\/types\/page"}],"author":[{"embeddable":true,"href":"https:\/\/satinfo.es\/web-wp\/index.php\/wp-json\/wp\/v2\/users\/41"}],"replies":[{"embeddable":true,"href":"https:\/\/satinfo.es\/web-wp\/index.php\/wp-json\/wp\/v2\/comments?post=1801"}],"version-history":[{"count":0,"href":"https:\/\/satinfo.es\/web-wp\/index.php\/wp-json\/wp\/v2\/pages\/1801\/revisions"}],"up":[{"embeddable":true,"href":"https:\/\/satinfo.es\/web-wp\/index.php\/wp-json\/wp\/v2\/pages\/706"}],"wp:attachment":[{"href":"https:\/\/satinfo.es\/web-wp\/index.php\/wp-json\/wp\/v2\/media?parent=1801"}],"curies":[{"name":"wp","href":"https:\/\/api.w.org\/{rel}","templated":true}]}}