

{"id":1797,"date":"2012-06-20T12:31:50","date_gmt":"2012-06-20T11:31:50","guid":{"rendered":"http:\/\/satinfo.es\/web-wp\/?page_id=1797"},"modified":"2012-06-20T12:31:50","modified_gmt":"2012-06-20T11:31:50","slug":"ver-detalles-scanwyx","status":"publish","type":"page","link":"https:\/\/satinfo.es\/web-wp\/index.php\/descargas\/utilidades-de-satinfo\/l-z\/ver-detalles-scanwyx\/","title":{"rendered":"Ver detalles ScanWYX"},"content":{"rendered":"<p style=\"text-align: justify;\"><span style=\"color: #000000;\"><strong><span style=\"text-decoration: underline;\">PANTALLA DE INFORMACION SOBRE EL TESTEADOR ESPECIFICO SCANWYX.EXE<\/span><\/strong><\/span><\/p>\n<p style=\"text-align: justify;\"><span style=\"color: #000000;\">El virus WYX fu\u00e9 reportado en un inicio desde Lebrija\/Sevilla y pasado a controlar, a pesar de observar sus caracter\u00edsticas de<\/span><\/p>\n<p style=\"text-align: justify;\"><span style=\"color: #000000;\">mutante autom\u00e1tico, seg\u00fan explicamos en nuestra pantalla PANWYX.\u00a0\u00a0\u00a0\u00a0Adem\u00e1s de las mutaciones autom\u00e1ticas conocidas, detectamos en su d\u00eda un cambio de tama\u00f1o para lo que hicimos nuevas cadenas de detecci\u00f3n de dicho virus, adaptando as\u00ed mismo el SCOPY.EXE para que con la opci\u00f3n \/WYX pudiera limpiar tambi\u00e9n esta variante.\u00a0<\/span><\/p>\n<p style=\"text-align: justify;\"><span style=\"color: #000000;\">Recibimos ahora otra variante descontrolada de igual tama\u00f1o pero variando la ubicaci\u00f3n de sus par\u00e1metros, pas\u00e1ndola a controlar desde DATS 4145, y viendo que pod\u00edan existir 6 variantes para cada uno de los 2 tama\u00f1os (12 en total), hemos adaptado el SCOPY para poder limpiar las 12 variantes, y creado el SCANWYX controlando todas las variantes, para poder analizar tanto disco duro como disquetes, siendo en el \u00faltimo caso necesario indicar la unidad ( SCANWYX A: ). NOTA: Es posible que este virus venga en disquetes nuevos pre-formateados, como en su d\u00eda el viejo conocido BLEAH, de igual zona de origen, por lo que su expansi\u00f3n de salta los antivirus y no le hace falta INTERNET.\u00a0\u00a0Eliminaci\u00f3n en disco duro SCOPY \/WYX y en disquetes PROTBOOT A:<\/span><\/p>\n","protected":false},"excerpt":{"rendered":"<p>PANTALLA DE INFORMACION SOBRE EL TESTEADOR ESPECIFICO SCANWYX.EXE El virus WYX fu\u00e9 reportado en un inicio desde Lebrija\/Sevilla y pasado a controlar, a pesar de observar sus caracter\u00edsticas de mutante autom\u00e1tico, seg\u00fan explicamos en nuestra pantalla PANWYX.\u00a0\u00a0\u00a0\u00a0Adem\u00e1s de las mutaciones autom\u00e1ticas conocidas, detectamos en su d\u00eda un cambio de tama\u00f1o para lo que hicimos nuevas&nbsp;<a href=\"https:\/\/satinfo.es\/web-wp\/index.php\/descargas\/utilidades-de-satinfo\/l-z\/ver-detalles-scanwyx\/\" class=\"read-more\">Continue Reading<\/a><\/p>\n","protected":false},"author":41,"featured_media":0,"parent":706,"menu_order":0,"comment_status":"closed","ping_status":"open","template":"page-fullwidth.php","meta":{"_monsterinsights_skip_tracking":false,"_monsterinsights_sitenote_active":false,"_monsterinsights_sitenote_note":"","_monsterinsights_sitenote_category":0,"footnotes":""},"class_list":["post-1797","page","type-page","status-publish","hentry"],"aioseo_notices":[],"_links":{"self":[{"href":"https:\/\/satinfo.es\/web-wp\/index.php\/wp-json\/wp\/v2\/pages\/1797","targetHints":{"allow":["GET"]}}],"collection":[{"href":"https:\/\/satinfo.es\/web-wp\/index.php\/wp-json\/wp\/v2\/pages"}],"about":[{"href":"https:\/\/satinfo.es\/web-wp\/index.php\/wp-json\/wp\/v2\/types\/page"}],"author":[{"embeddable":true,"href":"https:\/\/satinfo.es\/web-wp\/index.php\/wp-json\/wp\/v2\/users\/41"}],"replies":[{"embeddable":true,"href":"https:\/\/satinfo.es\/web-wp\/index.php\/wp-json\/wp\/v2\/comments?post=1797"}],"version-history":[{"count":0,"href":"https:\/\/satinfo.es\/web-wp\/index.php\/wp-json\/wp\/v2\/pages\/1797\/revisions"}],"up":[{"embeddable":true,"href":"https:\/\/satinfo.es\/web-wp\/index.php\/wp-json\/wp\/v2\/pages\/706"}],"wp:attachment":[{"href":"https:\/\/satinfo.es\/web-wp\/index.php\/wp-json\/wp\/v2\/media?parent=1797"}],"curies":[{"name":"wp","href":"https:\/\/api.w.org\/{rel}","templated":true}]}}