

{"id":1794,"date":"2012-06-19T07:25:38","date_gmt":"2012-06-19T06:25:38","guid":{"rendered":"http:\/\/satinfo.es\/web-wp\/?page_id=1794"},"modified":"2012-06-19T07:25:38","modified_gmt":"2012-06-19T06:25:38","slug":"ver-detalles-scanplus","status":"publish","type":"page","link":"https:\/\/satinfo.es\/web-wp\/index.php\/descargas\/utilidades-de-satinfo\/l-z\/ver-detalles-scanplus\/","title":{"rendered":"Ver detalles Scanplus"},"content":{"rendered":"<p style=\"text-align: justify;\"><span style=\"color: #000000;\"><strong><span style=\"text-decoration: underline;\">PANTALLA DE INFORMACION SOBRE USO DE LA UTILIDAD\u00a0\u00a0SCANPLUS.EXE<\/span><\/strong><\/span><\/p>\n<p style=\"text-align: justify;\"><span style=\"color: #000000;\">Para usuarios avanzados o para utilizarla siguiendo nuestras instrucciones espec\u00edficas ante un nuevo virus o mutaci\u00f3n de uno conocido, hemos desarrollado la utilidad SCANPLUS.EXE que permite detectar ficheros presuntamente infectados, que tengan el c\u00f3digo v\u00edrico al final del fichero (lo mas normal) o al principio, seg\u00fan el virus, pues en algunos como el UHIDE.1205 (espa\u00f1ol), el c\u00f3digo v\u00edrico se inserta al principio. \u00a0 \u00a0 \u00a0 \u00a0 \u00a0 \u00a0 \u00a0 \u00a0 \u00a0 \u00a0 \u00a0 \u00a0 \u00a0 \u00a0<\/span><\/p>\n<p style=\"text-align: justify;\"><span style=\"color: #000000;\">La utilidad SCANPLUS.EXE admite cadenas de texto en ASCII y en hexadecimal, debiendo en este \u00faltimo caso finalizar la cadena con una \u2018h\u2019 min\u00fascula al final del c\u00f3digo (Ejemplo A). Si la cadena est\u00e1 al final del virus, se indicar\u00e1 el texto tras un n\u00famero negativo (Ejemplo B) o positivo si el virus est\u00e1 al principio del fichero (Ejemplo C), indicando la posici\u00f3n de inicio de dicha cadena respecto el final o principio del fichero, seguido de la cadena en hexadecimal como en ejemplos A y C, o ASCII como en ejemplo B \u00a0<\/span><\/p>\n<p style=\"text-align: justify;\"><span style=\"color: #000000;\">A-Virus BARROTES.1303, se detectar\u00eda con SCANPLUS C: -4 DAFE5354h<\/span><\/p>\n<p style=\"text-align: justify;\"><span style=\"color: #000000;\">B-Virus BARROTES.1310, con SCANPLUS C: -1296 c:\\command.com\u00a0\u00a0\u00a0\u00a0<\/span><\/p>\n<p style=\"text-align: justify;\"><span style=\"color: #000000;\">C-Virus UHIDE.1205\u00a0\u00a0\u00a0, con SCANPLUS C: 45 D173CE73CF73CC71C3h \u00a0\u00a0<\/span><\/p>\n<p style=\"text-align: justify;\"><span style=\"color: #000000;\">Mayor ayuda a trav\u00e9s de HOTLINE 93 4585385<\/span><\/p>\n","protected":false},"excerpt":{"rendered":"<p>PANTALLA DE INFORMACION SOBRE USO DE LA UTILIDAD\u00a0\u00a0SCANPLUS.EXE Para usuarios avanzados o para utilizarla siguiendo nuestras instrucciones espec\u00edficas ante un nuevo virus o mutaci\u00f3n de uno conocido, hemos desarrollado la utilidad SCANPLUS.EXE que permite detectar ficheros presuntamente infectados, que tengan el c\u00f3digo v\u00edrico al final del fichero (lo mas normal) o al principio, seg\u00fan el&nbsp;<a href=\"https:\/\/satinfo.es\/web-wp\/index.php\/descargas\/utilidades-de-satinfo\/l-z\/ver-detalles-scanplus\/\" class=\"read-more\">Continue Reading<\/a><\/p>\n","protected":false},"author":41,"featured_media":0,"parent":706,"menu_order":0,"comment_status":"closed","ping_status":"open","template":"page-fullwidth.php","meta":{"_monsterinsights_skip_tracking":false,"_monsterinsights_sitenote_active":false,"_monsterinsights_sitenote_note":"","_monsterinsights_sitenote_category":0,"footnotes":""},"class_list":["post-1794","page","type-page","status-publish","hentry"],"aioseo_notices":[],"_links":{"self":[{"href":"https:\/\/satinfo.es\/web-wp\/index.php\/wp-json\/wp\/v2\/pages\/1794","targetHints":{"allow":["GET"]}}],"collection":[{"href":"https:\/\/satinfo.es\/web-wp\/index.php\/wp-json\/wp\/v2\/pages"}],"about":[{"href":"https:\/\/satinfo.es\/web-wp\/index.php\/wp-json\/wp\/v2\/types\/page"}],"author":[{"embeddable":true,"href":"https:\/\/satinfo.es\/web-wp\/index.php\/wp-json\/wp\/v2\/users\/41"}],"replies":[{"embeddable":true,"href":"https:\/\/satinfo.es\/web-wp\/index.php\/wp-json\/wp\/v2\/comments?post=1794"}],"version-history":[{"count":0,"href":"https:\/\/satinfo.es\/web-wp\/index.php\/wp-json\/wp\/v2\/pages\/1794\/revisions"}],"up":[{"embeddable":true,"href":"https:\/\/satinfo.es\/web-wp\/index.php\/wp-json\/wp\/v2\/pages\/706"}],"wp:attachment":[{"href":"https:\/\/satinfo.es\/web-wp\/index.php\/wp-json\/wp\/v2\/media?parent=1794"}],"curies":[{"name":"wp","href":"https:\/\/api.w.org\/{rel}","templated":true}]}}