

{"id":1786,"date":"2012-06-19T07:16:22","date_gmt":"2012-06-19T06:16:22","guid":{"rendered":"http:\/\/satinfo.es\/web-wp\/?page_id=1786"},"modified":"2012-06-19T07:16:22","modified_gmt":"2012-06-19T06:16:22","slug":"ver-detalles-salva17","status":"publish","type":"page","link":"https:\/\/satinfo.es\/web-wp\/index.php\/descargas\/utilidades-de-satinfo\/l-z\/ver-detalles-salva17\/","title":{"rendered":"Ver detalles Salva17"},"content":{"rendered":"<p style=\"text-align: justify;\"><span style=\"color: #000000;\"><strong><span style=\"text-decoration: underline;\">PANTALLA DE AYUDA PARA CREAR FICHEROS SEGURIDAD Y RESTAURAR HDD<\/span><\/strong><\/span><\/p>\n<p style=\"text-align: justify;\"><span style=\"color: #000000;\">Si bien desde hace tiempo ofrecemos las utilidades SAVPART y RESTPART para salvar y restaurar el MBR de discos duros C; y D:, dadas las caracter\u00edsticas de algunos discos duros de mas de 528 Mb, que en lugar de formatearse con LBA(LOGICAL BLOCK ADDRESSING) se hayan utilizado drivers de software (ver PANBUSIDE), hemos creado utilidades para salvar y restaurar los 17 primeros sectores de la cara 0 del cilindro 1, con lo que podremos recuperar el acceso a un disco duro, al cual no se accediera por actuaci\u00f3n de un virus en dicha zona, si bien para ello habr\u00e1 que haber creado un disco con ficheros de rescate para cada ordenador. \u00a0 \u00a0 \u00a0\u00a0<\/span><\/p>\n<p style=\"text-align: justify;\"><span style=\"color: #000000;\">Ello se puede crear facilmente con la utilidad SCOPY \/SEGU que copiar\u00e1 en A: los datos de la tabla de partici\u00f3n, y del BOOT de todos los discos duros que tuviere el ordenador, adem\u00e1s de los 17 sectores reservados de la cara 0, cilindro 1. \u00a0 \u00a0 \u00a0 \u00a0 \u00a0 \u00a0 \u00a0 \u00a0 \u00a0<\/span><\/p>\n<p style=\"text-align: justify;\"><span style=\"color: #000000;\">Si se quiere hacer manualmente deber\u00e1 formatearse un disquete con FORMAT A: \/u\u00a0\u00a0\/s\u00a0\u00a0y, tras copiarle los ficheros SALVA17 y RES17, arrancar con \u00e9l y ejecutar el SALVA17. Si hiciere falta podr\u00e1n restaurarse los 17 sectores reservados para la partici\u00f3n arrancando con \u00e9l y ejecutando RES17.<\/span><\/p>\n","protected":false},"excerpt":{"rendered":"<p>PANTALLA DE AYUDA PARA CREAR FICHEROS SEGURIDAD Y RESTAURAR HDD Si bien desde hace tiempo ofrecemos las utilidades SAVPART y RESTPART para salvar y restaurar el MBR de discos duros C; y D:, dadas las caracter\u00edsticas de algunos discos duros de mas de 528 Mb, que en lugar de formatearse con LBA(LOGICAL BLOCK ADDRESSING) se&nbsp;<a href=\"https:\/\/satinfo.es\/web-wp\/index.php\/descargas\/utilidades-de-satinfo\/l-z\/ver-detalles-salva17\/\" class=\"read-more\">Continue Reading<\/a><\/p>\n","protected":false},"author":41,"featured_media":0,"parent":706,"menu_order":0,"comment_status":"closed","ping_status":"open","template":"page-fullwidth.php","meta":{"_monsterinsights_skip_tracking":false,"_monsterinsights_sitenote_active":false,"_monsterinsights_sitenote_note":"","_monsterinsights_sitenote_category":0,"footnotes":""},"class_list":["post-1786","page","type-page","status-publish","hentry"],"aioseo_notices":[],"_links":{"self":[{"href":"https:\/\/satinfo.es\/web-wp\/index.php\/wp-json\/wp\/v2\/pages\/1786","targetHints":{"allow":["GET"]}}],"collection":[{"href":"https:\/\/satinfo.es\/web-wp\/index.php\/wp-json\/wp\/v2\/pages"}],"about":[{"href":"https:\/\/satinfo.es\/web-wp\/index.php\/wp-json\/wp\/v2\/types\/page"}],"author":[{"embeddable":true,"href":"https:\/\/satinfo.es\/web-wp\/index.php\/wp-json\/wp\/v2\/users\/41"}],"replies":[{"embeddable":true,"href":"https:\/\/satinfo.es\/web-wp\/index.php\/wp-json\/wp\/v2\/comments?post=1786"}],"version-history":[{"count":0,"href":"https:\/\/satinfo.es\/web-wp\/index.php\/wp-json\/wp\/v2\/pages\/1786\/revisions"}],"up":[{"embeddable":true,"href":"https:\/\/satinfo.es\/web-wp\/index.php\/wp-json\/wp\/v2\/pages\/706"}],"wp:attachment":[{"href":"https:\/\/satinfo.es\/web-wp\/index.php\/wp-json\/wp\/v2\/media?parent=1786"}],"curies":[{"name":"wp","href":"https:\/\/api.w.org\/{rel}","templated":true}]}}