

{"id":1782,"date":"2012-06-19T07:02:52","date_gmt":"2012-06-19T06:02:52","guid":{"rendered":"http:\/\/satinfo.es\/web-wp\/?page_id=1782"},"modified":"2012-06-19T07:02:52","modified_gmt":"2012-06-19T06:02:52","slug":"ver-detalles-runvh9","status":"publish","type":"page","link":"https:\/\/satinfo.es\/web-wp\/index.php\/descargas\/utilidades-de-satinfo\/l-z\/ver-detalles-runvh9\/","title":{"rendered":"Ver detalles runvh9"},"content":{"rendered":"<p style=\"text-align: justify;\"><span style=\"color: #000000;\"><strong>PANTALLA DE INFORMACION SISTEMA DE CARGA VSHIELD WINDOWS 9X Y Me<\/strong><\/span><\/p>\n<p style=\"text-align: justify;\"><span style=\"color: #000000;\">La carga del Vshield de Windows se hace normalmente desde el registro de sistema, en dos claves que se ejecutan antes que los residentes. \u00a0 \u00a0 \u00a0 \u00a0 \u00a0 \u00a0 \u00a0 \u00a0 \u00a0 \u00a0 \u00a0 \u00a0 \u00a0 \u00a0 \u00a0 \u00a0 \u00a0 \u00a0 \u00a0 \u00a0 \u00a0 \u00a0 \u00a0 \u00a0 \u00a0 \u00a0 \u00a0 \u00a0 \u00a0\u00a0<\/span><\/p>\n<p style=\"text-align: justify;\"><span style=\"color: #000000;\">Como sea que en contadas ocasiones algunos residentes se interfieren entre s\u00ed, y seg\u00fan el orden de carga pueden coexistir o no, es conveniente poder cambiar la carga del Vshield a otra posici\u00f3n, para lo que se deber\u00e1n eliminar las claves del registro y poner, en su lugar, la carga desde la carpeta de inicio de Windows, para ver si de esta forma se elimina el problema. Ello se conseguir\u00e1 ejecutando la utilidad RUNVSH9x.EXE \u00a0 \u00a0 \u00a0 \u00a0 \u00a0 \u00a0 \u00a0 \u00a0<\/span><\/p>\n<p style=\"text-align: justify;\"><span style=\"color: #000000;\">Para el caso de que una posterior instalaci\u00f3n \/desinstalaci\u00f3n de programas, convenga volver a restaurar la carga del residente desde el sistema alternativo, se conseguir\u00e1 variar dicha carga mediante la ejecuci\u00f3n de nuevo del RUNVSH9X.EXE \u00a0 \u00a0 \u00a0 \u00a0 \u00a0 \u00a0 \u00a0 \u00a0\u00a0<\/span><\/p>\n<p style=\"text-align: justify;\"><span style=\"color: #000000;\">En la parte inferior de la ventana de ejecuci\u00f3n de dicho programa, se indica desde donde se cargar\u00e1 el residente (AVSYNMGR) en el pr\u00f3ximo reinicio. \u00a0 \u00a0 \u00a0 \u00a0 \u00a0 \u00a0 \u00a0 \u00a0 \u00a0 \u00a0 \u00a0 \u00a0 \u00a0 \u00a0 \u00a0 \u00a0 \u00a0 \u00a0 \u00a0 \u00a0\u00a0<\/span><\/p>\n<p style=\"text-align: justify;\"><span style=\"color: #000000;\">Esta utilidad es v\u00e1lida en sistemas WINDOWS 9x\/Me, no NT\/2000<\/span><\/p>\n","protected":false},"excerpt":{"rendered":"<p>PANTALLA DE INFORMACION SISTEMA DE CARGA VSHIELD WINDOWS 9X Y Me La carga del Vshield de Windows se hace normalmente desde el registro de sistema, en dos claves que se ejecutan antes que los residentes. \u00a0 \u00a0 \u00a0 \u00a0 \u00a0 \u00a0 \u00a0 \u00a0 \u00a0 \u00a0 \u00a0 \u00a0 \u00a0 \u00a0 \u00a0 \u00a0 \u00a0 \u00a0 \u00a0 \u00a0&nbsp;<a href=\"https:\/\/satinfo.es\/web-wp\/index.php\/descargas\/utilidades-de-satinfo\/l-z\/ver-detalles-runvh9\/\" class=\"read-more\">Continue Reading<\/a><\/p>\n","protected":false},"author":41,"featured_media":0,"parent":706,"menu_order":0,"comment_status":"closed","ping_status":"open","template":"page-fullwidth.php","meta":{"_monsterinsights_skip_tracking":false,"_monsterinsights_sitenote_active":false,"_monsterinsights_sitenote_note":"","_monsterinsights_sitenote_category":0,"footnotes":""},"class_list":["post-1782","page","type-page","status-publish","hentry"],"aioseo_notices":[],"_links":{"self":[{"href":"https:\/\/satinfo.es\/web-wp\/index.php\/wp-json\/wp\/v2\/pages\/1782","targetHints":{"allow":["GET"]}}],"collection":[{"href":"https:\/\/satinfo.es\/web-wp\/index.php\/wp-json\/wp\/v2\/pages"}],"about":[{"href":"https:\/\/satinfo.es\/web-wp\/index.php\/wp-json\/wp\/v2\/types\/page"}],"author":[{"embeddable":true,"href":"https:\/\/satinfo.es\/web-wp\/index.php\/wp-json\/wp\/v2\/users\/41"}],"replies":[{"embeddable":true,"href":"https:\/\/satinfo.es\/web-wp\/index.php\/wp-json\/wp\/v2\/comments?post=1782"}],"version-history":[{"count":0,"href":"https:\/\/satinfo.es\/web-wp\/index.php\/wp-json\/wp\/v2\/pages\/1782\/revisions"}],"up":[{"embeddable":true,"href":"https:\/\/satinfo.es\/web-wp\/index.php\/wp-json\/wp\/v2\/pages\/706"}],"wp:attachment":[{"href":"https:\/\/satinfo.es\/web-wp\/index.php\/wp-json\/wp\/v2\/media?parent=1782"}],"curies":[{"name":"wp","href":"https:\/\/api.w.org\/{rel}","templated":true}]}}