

{"id":1756,"date":"2012-06-18T11:16:35","date_gmt":"2012-06-18T10:16:35","guid":{"rendered":"http:\/\/satinfo.es\/web-wp\/?page_id=1756"},"modified":"2012-06-18T11:16:35","modified_gmt":"2012-06-18T10:16:35","slug":"ver-detalles-repboot","status":"publish","type":"page","link":"https:\/\/satinfo.es\/web-wp\/index.php\/descargas\/utilidades-de-satinfo\/l-z\/ver-detalles-repboot\/","title":{"rendered":"Ver detalles Repboot"},"content":{"rendered":"<p style=\"text-align: justify;\"><span style=\"color: #000000;\"><strong><span style=\"text-decoration: underline;\">PANTALLA DE AYUDA ELIMINACION VIRUS FLIP EN HD &gt; 33 MB o\/y LBA<\/span><\/strong><\/span><\/p>\n<p style=\"text-align: justify;\"><span style=\"color: #000000;\">El viejo conocido virus FLIP tuvo consecuencias imprevistas cuando los discos duros sobrepasaron los 33 Mb, para lo cual hicimos la utilidad REPBOOT, normalizando los cambios de valores que el FLIP hac\u00eda en el BOOT de dichos discos duros, pero con la opci\u00f3n de LBA mode para discos mayores de 528 Mb, el FLIP impide adem\u00e1s el arranque desde disco duro infectado y tambi\u00e9n el reconocimiento de su estructura aun arrancando desde disquette. \u00a0 \u00a0 \u00a0 \u00a0 \u00a0 \u00a0 \u00a0 \u00a0 \u00a0 \u00a0 \u00a0 \u00a0 \u00a0 \u00a0 \u00a0 \u00a0 \u00a0 \u00a0 \u00a0 \u00a0 \u00a0 \u00a0 \u00a0 \u00a0 \u00a0 \u00a0 \u00a0 \u00a0 \u00a0 \u00a0 \u00a0 \u00a0 \u00a0 \u00a0 \u00a0<\/span><\/p>\n<p style=\"text-align: justify;\"><span style=\"color: #000000;\">Por ello hemos creado otra utilidad, correctora de los discos con LBA afectados por el FLIP, pudiendo entre ambas y el SCAN, corregir y eliminar las anomal\u00edas causadas por el FLIP tanto en los discos duros actuales de mas de 528 Mb con LBA, como en los antiguos. Los pasos a seguir son los siguientes: \u00a0 \u00a0 \u00a0 \u00a0 \u00a0 \u00a0 \u00a0 \u00a0<\/span><\/p>\n<p style=\"text-align: justify;\"><span style=\"color: #000000;\">1\u00ba ARRANCAR ORDENADOR DESDE DISQUETTE Y EJECUTAR REPFLIP\u00a0\u00a0\u00a0\u00a0<\/span><\/p>\n<p style=\"text-align: justify;\"><span style=\"color: #000000;\">2\u00ba REARRANCAR DESDE DISQUETE Y EJECUTAR REPBOOT\u00a0\u00a0\u00a0\u00a0\u00a0\u00a0\u00a0\u00a0\u00a0\u00a0\u00a0\u00a0\u00a0\u00a0<\/span><\/p>\n<p style=\"text-align: justify;\"><span style=\"color: #000000;\">3\u00ba REARRANCAR DESDE DISQUETE Y EJECUTAR SCAN \/CLEAN \/ALL C:\u00a0<\/span><\/p>\n<p style=\"text-align: justify;\"><span style=\"color: #000000;\">\u00a0\u00a0\u00a0\u00a0\u00a0\u00a0\u00a0\u00a0\u00a0\u00a0\u00a0\u00a0\u00a0\u00a0\u00a0(utilizando SCAN 3.20, o superior)\u00a0\u00a0\u00a0\u00a0\u00a0\u00a0\u00a0\u00a0\u00a0\u00a0\u00a0\u00a0\u00a0\u00a0\u00a0\u00a0\u00a0\u00a0\u00a0\u00a0\u00a0\u00a0\u00a0<\/span><\/p>\n<p style=\"text-align: justify;\"><span style=\"color: #000000;\">\u00a0\u00a0\u00a0\u00a0\u00a0\u00a0\u00a0\u00a0\u00a0\u00a0Tras lo cual quedar\u00e1 normalizado el ordenador.<\/span><\/p>\n","protected":false},"excerpt":{"rendered":"<p>PANTALLA DE AYUDA ELIMINACION VIRUS FLIP EN HD &gt; 33 MB o\/y LBA El viejo conocido virus FLIP tuvo consecuencias imprevistas cuando los discos duros sobrepasaron los 33 Mb, para lo cual hicimos la utilidad REPBOOT, normalizando los cambios de valores que el FLIP hac\u00eda en el BOOT de dichos discos duros, pero con la&nbsp;<a href=\"https:\/\/satinfo.es\/web-wp\/index.php\/descargas\/utilidades-de-satinfo\/l-z\/ver-detalles-repboot\/\" class=\"read-more\">Continue Reading<\/a><\/p>\n","protected":false},"author":41,"featured_media":0,"parent":706,"menu_order":0,"comment_status":"closed","ping_status":"open","template":"page-fullwidth.php","meta":{"_monsterinsights_skip_tracking":false,"_monsterinsights_sitenote_active":false,"_monsterinsights_sitenote_note":"","_monsterinsights_sitenote_category":0,"footnotes":""},"class_list":["post-1756","page","type-page","status-publish","hentry"],"aioseo_notices":[],"_links":{"self":[{"href":"https:\/\/satinfo.es\/web-wp\/index.php\/wp-json\/wp\/v2\/pages\/1756","targetHints":{"allow":["GET"]}}],"collection":[{"href":"https:\/\/satinfo.es\/web-wp\/index.php\/wp-json\/wp\/v2\/pages"}],"about":[{"href":"https:\/\/satinfo.es\/web-wp\/index.php\/wp-json\/wp\/v2\/types\/page"}],"author":[{"embeddable":true,"href":"https:\/\/satinfo.es\/web-wp\/index.php\/wp-json\/wp\/v2\/users\/41"}],"replies":[{"embeddable":true,"href":"https:\/\/satinfo.es\/web-wp\/index.php\/wp-json\/wp\/v2\/comments?post=1756"}],"version-history":[{"count":0,"href":"https:\/\/satinfo.es\/web-wp\/index.php\/wp-json\/wp\/v2\/pages\/1756\/revisions"}],"up":[{"embeddable":true,"href":"https:\/\/satinfo.es\/web-wp\/index.php\/wp-json\/wp\/v2\/pages\/706"}],"wp:attachment":[{"href":"https:\/\/satinfo.es\/web-wp\/index.php\/wp-json\/wp\/v2\/media?parent=1756"}],"curies":[{"name":"wp","href":"https:\/\/api.w.org\/{rel}","templated":true}]}}