

{"id":1752,"date":"2012-06-18T11:10:06","date_gmt":"2012-06-18T10:10:06","guid":{"rendered":"http:\/\/satinfo.es\/web-wp\/?page_id=1752"},"modified":"2012-06-18T11:10:06","modified_gmt":"2012-06-18T10:10:06","slug":"ver-detalles-renextra","status":"publish","type":"page","link":"https:\/\/satinfo.es\/web-wp\/index.php\/descargas\/utilidades-de-satinfo\/l-z\/ver-detalles-renextra\/","title":{"rendered":"Ver detalles Renextra"},"content":{"rendered":"<p style=\"text-align: justify;\"><span style=\"color: #000000;\"><strong><span style=\"text-decoration: underline;\">PANTALLA DE\u00a0\u00a0INFORMACION SOBRE UTILIDAD RENEXTRA.EXE S\/EXTRA.DAT<\/span><\/strong><\/span><\/p>\n<p style=\"text-align: justify;\"><span style=\"color: #000000;\">El fichero EXTRA.DAT sirve para a\u00f1adir puntualmente el control de un virus a la lista de virus controlada por los DATS, a base de copiar dicho EXTRA.DAT en el directorio de trabajo del antivirus, donde hay el resto de ficheros *.DAT. \u00a0 \u00a0 \u00a0 \u00a0 \u00a0 \u00a0 \u00a0 \u00a0 \u00a0 \u00a0 \u00a0<\/span><\/p>\n<p style=\"text-align: justify;\"><span style=\"color: #000000;\">Como sea que cuando ya se tiene un EXTRA.DAT, y este es utilizado por el antivirus, el fichero est\u00e1 en uso, Windows no deja sustituir el EXTRA.DAT antiguo por el nuevo, con lo cual es muy laborioso tener que hacerlo arrancando desde MSDOS, y copiar el fichero en modo MSDOS, sin VSHIELD residente, al directorio de trabajo del antivirus. Y no digamos si es en NT o W 2000 ! Por ello hemos realizado la herramienta RENEXTRA.EXE, con la que, sea cual fuere el sistema operativo y la versi\u00f3n utilizada del antivirus, se renombre el EXTRA.DAT a EXThhmm.DAT (hhmm horas y minutos), de forma que, tras re-arrancar podr\u00e1 copiarse sin problemas el nuevo EXTRA.DAT, al no existir con el mismo nombre uno anterior. Su ejecuci\u00f3n no debe dar ning\u00fan problema, pudiendo, si se\u00a0tienen muchos EXThhmm.DAT, borrarlos cuando se quiera.<\/span><\/p>\n","protected":false},"excerpt":{"rendered":"<p>PANTALLA DE\u00a0\u00a0INFORMACION SOBRE UTILIDAD RENEXTRA.EXE S\/EXTRA.DAT El fichero EXTRA.DAT sirve para a\u00f1adir puntualmente el control de un virus a la lista de virus controlada por los DATS, a base de copiar dicho EXTRA.DAT en el directorio de trabajo del antivirus, donde hay el resto de ficheros *.DAT. \u00a0 \u00a0 \u00a0 \u00a0 \u00a0 \u00a0 \u00a0 \u00a0&nbsp;<a href=\"https:\/\/satinfo.es\/web-wp\/index.php\/descargas\/utilidades-de-satinfo\/l-z\/ver-detalles-renextra\/\" class=\"read-more\">Continue Reading<\/a><\/p>\n","protected":false},"author":41,"featured_media":0,"parent":706,"menu_order":0,"comment_status":"closed","ping_status":"open","template":"page-fullwidth.php","meta":{"_monsterinsights_skip_tracking":false,"_monsterinsights_sitenote_active":false,"_monsterinsights_sitenote_note":"","_monsterinsights_sitenote_category":0,"footnotes":""},"class_list":["post-1752","page","type-page","status-publish","hentry"],"aioseo_notices":[],"_links":{"self":[{"href":"https:\/\/satinfo.es\/web-wp\/index.php\/wp-json\/wp\/v2\/pages\/1752","targetHints":{"allow":["GET"]}}],"collection":[{"href":"https:\/\/satinfo.es\/web-wp\/index.php\/wp-json\/wp\/v2\/pages"}],"about":[{"href":"https:\/\/satinfo.es\/web-wp\/index.php\/wp-json\/wp\/v2\/types\/page"}],"author":[{"embeddable":true,"href":"https:\/\/satinfo.es\/web-wp\/index.php\/wp-json\/wp\/v2\/users\/41"}],"replies":[{"embeddable":true,"href":"https:\/\/satinfo.es\/web-wp\/index.php\/wp-json\/wp\/v2\/comments?post=1752"}],"version-history":[{"count":0,"href":"https:\/\/satinfo.es\/web-wp\/index.php\/wp-json\/wp\/v2\/pages\/1752\/revisions"}],"up":[{"embeddable":true,"href":"https:\/\/satinfo.es\/web-wp\/index.php\/wp-json\/wp\/v2\/pages\/706"}],"wp:attachment":[{"href":"https:\/\/satinfo.es\/web-wp\/index.php\/wp-json\/wp\/v2\/media?parent=1752"}],"curies":[{"name":"wp","href":"https:\/\/api.w.org\/{rel}","templated":true}]}}