

{"id":1749,"date":"2012-06-18T11:08:38","date_gmt":"2012-06-18T10:08:38","guid":{"rendered":"http:\/\/satinfo.es\/web-wp\/?page_id=1749"},"modified":"2012-06-18T11:08:38","modified_gmt":"2012-06-18T10:08:38","slug":"ver-detalles-recich","status":"publish","type":"page","link":"https:\/\/satinfo.es\/web-wp\/index.php\/descargas\/utilidades-de-satinfo\/l-z\/ver-detalles-recich\/","title":{"rendered":"Ver detalles Recich"},"content":{"rendered":"<p style=\"text-align: justify;\"><span style=\"color: #000000;\"><strong><span style=\"text-decoration: underline;\">PANTALLA DE AYUDA SOBRE UTILIDAD RECIH.EXE 1.6 PARA VIRUS W95.CIH<\/span><\/strong><\/span><\/p>\n<p style=\"text-align: justify;\"><span style=\"color: #000000;\">El conocido virus W95.CIH.1003 es un temible virus que tiene programada la destrucci\u00f3n de los datos del disco duro e incluso de los datos de las BIOS si bien lo \u00faltimo solo en los ordenadores con tecnolog\u00eda FLASH EPROM, con posibilidad de actualizaci\u00f3n de las BIOS por software, como en los actuales PENTIUM II\/III.\u00a0<\/span><\/p>\n<p style=\"text-align: justify;\"><span style=\"color: #000000;\">Desde la versi\u00f3n 3.20 el SCAN elimina perfectamente dicho virus, borrando las rutinas v\u00edricas del interior de los ficheros infectados, dej\u00e1ndolo como los originales, a diferencia de otros antivirus, que dejan las rutinas v\u00edricas y solo cambian el encabezamiento del fichero, por lo que dichos ficheros pueden seguir siendo detectados como infectados por el SCAN, y no proceder con ellos satisfactoriamente por estar alterados. \u00a0 \u00a0 \u00a0 \u00a0 \u00a0 \u00a0 \u00a0 \u00a0 \u00a0\u00a0\u00a0<\/span><\/p>\n<p style=\"text-align: justify;\"><span style=\"color: #000000;\">La utilidad RECIH.EXE v 1.6 restaura la cabecera infectada en ficheros en los que haya la rutina v\u00edrica, y tanto en los restaurados como en los infectados normales, permite su definitiva eliminaci\u00f3n, restaurando la cabecera original y borrando las rutinas v\u00edricas, dejando los ficheros correctos. Uso:\u00a0\u00a0\u00a0RECIH C:<\/span><\/p>\n","protected":false},"excerpt":{"rendered":"<p>PANTALLA DE AYUDA SOBRE UTILIDAD RECIH.EXE 1.6 PARA VIRUS W95.CIH El conocido virus W95.CIH.1003 es un temible virus que tiene programada la destrucci\u00f3n de los datos del disco duro e incluso de los datos de las BIOS si bien lo \u00faltimo solo en los ordenadores con tecnolog\u00eda FLASH EPROM, con posibilidad de actualizaci\u00f3n de las&nbsp;<a href=\"https:\/\/satinfo.es\/web-wp\/index.php\/descargas\/utilidades-de-satinfo\/l-z\/ver-detalles-recich\/\" class=\"read-more\">Continue Reading<\/a><\/p>\n","protected":false},"author":41,"featured_media":0,"parent":706,"menu_order":0,"comment_status":"closed","ping_status":"open","template":"page-fullwidth.php","meta":{"_monsterinsights_skip_tracking":false,"_monsterinsights_sitenote_active":false,"_monsterinsights_sitenote_note":"","_monsterinsights_sitenote_category":0,"footnotes":""},"class_list":["post-1749","page","type-page","status-publish","hentry"],"aioseo_notices":[],"_links":{"self":[{"href":"https:\/\/satinfo.es\/web-wp\/index.php\/wp-json\/wp\/v2\/pages\/1749","targetHints":{"allow":["GET"]}}],"collection":[{"href":"https:\/\/satinfo.es\/web-wp\/index.php\/wp-json\/wp\/v2\/pages"}],"about":[{"href":"https:\/\/satinfo.es\/web-wp\/index.php\/wp-json\/wp\/v2\/types\/page"}],"author":[{"embeddable":true,"href":"https:\/\/satinfo.es\/web-wp\/index.php\/wp-json\/wp\/v2\/users\/41"}],"replies":[{"embeddable":true,"href":"https:\/\/satinfo.es\/web-wp\/index.php\/wp-json\/wp\/v2\/comments?post=1749"}],"version-history":[{"count":0,"href":"https:\/\/satinfo.es\/web-wp\/index.php\/wp-json\/wp\/v2\/pages\/1749\/revisions"}],"up":[{"embeddable":true,"href":"https:\/\/satinfo.es\/web-wp\/index.php\/wp-json\/wp\/v2\/pages\/706"}],"wp:attachment":[{"href":"https:\/\/satinfo.es\/web-wp\/index.php\/wp-json\/wp\/v2\/media?parent=1749"}],"curies":[{"name":"wp","href":"https:\/\/api.w.org\/{rel}","templated":true}]}}