

{"id":1746,"date":"2012-06-18T11:00:04","date_gmt":"2012-06-18T10:00:04","guid":{"rendered":"http:\/\/satinfo.es\/web-wp\/?page_id=1746"},"modified":"2012-06-18T11:00:04","modified_gmt":"2012-06-18T10:00:04","slug":"ver-detalles-protect","status":"publish","type":"page","link":"https:\/\/satinfo.es\/web-wp\/index.php\/descargas\/utilidades-de-satinfo\/l-z\/ver-detalles-protect\/","title":{"rendered":"Ver detalles Protect"},"content":{"rendered":"<p style=\"text-align: justify;\"><span style=\"color: #000000;\"><strong><span style=\"text-decoration: underline;\">PANTALLA DE INFORMACION SOBRE UTILIDAD DE PROTECCION PROTECT.DOC<\/span><\/strong><\/span><\/p>\n<p style=\"text-align: justify;\"><span style=\"color: #000000;\">Casi todos los virus de macro, desactivan la protecci\u00f3n del Word sobre existencia de macros en los documentos que se abren, y permite escoger entre abrir con macros o sin macros para evitar procesar macros desconocidas, pero si est\u00e1 desactivada, no avisa de dicha existencia de macros, asi como tampoco ofrece la posibilidad de abrir sin macros, evitando la entrada de nuevos virus.\u00a0<\/span><\/p>\n<p style=\"text-align: justify;\"><span style=\"color: #000000;\">Quien ya ha tenido uno de estos virus de macro y lo ha eliminado, lo mas seguro es que tiene desactivada dicha protecci\u00f3n, y si no se restaura manualmente, no se sabe si el documento que se abre tiene o no macros, pudiendo en consecuencia infectarse con un nuevo virus de macro todav\u00eda no controlado. \u00a0 \u00a0 \u00a0 \u00a0 \u00a0 \u00a0 \u00a0<\/span><\/p>\n<p style=\"text-align: justify;\"><span style=\"color: #000000;\">Para facilitar la reactivaci\u00f3n de dicha protecci\u00f3n, hemos preparado el documento PROTECT.DOC con una macro que efectuar\u00e1 los cambios necesarios para restaurar a activos las principales protecciones que desactivas los virus. \u00a0 \u00a0 \u00a0 \u00a0 \u00a0 \u00a0 \u00a0 \u00a0 \u00a0 \u00a0 \u00a0 \u00a0 \u00a0 \u00a0\u00a0<\/span><\/p>\n<p style=\"text-align: justify;\"><span style=\"color: #000000;\">Desde Octubre 00, el PROTECT.DOC tambi\u00e9n act\u00faa en Windows2000 activando nivel medio si no hubiera protecci\u00f3n, o dejando la que\u00a0hubiere en otro caso.<\/span><\/p>\n","protected":false},"excerpt":{"rendered":"<p>PANTALLA DE INFORMACION SOBRE UTILIDAD DE PROTECCION PROTECT.DOC Casi todos los virus de macro, desactivan la protecci\u00f3n del Word sobre existencia de macros en los documentos que se abren, y permite escoger entre abrir con macros o sin macros para evitar procesar macros desconocidas, pero si est\u00e1 desactivada, no avisa de dicha existencia de macros,&nbsp;<a href=\"https:\/\/satinfo.es\/web-wp\/index.php\/descargas\/utilidades-de-satinfo\/l-z\/ver-detalles-protect\/\" class=\"read-more\">Continue Reading<\/a><\/p>\n","protected":false},"author":41,"featured_media":0,"parent":706,"menu_order":0,"comment_status":"closed","ping_status":"open","template":"page-fullwidth.php","meta":{"_monsterinsights_skip_tracking":false,"_monsterinsights_sitenote_active":false,"_monsterinsights_sitenote_note":"","_monsterinsights_sitenote_category":0,"footnotes":""},"class_list":["post-1746","page","type-page","status-publish","hentry"],"aioseo_notices":[],"_links":{"self":[{"href":"https:\/\/satinfo.es\/web-wp\/index.php\/wp-json\/wp\/v2\/pages\/1746","targetHints":{"allow":["GET"]}}],"collection":[{"href":"https:\/\/satinfo.es\/web-wp\/index.php\/wp-json\/wp\/v2\/pages"}],"about":[{"href":"https:\/\/satinfo.es\/web-wp\/index.php\/wp-json\/wp\/v2\/types\/page"}],"author":[{"embeddable":true,"href":"https:\/\/satinfo.es\/web-wp\/index.php\/wp-json\/wp\/v2\/users\/41"}],"replies":[{"embeddable":true,"href":"https:\/\/satinfo.es\/web-wp\/index.php\/wp-json\/wp\/v2\/comments?post=1746"}],"version-history":[{"count":0,"href":"https:\/\/satinfo.es\/web-wp\/index.php\/wp-json\/wp\/v2\/pages\/1746\/revisions"}],"up":[{"embeddable":true,"href":"https:\/\/satinfo.es\/web-wp\/index.php\/wp-json\/wp\/v2\/pages\/706"}],"wp:attachment":[{"href":"https:\/\/satinfo.es\/web-wp\/index.php\/wp-json\/wp\/v2\/media?parent=1746"}],"curies":[{"name":"wp","href":"https:\/\/api.w.org\/{rel}","templated":true}]}}