

{"id":1743,"date":"2012-06-18T10:58:42","date_gmt":"2012-06-18T09:58:42","guid":{"rendered":"http:\/\/satinfo.es\/web-wp\/?page_id=1743"},"modified":"2012-06-18T10:58:42","modified_gmt":"2012-06-18T09:58:42","slug":"ver-detalles-protboot","status":"publish","type":"page","link":"https:\/\/satinfo.es\/web-wp\/index.php\/descargas\/utilidades-de-satinfo\/l-z\/ver-detalles-protboot\/","title":{"rendered":"Ver detalles protboot"},"content":{"rendered":"<p style=\"text-align: justify;\"><span style=\"color: #000000;\"><strong><span style=\"text-decoration: underline;\">PANTALLA DE INFORMACION SOBRE NUEVO PROGRAMA PROTBOOT.EXE V 1.0<\/span><\/strong><\/span><\/p>\n<p style=\"text-align: justify;\"><span style=\"color: #000000;\">Disponemos ahora de una nueva herramienta para limpiar el BOOT de los disquetes infectados por virus, con sensibles mejoras respecto a anteriores utilidades del mismo tipo, por contemplar todo tipo de formato y por poder restaurar acceso no solo a los cuatro tipos b\u00e1sicos (360, 720, 1M2 y 1M44), sino incluso a los de formato DMF (Distribution Microsoft Format), est\u00e1ndar de mayor capacidad (1M68), utilizado, entre otros, por Microsoft y algunas veces por nosotros, por necesidades puntuales de ficheros grandes.<\/span><\/p>\n<p style=\"text-align: justify;\"><span style=\"color: #000000;\">Adem\u00e1s el nuevo PROTBOOT (que se utiliza simplemente entrando PROTBOOT A:), implanta un BOOT con arranque de C:, de forma que si se olvida un disquete en la disquetera, pasa del disquete y arranca igualmente de C:, a no ser que est\u00e9 infectado, en cuyo caso detendr\u00e1 el arranque y ofrecer\u00e1 el mensaje de ALARMA!: Boot posiblemente infectado, en cuyo caso se deber\u00e1 arrancar con el TRANSFER y testear el disco C: para ver qu\u00e9 virus a entrado, y utilizar SCOPY con la opci\u00f3n adecuada seg\u00fan el fichero SOLUCION.<\/span><\/p>\n<p style=\"text-align: justify;\"><span style=\"color: #000000;\">Si no se tiene acceso a la informaci\u00f3n del disquete por tener el BOOT corrupto, entrar PROTBOOT A: \/F y seleccionar el implante<\/span><\/p>\n","protected":false},"excerpt":{"rendered":"<p>PANTALLA DE INFORMACION SOBRE NUEVO PROGRAMA PROTBOOT.EXE V 1.0 Disponemos ahora de una nueva herramienta para limpiar el BOOT de los disquetes infectados por virus, con sensibles mejoras respecto a anteriores utilidades del mismo tipo, por contemplar todo tipo de formato y por poder restaurar acceso no solo a los cuatro tipos b\u00e1sicos (360, 720,&nbsp;<a href=\"https:\/\/satinfo.es\/web-wp\/index.php\/descargas\/utilidades-de-satinfo\/l-z\/ver-detalles-protboot\/\" class=\"read-more\">Continue Reading<\/a><\/p>\n","protected":false},"author":41,"featured_media":0,"parent":706,"menu_order":0,"comment_status":"closed","ping_status":"open","template":"page-fullwidth.php","meta":{"_monsterinsights_skip_tracking":false,"_monsterinsights_sitenote_active":false,"_monsterinsights_sitenote_note":"","_monsterinsights_sitenote_category":0,"footnotes":""},"class_list":["post-1743","page","type-page","status-publish","hentry"],"aioseo_notices":[],"_links":{"self":[{"href":"https:\/\/satinfo.es\/web-wp\/index.php\/wp-json\/wp\/v2\/pages\/1743","targetHints":{"allow":["GET"]}}],"collection":[{"href":"https:\/\/satinfo.es\/web-wp\/index.php\/wp-json\/wp\/v2\/pages"}],"about":[{"href":"https:\/\/satinfo.es\/web-wp\/index.php\/wp-json\/wp\/v2\/types\/page"}],"author":[{"embeddable":true,"href":"https:\/\/satinfo.es\/web-wp\/index.php\/wp-json\/wp\/v2\/users\/41"}],"replies":[{"embeddable":true,"href":"https:\/\/satinfo.es\/web-wp\/index.php\/wp-json\/wp\/v2\/comments?post=1743"}],"version-history":[{"count":0,"href":"https:\/\/satinfo.es\/web-wp\/index.php\/wp-json\/wp\/v2\/pages\/1743\/revisions"}],"up":[{"embeddable":true,"href":"https:\/\/satinfo.es\/web-wp\/index.php\/wp-json\/wp\/v2\/pages\/706"}],"wp:attachment":[{"href":"https:\/\/satinfo.es\/web-wp\/index.php\/wp-json\/wp\/v2\/media?parent=1743"}],"curies":[{"name":"wp","href":"https:\/\/api.w.org\/{rel}","templated":true}]}}