

{"id":1738,"date":"2012-06-18T10:53:14","date_gmt":"2012-06-18T09:53:14","guid":{"rendered":"http:\/\/satinfo.es\/web-wp\/?page_id=1738"},"modified":"2012-06-18T10:53:14","modified_gmt":"2012-06-18T09:53:14","slug":"ver-detalles-limpia","status":"publish","type":"page","link":"https:\/\/satinfo.es\/web-wp\/index.php\/descargas\/utilidades-de-satinfo\/e-k\/ver-detalles-limpia\/","title":{"rendered":"Ver detalles Limpia"},"content":{"rendered":"<p style=\"text-align: justify;\"><span style=\"color: #000000;\"><strong><span style=\"text-decoration: underline;\">PANTALLA DE INFORMACION UTILIDAD LIMPIA.EXE PARA ELIMINAR VIRUS<\/span><\/strong><\/span><\/p>\n<p style=\"text-align: justify;\"><span style=\"color: #000000;\">Como ya es conocido, para limpiar los ficheros infectados de un ordenador, es aconsejable hacerlo arrancado en solo s\u00edmbolo de sistema, bajo MSDOS, si bien es inc\u00f3modo el acceso al directorio del antivirus en este modo, al estar normalmente ubicado en carpetas con nombre largo (de mas de 8 letras). Por ello tenemos la utilidad LIMPIA.EXE que, ejecutada tanto desde disquete como desde cualquier carpeta de disco duro, ir\u00e1 al directorio est\u00e1ndar del antivirus y ejecutar\u00e1 SCANPM con las opciones \/ADL \/CLEAN \/!OBJECT \/NODDA \/UNZIP \/REPORT \/APPEND, (creando como infome un fichero \u2018REPORTE.TXT\u2019), a las las que puede a\u00f1adirse otra que interese especialmente, como DEL o ANALYZE o PROGRAM, u otra. \u00a0 \u00a0 \u00a0 \u00a0\u00a0<\/span><\/p>\n<p style=\"text-align: justify;\"><span style=\"color: #000000;\">Esta opci\u00f3n debe indicarse como segundo dato, siendo preciso en este caso, un primer dato con la versi\u00f3n que se va a ejecutar de SCANPM. que puede ser 403, 450, 451, NT2000 o NETASCAN. \u00a0 \u00a0 \u00a0 \u00a0\u00a0<\/span><\/p>\n<p style=\"text-align: justify;\"><span style=\"color: #000000;\">Si se desea utilizar el directorio actual, debe indicarse como primer dato un punto (.), pudiendo a\u00f1adirse igualmente un segundo dato con la opci\u00f3n especial, sin ser imprescindible. Ejemplos de sintaxis:\u00a0\u00a0<\/span><\/p>\n<p style=\"text-align: justify;\"><span style=\"color: #000000;\">\u00a0\u00a0\u00a0LIMPIA\u00a0<\/span><\/p>\n<p style=\"text-align: justify;\"><span style=\"color: #000000;\">\u00a0\u00a0\u00a0LIMPIA .\u00a0<\/span><\/p>\n<p style=\"text-align: justify;\"><span style=\"color: #000000;\">\u00a0\u00a0\u00a0LIMPIA 451 ANALYZE<\/span><\/p>\n<p style=\"text-align: justify;\"><span style=\"color: #000000;\">\u00a0\u00a0\u00a0LIMPIA . DEL<\/span><\/p>\n","protected":false},"excerpt":{"rendered":"<p>PANTALLA DE INFORMACION UTILIDAD LIMPIA.EXE PARA ELIMINAR VIRUS Como ya es conocido, para limpiar los ficheros infectados de un ordenador, es aconsejable hacerlo arrancado en solo s\u00edmbolo de sistema, bajo MSDOS, si bien es inc\u00f3modo el acceso al directorio del antivirus en este modo, al estar normalmente ubicado en carpetas con nombre largo (de mas&nbsp;<a href=\"https:\/\/satinfo.es\/web-wp\/index.php\/descargas\/utilidades-de-satinfo\/e-k\/ver-detalles-limpia\/\" class=\"read-more\">Continue Reading<\/a><\/p>\n","protected":false},"author":41,"featured_media":0,"parent":702,"menu_order":0,"comment_status":"closed","ping_status":"open","template":"page-fullwidth.php","meta":{"_monsterinsights_skip_tracking":false,"_monsterinsights_sitenote_active":false,"_monsterinsights_sitenote_note":"","_monsterinsights_sitenote_category":0,"footnotes":""},"class_list":["post-1738","page","type-page","status-publish","hentry"],"aioseo_notices":[],"_links":{"self":[{"href":"https:\/\/satinfo.es\/web-wp\/index.php\/wp-json\/wp\/v2\/pages\/1738","targetHints":{"allow":["GET"]}}],"collection":[{"href":"https:\/\/satinfo.es\/web-wp\/index.php\/wp-json\/wp\/v2\/pages"}],"about":[{"href":"https:\/\/satinfo.es\/web-wp\/index.php\/wp-json\/wp\/v2\/types\/page"}],"author":[{"embeddable":true,"href":"https:\/\/satinfo.es\/web-wp\/index.php\/wp-json\/wp\/v2\/users\/41"}],"replies":[{"embeddable":true,"href":"https:\/\/satinfo.es\/web-wp\/index.php\/wp-json\/wp\/v2\/comments?post=1738"}],"version-history":[{"count":0,"href":"https:\/\/satinfo.es\/web-wp\/index.php\/wp-json\/wp\/v2\/pages\/1738\/revisions"}],"up":[{"embeddable":true,"href":"https:\/\/satinfo.es\/web-wp\/index.php\/wp-json\/wp\/v2\/pages\/702"}],"wp:attachment":[{"href":"https:\/\/satinfo.es\/web-wp\/index.php\/wp-json\/wp\/v2\/media?parent=1738"}],"curies":[{"name":"wp","href":"https:\/\/api.w.org\/{rel}","templated":true}]}}