

{"id":1727,"date":"2012-06-18T10:40:48","date_gmt":"2012-06-18T09:40:48","guid":{"rendered":"http:\/\/satinfo.es\/web-wp\/?page_id=1727"},"modified":"2012-06-18T10:40:48","modified_gmt":"2012-06-18T09:40:48","slug":"ver-detalles-eli-tha","status":"publish","type":"page","link":"https:\/\/satinfo.es\/web-wp\/index.php\/descargas\/utilidades-de-satinfo\/e-k\/ver-detalles-eli-tha\/","title":{"rendered":"Ver detalles Eli Tha"},"content":{"rendered":"<p style=\"text-align: justify;\"><span style=\"color: #000000;\"><strong><span style=\"text-decoration: underline;\">PANTALLA DE INFORMACION VIRUS ITHAQUA.8030.mp \/ MAX 347 EN RAM<\/span><\/strong><\/span><\/p>\n<p style=\"text-align: justify;\"><span style=\"color: #000000;\">A trav\u00e9s de cierta revista, los servicios t\u00e9cnicos antivirus recibimos un presunto nuevo virus para ensayo de los indicados servicios. Al mismo se le identific\u00f3 como virus ITHAQUA. \u00a0 \u00a0 \u00a0 \u00a0<\/span><\/p>\n<p style=\"text-align: justify;\"><span style=\"color: #000000;\">Este virus, si bien no est\u00e1 expandido, y se espera que si no se le escapa a nadie no lo est\u00e9, est\u00e1 controlado por VIRUSCAN, y por si se expandiera, hemos creado la utilidad ELITHA (ELIMINA ITHAQUA) que, tanto desde disquete como de disco duro, permite eliminar dicho virus que es especialmente complejo de limpiar en ordenadores con DOS 6.x,por alterar en ellos el MBR y encriptar el mismo, de forma que no reconoce el disco duro si se arranca desde A:, y la eliminaci\u00f3n con el SCAN pasa necesariamente por utilizar VIRUSCAN desde el disco duro, para lo cual se debe haber arrancado desde disco duro y por tanto se tendr\u00eda el virus en RAM con lo que el VIRUSCAN indicar\u00eda rearrancar desde disquete, en\u00a0cuyo caso no se tendr\u00eda acceso a C: &#8230;, total que precisamos de una utilidad como el ELITHA que desde disquete nos permita primero restaurar el MBR, y tras rearrancar desde disquete, siempre sin virus en RAM, eliminar el virus de los ficheros de C:, usando ELITHA\u00a0<\/span><\/p>\n","protected":false},"excerpt":{"rendered":"<p>PANTALLA DE INFORMACION VIRUS ITHAQUA.8030.mp \/ MAX 347 EN RAM A trav\u00e9s de cierta revista, los servicios t\u00e9cnicos antivirus recibimos un presunto nuevo virus para ensayo de los indicados servicios. Al mismo se le identific\u00f3 como virus ITHAQUA. \u00a0 \u00a0 \u00a0 \u00a0 Este virus, si bien no est\u00e1 expandido, y se espera que si no&nbsp;<a href=\"https:\/\/satinfo.es\/web-wp\/index.php\/descargas\/utilidades-de-satinfo\/e-k\/ver-detalles-eli-tha\/\" class=\"read-more\">Continue Reading<\/a><\/p>\n","protected":false},"author":41,"featured_media":0,"parent":702,"menu_order":0,"comment_status":"closed","ping_status":"open","template":"page-fullwidth.php","meta":{"_monsterinsights_skip_tracking":false,"_monsterinsights_sitenote_active":false,"_monsterinsights_sitenote_note":"","_monsterinsights_sitenote_category":0,"footnotes":""},"class_list":["post-1727","page","type-page","status-publish","hentry"],"aioseo_notices":[],"_links":{"self":[{"href":"https:\/\/satinfo.es\/web-wp\/index.php\/wp-json\/wp\/v2\/pages\/1727","targetHints":{"allow":["GET"]}}],"collection":[{"href":"https:\/\/satinfo.es\/web-wp\/index.php\/wp-json\/wp\/v2\/pages"}],"about":[{"href":"https:\/\/satinfo.es\/web-wp\/index.php\/wp-json\/wp\/v2\/types\/page"}],"author":[{"embeddable":true,"href":"https:\/\/satinfo.es\/web-wp\/index.php\/wp-json\/wp\/v2\/users\/41"}],"replies":[{"embeddable":true,"href":"https:\/\/satinfo.es\/web-wp\/index.php\/wp-json\/wp\/v2\/comments?post=1727"}],"version-history":[{"count":0,"href":"https:\/\/satinfo.es\/web-wp\/index.php\/wp-json\/wp\/v2\/pages\/1727\/revisions"}],"up":[{"embeddable":true,"href":"https:\/\/satinfo.es\/web-wp\/index.php\/wp-json\/wp\/v2\/pages\/702"}],"wp:attachment":[{"href":"https:\/\/satinfo.es\/web-wp\/index.php\/wp-json\/wp\/v2\/media?parent=1727"}],"curies":[{"name":"wp","href":"https:\/\/api.w.org\/{rel}","templated":true}]}}