

{"id":1714,"date":"2012-06-18T10:23:04","date_gmt":"2012-06-18T09:23:04","guid":{"rendered":"http:\/\/satinfo.es\/web-wp\/?page_id=1714"},"modified":"2012-06-18T10:23:04","modified_gmt":"2012-06-18T09:23:04","slug":"ver-detalles-elispir","status":"publish","type":"page","link":"https:\/\/satinfo.es\/web-wp\/index.php\/descargas\/utilidades-de-satinfo\/e-k\/ver-detalles-elispir\/","title":{"rendered":"Ver detalles EliSpir"},"content":{"rendered":"<p style=\"text-align: justify;\"><span style=\"color: #000000;\"><strong><span style=\"text-decoration: underline;\">PANTALLA DE INFORMACION DE ELIMINACION ESPIRAL HIPNOTICA HYBRIS<\/span><\/strong><\/span><\/p>\n<p style=\"text-align: justify;\"><span style=\"color: #000000;\">Dado que el virus\u00a0<a href=\"mailto:w32\/Hybris@M\"><span style=\"color: #000000;\">w32\/Hybris@M<\/span><\/a>\u00a0intenta descargar nuevos plug-ins cada vez que se conecta a Internet, y son muchos los usuarios que no ten\u00edan actualizado el antivirus (se controla desde la versi\u00f3n de DATS 4101),<\/span><\/p>\n<p style=\"text-align: justify;\"><span style=\"color: #000000;\">existe una gran propagaci\u00f3n de uno de sus plug-ins, que presenta en pantalla una espiral hipn\u00f3tica, la cual impide ver la pantalla normal de trabajo y que persiste aunque se apague el ordenador y se reinicie Windows. \u00a0 \u00a0 \u00a0 \u00a0 \u00a0 \u00a0 \u00a0 \u00a0 \u00a0 \u00a0 \u00a0 \u00a0 \u00a0 \u00a0 \u00a0 \u00a0 \u00a0 \u00a0 \u00a0 \u00a0 \u00a0 \u00a0 \u00a0 \u00a0 \u00a0 \u00a0 \u00a0 \u00a0\u00a0\u00a0<\/span><\/p>\n<p style=\"text-align: justify;\"><span style=\"color: #000000;\">Para facilitar la eliminaci\u00f3n la presentaci\u00f3n esta espiral en pantalla, hemos creado la utilidad ELISPIR.EXE que facilitar\u00e1 el trabajo de eliminaci\u00f3n de la carga y del fichero en cuesti\u00f3n (que ha sido copiado con un nombre aleatorio dentro del disco duro). La utilidad en cuesti\u00f3n se llama ELISPIR.EXE, y su ejecuci\u00f3n normalizar\u00e1 el ordenador en el pr\u00f3ximo reinicio. \u00a0 \u00a0 \u00a0 \u00a0 \u00a0<\/span><\/p>\n<p style=\"text-align: justify;\"><span style=\"color: #000000;\">Recordamos que para eliminar el HYBRIS disponemos de la herramienta ELIHYBRI.EXE, o bien SUSWSOCK.EXE para Windows NT.<\/span><\/p>\n","protected":false},"excerpt":{"rendered":"<p>PANTALLA DE INFORMACION DE ELIMINACION ESPIRAL HIPNOTICA HYBRIS Dado que el virus\u00a0w32\/Hybris@M\u00a0intenta descargar nuevos plug-ins cada vez que se conecta a Internet, y son muchos los usuarios que no ten\u00edan actualizado el antivirus (se controla desde la versi\u00f3n de DATS 4101), existe una gran propagaci\u00f3n de uno de sus plug-ins, que presenta en pantalla una&nbsp;<a href=\"https:\/\/satinfo.es\/web-wp\/index.php\/descargas\/utilidades-de-satinfo\/e-k\/ver-detalles-elispir\/\" class=\"read-more\">Continue Reading<\/a><\/p>\n","protected":false},"author":41,"featured_media":0,"parent":702,"menu_order":0,"comment_status":"closed","ping_status":"open","template":"page-fullwidth.php","meta":{"_monsterinsights_skip_tracking":false,"_monsterinsights_sitenote_active":false,"_monsterinsights_sitenote_note":"","_monsterinsights_sitenote_category":0,"footnotes":""},"class_list":["post-1714","page","type-page","status-publish","hentry"],"aioseo_notices":[],"_links":{"self":[{"href":"https:\/\/satinfo.es\/web-wp\/index.php\/wp-json\/wp\/v2\/pages\/1714","targetHints":{"allow":["GET"]}}],"collection":[{"href":"https:\/\/satinfo.es\/web-wp\/index.php\/wp-json\/wp\/v2\/pages"}],"about":[{"href":"https:\/\/satinfo.es\/web-wp\/index.php\/wp-json\/wp\/v2\/types\/page"}],"author":[{"embeddable":true,"href":"https:\/\/satinfo.es\/web-wp\/index.php\/wp-json\/wp\/v2\/users\/41"}],"replies":[{"embeddable":true,"href":"https:\/\/satinfo.es\/web-wp\/index.php\/wp-json\/wp\/v2\/comments?post=1714"}],"version-history":[{"count":0,"href":"https:\/\/satinfo.es\/web-wp\/index.php\/wp-json\/wp\/v2\/pages\/1714\/revisions"}],"up":[{"embeddable":true,"href":"https:\/\/satinfo.es\/web-wp\/index.php\/wp-json\/wp\/v2\/pages\/702"}],"wp:attachment":[{"href":"https:\/\/satinfo.es\/web-wp\/index.php\/wp-json\/wp\/v2\/media?parent=1714"}],"curies":[{"name":"wp","href":"https:\/\/api.w.org\/{rel}","templated":true}]}}