

{"id":1709,"date":"2012-06-18T10:16:17","date_gmt":"2012-06-18T09:16:17","guid":{"rendered":"http:\/\/satinfo.es\/web-wp\/?page_id=1709"},"modified":"2012-06-18T10:16:17","modified_gmt":"2012-06-18T09:16:17","slug":"ver-detalles-eliska","status":"publish","type":"page","link":"https:\/\/satinfo.es\/web-wp\/index.php\/descargas\/utilidades-de-satinfo\/e-k\/ver-detalles-eliska\/","title":{"rendered":"Ver detalles EliSka"},"content":{"rendered":"<p style=\"text-align: justify;\"><span style=\"color: #000000;\"><strong><span style=\"text-decoration: underline;\">PANTALLA DE INFORMACION VIRUS W32\/SKA GENERADO POR HAPPY99.EXE<\/span><\/strong><\/span><\/p>\n<p style=\"text-align: justify;\"><span style=\"color: #000000;\">Un nuevo virus est\u00e1 proliferando a trav\u00e9s de INTERNET siendo causado por la ejecuci\u00f3n del fichero HAPPY99.EXE recibido por e-mail. Dicho virus progresa bajo Windows 9x, pero no bajo NT. \u00a0\u00a0<\/span><\/p>\n<p style=\"text-align: justify;\"><span style=\"color: #000000;\">La detecci\u00f3n del mismo se controla bajo la denominaci\u00f3n de virus W32\/SKA si bien debe tenerse en cuenta eliminar una serie de ficheros que crea anexos, adem\u00e1s de avisar a quienes sabemos que hemos enviado el virus. \u00a0 \u00a0 \u00a0 \u00a0 \u00a0 \u00a0 \u00a0 \u00a0 \u00a0 \u00a0 \u00a0 \u00a0 \u00a0 \u00a0 \u00a0 \u00a0 \u00a0 \u00a0\u00a0<\/span><\/p>\n<p style=\"text-align: justify;\"><span style=\"color: #000000;\">Este virus es el primer worm (gusano) de INTERNET. Su propagaci\u00f3n se realiza a trav\u00e9s de los envios de e-mail, en los que se envia dicho gusano. De esta forma la propagaci\u00f3n es en progresi\u00f3n geom\u00e9trica, pues un usuario es infectado e infecta a 100 nuevos, los cuales infectar\u00e1n cada uno a otros 100 y as\u00ed progresivamente.<\/span><\/p>\n<p style=\"text-align: justify;\"><span style=\"color: #000000;\">Por ello es MUY IMPORTANTE avisar a los usuarios que uno sabe que ha infectado, los cuales se relacionan en la lista mostrada, contenida en WINDOWS\\SYSTEM\\LISTE.SKA \u00a0 \u00a0 \u00a0 \u00a0 \u00a0 \u00a0 \u00a0 \u00a0 \u00a0 \u00a0 \u00a0 \u00a0 \u00a0\u00a0<\/span><\/p>\n<p style=\"text-align: justify;\"><span style=\"color: #000000;\">Desde la v3.2.1 y DATS 9902, VIRUSCAN detecta dicho virus y con nuestra utilidad ELISKA.EXE se elimina sin residuos.<\/span><\/p>\n","protected":false},"excerpt":{"rendered":"<p>PANTALLA DE INFORMACION VIRUS W32\/SKA GENERADO POR HAPPY99.EXE Un nuevo virus est\u00e1 proliferando a trav\u00e9s de INTERNET siendo causado por la ejecuci\u00f3n del fichero HAPPY99.EXE recibido por e-mail. Dicho virus progresa bajo Windows 9x, pero no bajo NT. \u00a0\u00a0 La detecci\u00f3n del mismo se controla bajo la denominaci\u00f3n de virus W32\/SKA si bien debe tenerse&nbsp;<a href=\"https:\/\/satinfo.es\/web-wp\/index.php\/descargas\/utilidades-de-satinfo\/e-k\/ver-detalles-eliska\/\" class=\"read-more\">Continue Reading<\/a><\/p>\n","protected":false},"author":41,"featured_media":0,"parent":702,"menu_order":0,"comment_status":"closed","ping_status":"open","template":"page-fullwidth.php","meta":{"_monsterinsights_skip_tracking":false,"_monsterinsights_sitenote_active":false,"_monsterinsights_sitenote_note":"","_monsterinsights_sitenote_category":0,"footnotes":""},"class_list":["post-1709","page","type-page","status-publish","hentry"],"aioseo_notices":[],"_links":{"self":[{"href":"https:\/\/satinfo.es\/web-wp\/index.php\/wp-json\/wp\/v2\/pages\/1709","targetHints":{"allow":["GET"]}}],"collection":[{"href":"https:\/\/satinfo.es\/web-wp\/index.php\/wp-json\/wp\/v2\/pages"}],"about":[{"href":"https:\/\/satinfo.es\/web-wp\/index.php\/wp-json\/wp\/v2\/types\/page"}],"author":[{"embeddable":true,"href":"https:\/\/satinfo.es\/web-wp\/index.php\/wp-json\/wp\/v2\/users\/41"}],"replies":[{"embeddable":true,"href":"https:\/\/satinfo.es\/web-wp\/index.php\/wp-json\/wp\/v2\/comments?post=1709"}],"version-history":[{"count":0,"href":"https:\/\/satinfo.es\/web-wp\/index.php\/wp-json\/wp\/v2\/pages\/1709\/revisions"}],"up":[{"embeddable":true,"href":"https:\/\/satinfo.es\/web-wp\/index.php\/wp-json\/wp\/v2\/pages\/702"}],"wp:attachment":[{"href":"https:\/\/satinfo.es\/web-wp\/index.php\/wp-json\/wp\/v2\/media?parent=1709"}],"curies":[{"name":"wp","href":"https:\/\/api.w.org\/{rel}","templated":true}]}}