

{"id":1705,"date":"2012-06-18T09:39:29","date_gmt":"2012-06-18T08:39:29","guid":{"rendered":"http:\/\/satinfo.es\/web-wp\/?page_id=1705"},"modified":"2012-06-18T09:39:29","modified_gmt":"2012-06-18T08:39:29","slug":"ver-detalles-eliqaz","status":"publish","type":"page","link":"https:\/\/satinfo.es\/web-wp\/index.php\/descargas\/utilidades-de-satinfo\/e-k\/ver-detalles-eliqaz\/","title":{"rendered":"Ver detalles EliQaz"},"content":{"rendered":"<p style=\"text-align: justify;\"><span style=\"color: #000000;\"><strong><span style=\"text-decoration: underline;\">PANTALLA DE AYUDA SOBRE ELIMINACION VIRUS TROYANO W32\/QAZ.WORM<\/span><\/strong><\/span><\/p>\n<p style=\"text-align: justify;\"><span style=\"color: #000000;\">El virus QAZ est\u00e1 controlado por VIRUSCAN desde DATS 4091. Como ya se indica en la descripci\u00f3n t\u00e9cnica de este virus, \u00e9ste hace las funciones de BACKDOOR (abre puerta trasera), por lo que es importante su eliminaci\u00f3n para evitar la entrada de hackers en los ordenadores. \u00a0 \u00a0 \u00a0 \u00a0 \u00a0 \u00a0 \u00a0 \u00a0 \u00a0 \u00a0 \u00a0 \u00a0 \u00a0 \u00a0 \u00a0 \u00a0 \u00a0 \u00a0 \u00a0 \u00a0 \u00a0<\/span><\/p>\n<p style=\"text-align: justify;\"><span style=\"color: #000000;\">Al modificar el registro de sistema y cambiar el NOTEPAD.EXE por un troyano que ejecuta al final el NOTE.COM, que es el nuevo nombre que ha puesto al NOTEPAD.EXE original, se debe anular la clave en cuesti\u00f3n del registro de sistema y volver a restaurar el NOTE.COM a NOTEPAD.EXE, sobreescribiendo el existente, que es troyano. \u00a0 \u00a0 \u00a0 \u00a0 \u00a0 \u00a0 \u00a0 \u00a0 \u00a0 \u00a0 \u00a0 \u00a0 \u00a0 \u00a0 \u00a0 \u00a0 \u00a0 \u00a0 \u00a0 \u00a0 \u00a0 \u00a0 \u00a0 \u00a0 \u00a0 \u00a0 \u00a0 \u00a0<\/span><\/p>\n<p style=\"text-align: justify;\"><span style=\"color: #000000;\">Al estar el troyano residente, Windows no permite que sea sobreescrito, por lo que primero eliminaremos la clave, y ser\u00e1 WININIT.INI quien se cuidar\u00e1 de terminar el proceso en el pr\u00f3ximo arranque. \u00a0 \u00a0 \u00a0 \u00a0 \u00a0 \u00a0 \u00a0 \u00a0 \u00a0 \u00a0 \u00a0 \u00a0 \u00a0 \u00a0 \u00a0 \u00a0 \u00a0 \u00a0 \u00a0 \u00a0 \u00a0 \u00a0 \u00a0 \u00a0 \u00a0 \u00a0 \u00a0<\/span><\/p>\n<p style=\"text-align: justify;\"><span style=\"color: #000000;\">Una vez detectado con el antivirus dicho virus, recomendamos ejecutar nuestra utilidad ELIQAZ.EXE, que har\u00e1 todo lo descrito, y a continuaci\u00f3n rearrancar WINDOWS.<\/span><\/p>\n","protected":false},"excerpt":{"rendered":"<p>PANTALLA DE AYUDA SOBRE ELIMINACION VIRUS TROYANO W32\/QAZ.WORM El virus QAZ est\u00e1 controlado por VIRUSCAN desde DATS 4091. Como ya se indica en la descripci\u00f3n t\u00e9cnica de este virus, \u00e9ste hace las funciones de BACKDOOR (abre puerta trasera), por lo que es importante su eliminaci\u00f3n para evitar la entrada de hackers en los ordenadores. \u00a0&nbsp;<a href=\"https:\/\/satinfo.es\/web-wp\/index.php\/descargas\/utilidades-de-satinfo\/e-k\/ver-detalles-eliqaz\/\" class=\"read-more\">Continue Reading<\/a><\/p>\n","protected":false},"author":41,"featured_media":0,"parent":702,"menu_order":0,"comment_status":"closed","ping_status":"open","template":"page-fullwidth.php","meta":{"_monsterinsights_skip_tracking":false,"_monsterinsights_sitenote_active":false,"_monsterinsights_sitenote_note":"","_monsterinsights_sitenote_category":0,"footnotes":""},"class_list":["post-1705","page","type-page","status-publish","hentry"],"aioseo_notices":[],"_links":{"self":[{"href":"https:\/\/satinfo.es\/web-wp\/index.php\/wp-json\/wp\/v2\/pages\/1705","targetHints":{"allow":["GET"]}}],"collection":[{"href":"https:\/\/satinfo.es\/web-wp\/index.php\/wp-json\/wp\/v2\/pages"}],"about":[{"href":"https:\/\/satinfo.es\/web-wp\/index.php\/wp-json\/wp\/v2\/types\/page"}],"author":[{"embeddable":true,"href":"https:\/\/satinfo.es\/web-wp\/index.php\/wp-json\/wp\/v2\/users\/41"}],"replies":[{"embeddable":true,"href":"https:\/\/satinfo.es\/web-wp\/index.php\/wp-json\/wp\/v2\/comments?post=1705"}],"version-history":[{"count":0,"href":"https:\/\/satinfo.es\/web-wp\/index.php\/wp-json\/wp\/v2\/pages\/1705\/revisions"}],"up":[{"embeddable":true,"href":"https:\/\/satinfo.es\/web-wp\/index.php\/wp-json\/wp\/v2\/pages\/702"}],"wp:attachment":[{"href":"https:\/\/satinfo.es\/web-wp\/index.php\/wp-json\/wp\/v2\/media?parent=1705"}],"curies":[{"name":"wp","href":"https:\/\/api.w.org\/{rel}","templated":true}]}}