

{"id":1702,"date":"2012-06-18T09:36:05","date_gmt":"2012-06-18T08:36:05","guid":{"rendered":"http:\/\/satinfo.es\/web-wp\/?page_id=1702"},"modified":"2012-06-18T09:36:05","modified_gmt":"2012-06-18T08:36:05","slug":"ver-detalles-eliproli","status":"publish","type":"page","link":"https:\/\/satinfo.es\/web-wp\/index.php\/descargas\/utilidades-de-satinfo\/e-k\/ver-detalles-eliproli\/","title":{"rendered":"Ver detalles Eliproli"},"content":{"rendered":"<p style=\"text-align: justify;\"><span style=\"color: #000000;\"><strong><span style=\"text-decoration: underline;\">PANTALLA DE INFORMACION Y AYUDA ELIMINACION VIRUS W32\/PROLIN@MM<\/span><\/strong><\/span><\/p>\n<p style=\"text-align: justify;\"><span style=\"color: #000000;\">Siendo el virus Prolin de difusi\u00f3n masiva a trav\u00e9s del env\u00edo de\u00a0\u00a0<\/span><\/p>\n<p style=\"text-align: justify;\"><span style=\"color: #000000;\">e-mails anexando fichero CREATIVE.EXE, a todas las direcciones de las libretas del Outlook, queda bastante limitada su actuaci\u00f3n en los ordenadores espa\u00f1oles por estar escrito en Visual Basic 6 y precisar algunas DLL que pocos usuarios de nuestro pais tienen.<\/span><\/p>\n<p style=\"text-align: justify;\"><span style=\"color: #000000;\">De todas formas, por las especiales caracter\u00edsticas de dicho virus y su manipulaci\u00f3n de nombres de ficheros ZIP, MP3 y JPG, adem\u00e1s de la reubicaci\u00f3n de los mismos al directorio principal, y la creaci\u00f3n de varios ficheros gusano con el nombre de CREATIVE en C:\\, en C:\\Windows\\temp, y en la carpeta de men\u00fa de inicio de Windows, y la generaci\u00f3n de fichero txt con la lista de los cambios de nombre y ubicaci\u00f3n original de los ficheros movidos, en MESSAGEFORU.TXT, hemos creado la utilidad ELIPROLI.EXE que leer\u00e1 dicho fichero y restablecer\u00e1, a su nombre original y a su sitio, los ficheros tocados por dicho virus. Para una posterior lectura del MESSAGEFORU.TXT, lo guardamos renombrado a MESSAGEFORU.LST<\/span><\/p>\n","protected":false},"excerpt":{"rendered":"<p>PANTALLA DE INFORMACION Y AYUDA ELIMINACION VIRUS W32\/PROLIN@MM Siendo el virus Prolin de difusi\u00f3n masiva a trav\u00e9s del env\u00edo de\u00a0\u00a0 e-mails anexando fichero CREATIVE.EXE, a todas las direcciones de las libretas del Outlook, queda bastante limitada su actuaci\u00f3n en los ordenadores espa\u00f1oles por estar escrito en Visual Basic 6 y precisar algunas DLL que pocos&nbsp;<a href=\"https:\/\/satinfo.es\/web-wp\/index.php\/descargas\/utilidades-de-satinfo\/e-k\/ver-detalles-eliproli\/\" class=\"read-more\">Continue Reading<\/a><\/p>\n","protected":false},"author":41,"featured_media":0,"parent":702,"menu_order":0,"comment_status":"closed","ping_status":"open","template":"page-fullwidth.php","meta":{"_monsterinsights_skip_tracking":false,"_monsterinsights_sitenote_active":false,"_monsterinsights_sitenote_note":"","_monsterinsights_sitenote_category":0,"footnotes":""},"class_list":["post-1702","page","type-page","status-publish","hentry"],"aioseo_notices":[],"_links":{"self":[{"href":"https:\/\/satinfo.es\/web-wp\/index.php\/wp-json\/wp\/v2\/pages\/1702","targetHints":{"allow":["GET"]}}],"collection":[{"href":"https:\/\/satinfo.es\/web-wp\/index.php\/wp-json\/wp\/v2\/pages"}],"about":[{"href":"https:\/\/satinfo.es\/web-wp\/index.php\/wp-json\/wp\/v2\/types\/page"}],"author":[{"embeddable":true,"href":"https:\/\/satinfo.es\/web-wp\/index.php\/wp-json\/wp\/v2\/users\/41"}],"replies":[{"embeddable":true,"href":"https:\/\/satinfo.es\/web-wp\/index.php\/wp-json\/wp\/v2\/comments?post=1702"}],"version-history":[{"count":0,"href":"https:\/\/satinfo.es\/web-wp\/index.php\/wp-json\/wp\/v2\/pages\/1702\/revisions"}],"up":[{"embeddable":true,"href":"https:\/\/satinfo.es\/web-wp\/index.php\/wp-json\/wp\/v2\/pages\/702"}],"wp:attachment":[{"href":"https:\/\/satinfo.es\/web-wp\/index.php\/wp-json\/wp\/v2\/media?parent=1702"}],"curies":[{"name":"wp","href":"https:\/\/api.w.org\/{rel}","templated":true}]}}