

{"id":1698,"date":"2012-06-18T09:21:47","date_gmt":"2012-06-18T08:21:47","guid":{"rendered":"http:\/\/satinfo.es\/web-wp\/?page_id=1698"},"modified":"2012-06-18T09:21:47","modified_gmt":"2012-06-18T08:21:47","slug":"ver-detalles-elipleh","status":"publish","type":"page","link":"https:\/\/satinfo.es\/web-wp\/index.php\/descargas\/utilidades-de-satinfo\/e-k\/ver-detalles-elipleh\/","title":{"rendered":"Ver detalles EliPleh"},"content":{"rendered":"<p style=\"text-align: justify;\"><span style=\"color: #000000;\"><strong><span style=\"text-decoration: underline;\">PANTALLA DE INFORMACION SOBRE VIRUS VBS\/PLEH Y ETILIDAD ELIPLEH<\/span><\/strong><\/span><\/p>\n<p style=\"text-align: justify;\"><span style=\"color: #000000;\">Desde la versi\u00f3n 4132 se detecta el virus VBS\/PLEH, de difusi\u00f3n masiva a las primeras 80 direcciones de la libreta del Outlook.\u00a0<\/span><\/p>\n<p style=\"text-align: justify;\"><span style=\"color: #000000;\">Tal y como se indica en el detalle de este virus, enviado por e-mail a todos los que est\u00e1n suscritos al Servicio de Informaci\u00f3n, y existente en nuestra web www.satinfo.es, Infovirus, Listas de Informaci\u00f3n enviadas por SATINFO, ficha PLEH.RTF, este virus sobrescribe ficheros AVI, DOC, EXE, HTM, MP2, MP3, MPEG y PWD, por lo que tras su activaci\u00f3n habr\u00e1 que reinstalar Windows 9x y los programas afectados, pero ANTES habr\u00e1 que borrar gusanos HELP.VBS y KERNEL.VBS, para lo que hemos creado la utilidad ELIPLEH.EXE, operativa incluso desde DOS, tras cuya ejecuci\u00f3n restaurar los ficheros sobrescritos, y finalmente comprobar con VIRUSCAN que no quedan restos v\u00edricos en ning\u00fan fichero de todos los equipos.\u00a0<\/span><\/p>\n<p style=\"text-align: justify;\"><span style=\"color: #000000;\">En el caso de NT, se precisar\u00e1 restaurar sistema con el disco de reparaci\u00f3n, y tras re-arrancar, ejecutar el ELIPLEH, para borrar gusanos y volver a restaurar con disco de reparaci\u00f3n, y finalmente comprobar con VIRUSCAN la total eliminaci\u00f3n del virus.<\/span><\/p>\n","protected":false},"excerpt":{"rendered":"<p>PANTALLA DE INFORMACION SOBRE VIRUS VBS\/PLEH Y ETILIDAD ELIPLEH Desde la versi\u00f3n 4132 se detecta el virus VBS\/PLEH, de difusi\u00f3n masiva a las primeras 80 direcciones de la libreta del Outlook.\u00a0 Tal y como se indica en el detalle de este virus, enviado por e-mail a todos los que est\u00e1n suscritos al Servicio de Informaci\u00f3n,&nbsp;<a href=\"https:\/\/satinfo.es\/web-wp\/index.php\/descargas\/utilidades-de-satinfo\/e-k\/ver-detalles-elipleh\/\" class=\"read-more\">Continue Reading<\/a><\/p>\n","protected":false},"author":41,"featured_media":0,"parent":702,"menu_order":0,"comment_status":"closed","ping_status":"open","template":"page-fullwidth.php","meta":{"_monsterinsights_skip_tracking":false,"_monsterinsights_sitenote_active":false,"_monsterinsights_sitenote_note":"","_monsterinsights_sitenote_category":0,"footnotes":""},"class_list":["post-1698","page","type-page","status-publish","hentry"],"aioseo_notices":[],"_links":{"self":[{"href":"https:\/\/satinfo.es\/web-wp\/index.php\/wp-json\/wp\/v2\/pages\/1698","targetHints":{"allow":["GET"]}}],"collection":[{"href":"https:\/\/satinfo.es\/web-wp\/index.php\/wp-json\/wp\/v2\/pages"}],"about":[{"href":"https:\/\/satinfo.es\/web-wp\/index.php\/wp-json\/wp\/v2\/types\/page"}],"author":[{"embeddable":true,"href":"https:\/\/satinfo.es\/web-wp\/index.php\/wp-json\/wp\/v2\/users\/41"}],"replies":[{"embeddable":true,"href":"https:\/\/satinfo.es\/web-wp\/index.php\/wp-json\/wp\/v2\/comments?post=1698"}],"version-history":[{"count":0,"href":"https:\/\/satinfo.es\/web-wp\/index.php\/wp-json\/wp\/v2\/pages\/1698\/revisions"}],"up":[{"embeddable":true,"href":"https:\/\/satinfo.es\/web-wp\/index.php\/wp-json\/wp\/v2\/pages\/702"}],"wp:attachment":[{"href":"https:\/\/satinfo.es\/web-wp\/index.php\/wp-json\/wp\/v2\/media?parent=1698"}],"curies":[{"name":"wp","href":"https:\/\/api.w.org\/{rel}","templated":true}]}}